{"id":4574,"date":"2024-05-15T05:38:29","date_gmt":"2024-05-15T05:38:29","guid":{"rendered":"http:\/\/localhost\/coolair\/?page_id=3"},"modified":"2025-04-25T13:39:37","modified_gmt":"2025-04-25T10:39:37","slug":"kvkk","status":"publish","type":"page","link":"https:\/\/gaiamekanik.com.tr\/en\/kvkk\/","title":{"rendered":"KVKK"},"content":{"rendered":"<div data-elementor-type=\"wp-page\" data-elementor-id=\"4574\" class=\"elementor elementor-4574\" data-elementor-post-type=\"page\">\n\t\t\t\t<div class=\"elementor-element elementor-element-592e8b77 e-flex e-con-boxed rt-default-class e-con e-parent\" data-id=\"592e8b77\" data-element_type=\"container\" data-e-type=\"container\">\n\t\t\t\t\t<div class=\"e-con-inner\">\n\t\t\t\t<div class=\"elementor-element elementor-element-6cec7596 rt-default-class elementor-widget elementor-widget-text-editor\" data-id=\"6cec7596\" data-element_type=\"widget\" data-e-type=\"widget\" data-widget_type=\"text-editor.default\">\n\t\t\t\t<div class=\"elementor-widget-container\">\n\t\t\t\t\t\t\t\t\t\n<p class=\"\" data-start=\"224\" data-end=\"281\"><strong data-start=\"224\" data-end=\"281\">K\u0130\u015e\u0130SEL VER\u0130LER\u0130N KORUNMASI HAKKINDA AYDINLATMA METN\u0130<\/strong><\/p>\n<p class=\"\" data-start=\"283\" data-end=\"559\">Bu ayd\u0131nlatma metni, 6698 say\u0131l\u0131 Ki\u015fisel Verilerin Korunmas\u0131 Kanunu (&#8220;KVKK&#8221;) kapsam\u0131nda, <strong data-start=\"372\" data-end=\"436\">GA\u0130A MEKAN\u0130K \u0130KL\u0130MLEND\u0130RME S\u0130STEMLER\u0130 SAN. ve T\u0130C. LTD. \u015eT\u0130.<\/strong> (&#8220;\u015eirket&#8221;) olarak, ki\u015fisel verilerinizin i\u015flenme usul ve esaslar\u0131 hakk\u0131nda sizleri bilgilendirmek amac\u0131yla haz\u0131rlanm\u0131\u015ft\u0131r.<\/p>\n<p class=\"\" data-start=\"561\" data-end=\"764\"><strong data-start=\"561\" data-end=\"582\">1. Veri Sorumlusu<\/strong> KVKK uyar\u0131nca, ki\u015fisel verileriniz; veri sorumlusu s\u0131fat\u0131yla a\u015fa\u011f\u0131da bilgileri yer alan <strong data-start=\"671\" data-end=\"735\">GA\u0130A MEKAN\u0130K \u0130KL\u0130MLEND\u0130RME S\u0130STEMLER\u0130 SAN. ve T\u0130C. LTD. \u015eT\u0130.<\/strong> taraf\u0131ndan i\u015flenebilecektir:<\/p>\n<p class=\"\" data-start=\"766\" data-end=\"960\"><strong data-start=\"766\" data-end=\"776\">Adres:<\/strong> Konaklar Mah. Mimoza Sok. Yeni Levent Bas\u0131n Sitesi LBL-B 1G D:9 Be\u015fikta\u015f, \u0130stanbul, T\u00dcRK\u0130YE<br data-start=\"868\" data-end=\"871\" \/><strong data-start=\"871\" data-end=\"883\">Telefon:<\/strong> +90 549 717 21 13 \/ +90 532 273 47 14<br data-start=\"921\" data-end=\"924\" \/><strong data-start=\"924\" data-end=\"936\">E-posta:<\/strong> <a rel=\"noopener\" data-start=\"937\" data-end=\"960\">info@gaiamekanik.com.tr<\/a><\/p>\n<p class=\"\" data-start=\"962\" data-end=\"1035\"><strong data-start=\"962\" data-end=\"1003\">2. Ki\u015fisel Verilerin \u0130\u015flenme Ama\u00e7lar\u0131<\/strong> Toplanan ki\u015fisel verileriniz;<\/p>\n<ul data-start=\"1036\" data-end=\"1663\">\n<li class=\"\" data-start=\"1036\" data-end=\"1138\">\n<p class=\"\" data-start=\"1038\" data-end=\"1138\">\u015eirketimiz taraf\u0131ndan sunulan iklimlendirme \u00fcr\u00fcn sat\u0131\u015f ve servis hizmetlerinin yerine getirilmesi,<\/p>\n<\/li>\n<li class=\"\" data-start=\"1139\" data-end=\"1412\">\n<p class=\"\" data-start=\"1141\" data-end=\"1412\">\u00dcr\u00fcn kategorilerimiz olan fanlar, \u0131s\u0131 geri kazan\u0131m cihazlar\u0131\/\u00fcniteleri, mutfak ekoloji \u00fcniteleri, klima santralleri, elektrikli \u0131s\u0131t\u0131c\u0131lar, hava perdeleri, flexible hava kanallar\u0131, VAV &amp; CAV \u00fcniteleri, yang\u0131n &amp; duman damperleri ve susturucular hakk\u0131nda bilgi verilmesi,<\/p>\n<\/li>\n<li class=\"\" data-start=\"1413\" data-end=\"1477\">\n<p class=\"\" data-start=\"1415\" data-end=\"1477\">M\u00fc\u015fteri taleplerinin kar\u015f\u0131lanmas\u0131 ve tekliflerin iletilmesi,<\/p>\n<\/li>\n<li class=\"\" data-start=\"1478\" data-end=\"1550\">\n<p class=\"\" data-start=\"1480\" data-end=\"1550\">Hizmet kalitesinin art\u0131r\u0131lmas\u0131 ve m\u00fc\u015fteri memnuniyetinin sa\u011flanmas\u0131,<\/p>\n<\/li>\n<li class=\"\" data-start=\"1551\" data-end=\"1663\">\n<p class=\"\" data-start=\"1553\" data-end=\"1663\">\u0130leti\u015fim faaliyetlerinin y\u00fcr\u00fct\u00fclmesi ve bilgi g\u00fcvenli\u011fi s\u00fcre\u00e7lerinin y\u00f6netilmesi,<br data-start=\"1634\" data-end=\"1637\" \/>ama\u00e7lar\u0131yla i\u015flenmektedir.<\/p>\n<\/li>\n<\/ul>\n<p class=\"\" data-start=\"1665\" data-end=\"1797\"><strong data-start=\"1665\" data-end=\"1695\">3. \u0130\u015flenen Ki\u015fisel Veriler<\/strong> \u015eirketimiz ile ileti\u015fime ge\u00e7ti\u011finizde taraf\u0131m\u0131za iletti\u011finiz a\u015fa\u011f\u0131daki ki\u015fisel veriler i\u015flenebilir:<\/p>\n<ul data-start=\"1798\" data-end=\"2025\">\n<li class=\"\" data-start=\"1798\" data-end=\"1877\">\n<p class=\"\" data-start=\"1800\" data-end=\"1877\">Kimlik ve ileti\u015fim bilgileri (ad, soyad, e-posta adresi, telefon numaras\u0131),<\/p>\n<\/li>\n<li class=\"\" data-start=\"1878\" data-end=\"1909\">\n<p class=\"\" data-start=\"1880\" data-end=\"1909\">Talep ve \u015fik\u00e2yet bilgileri,<\/p>\n<\/li>\n<li class=\"\" data-start=\"1910\" data-end=\"2025\">\n<p class=\"\" data-start=\"1912\" data-end=\"2025\">Elektronik posta, web sitesi ileti\u015fim formlar\u0131 veya telefon g\u00f6r\u00fc\u015fmeleri arac\u0131l\u0131\u011f\u0131yla sa\u011flad\u0131\u011f\u0131n\u0131z di\u011fer bilgiler.<\/p>\n<\/li>\n<\/ul>\n<p class=\"\" data-start=\"2027\" data-end=\"2389\"><strong data-start=\"2027\" data-end=\"2060\">4. Ki\u015fisel Verilerin Aktar\u0131m\u0131<\/strong> Ki\u015fisel verileriniz, yukar\u0131da belirtilen ama\u00e7lar do\u011frultusunda; yasal y\u00fck\u00fcml\u00fcl\u00fcklerimizin yerine getirilmesi amac\u0131yla yetkili kamu kurum ve kurulu\u015flar\u0131 ile s\u0131n\u0131rl\u0131 olmak \u00fczere payla\u015f\u0131labilir. Ayr\u0131ca hizmet ald\u0131\u011f\u0131m\u0131z i\u015f ortaklar\u0131 ve tedarik\u00e7ilerle, yaln\u0131zca ilgili hizmetlerin sunulmas\u0131 i\u00e7in gerekli oldu\u011fu \u00f6l\u00e7\u00fcde payla\u015f\u0131labilir.<\/p>\n<p class=\"\" data-start=\"2391\" data-end=\"2680\"><strong data-start=\"2391\" data-end=\"2446\">5. Ki\u015fisel Veri Toplaman\u0131n Y\u00f6ntemi ve Hukuki Sebebi<\/strong> Ki\u015fisel verileriniz; web sitemiz, e-posta, telefon g\u00f6r\u00fc\u015fmeleri, ileti\u015fim formlar\u0131 ve benzeri yollarla elektronik ortamda toplanmaktad\u0131r. Verileriniz, KVKK\u2019n\u0131n 5. ve 6. maddelerinde belirtilen hukuki sebeplere dayanarak i\u015flenmektedir.<\/p>\n<p class=\"\" data-start=\"2682\" data-end=\"2817\"><strong data-start=\"2682\" data-end=\"2718\">6. Veri Sahibi Olarak Haklar\u0131n\u0131z<\/strong> KVKK&#8217;n\u0131n 11. maddesi uyar\u0131nca, ki\u015fisel verilerinizle ilgili olarak a\u015fa\u011f\u0131daki haklara sahipsiniz:<\/p>\n<ul data-start=\"2818\" data-end=\"3528\">\n<li class=\"\" data-start=\"2818\" data-end=\"2874\">\n<p class=\"\" data-start=\"2820\" data-end=\"2874\">Ki\u015fisel verilerinizin i\u015flenip i\u015flenmedi\u011fini \u00f6\u011frenme,<\/p>\n<\/li>\n<li class=\"\" data-start=\"2875\" data-end=\"2920\">\n<p class=\"\" data-start=\"2877\" data-end=\"2920\">\u0130\u015flenmi\u015fse buna ili\u015fkin bilgi talep etme,<\/p>\n<\/li>\n<li class=\"\" data-start=\"2921\" data-end=\"2994\">\n<p class=\"\" data-start=\"2923\" data-end=\"2994\">\u0130\u015flenme amac\u0131n\u0131 ve amac\u0131na uygun kullan\u0131l\u0131p kullan\u0131lmad\u0131\u011f\u0131n\u0131 \u00f6\u011frenme,<\/p>\n<\/li>\n<li class=\"\" data-start=\"2995\" data-end=\"3063\">\n<p class=\"\" data-start=\"2997\" data-end=\"3063\">Yurt i\u00e7inde veya yurt d\u0131\u015f\u0131nda aktar\u0131ld\u0131\u011f\u0131 \u00fc\u00e7\u00fcnc\u00fc ki\u015fileri bilme,<\/p>\n<\/li>\n<li class=\"\" data-start=\"3064\" data-end=\"3119\">\n<p class=\"\" data-start=\"3066\" data-end=\"3119\">Eksik veya yanl\u0131\u015f i\u015flenmi\u015fse d\u00fczeltilmesini isteme,<\/p>\n<\/li>\n<li class=\"\" data-start=\"3120\" data-end=\"3209\">\n<p class=\"\" data-start=\"3122\" data-end=\"3209\">Kanun\u2019a uygun olarak i\u015flenmi\u015f olmas\u0131na ra\u011fmen silinmesini veya yok edilmesini isteme,<\/p>\n<\/li>\n<li class=\"\" data-start=\"3210\" data-end=\"3283\">\n<p class=\"\" data-start=\"3212\" data-end=\"3283\">Aktar\u0131ld\u0131\u011f\u0131 \u00fc\u00e7\u00fcnc\u00fc ki\u015filere yap\u0131lan i\u015flemlerin bildirilmesini isteme,<\/p>\n<\/li>\n<li class=\"\" data-start=\"3284\" data-end=\"3426\">\n<p class=\"\" data-start=\"3286\" data-end=\"3426\">\u0130\u015flenen verilerin m\u00fcnhas\u0131ran otomatik sistemler vas\u0131tas\u0131yla analiz edilmesi suretiyle aleyhinize bir sonucun ortaya \u00e7\u0131kmas\u0131na itiraz etme,<\/p>\n<\/li>\n<li class=\"\" data-start=\"3427\" data-end=\"3528\">\n<p class=\"\" data-start=\"3429\" data-end=\"3528\">Kanuna ayk\u0131r\u0131 olarak i\u015flenmesi sebebiyle zarara u\u011framan\u0131z h\u00e2linde zarar\u0131n giderilmesini talep etme.<\/p>\n<\/li>\n<\/ul>\n<p class=\"\" data-start=\"3530\" data-end=\"3846\">Yukar\u0131da belirtilen haklar\u0131n\u0131za ili\u015fkin taleplerinizi, <a rel=\"noopener\" data-start=\"3585\" data-end=\"3642\">info@gaiamekanik.com.tr<\/a> adresine iletebilir veya yaz\u0131l\u0131 olarak \u015firket adresimize ba\u015fvuruda bulunabilirsiniz. Talepleriniz, KVKK kapsam\u0131nda en k\u0131sa s\u00fcrede ve en ge\u00e7 30 g\u00fcn i\u00e7inde de\u011ferlendirilerek taraf\u0131n\u0131za d\u00f6n\u00fc\u015f sa\u011flanacakt\u0131r.<\/p>\t\t\t\t\t\t\t\t<\/div>\n\t\t\t\t<\/div>\n\t\t\t\t\t<\/div>\n\t\t\t\t<\/div>\n\t\t\t\t<\/div>","protected":false},"excerpt":{"rendered":"<p>K\u0130\u015e\u0130SEL VER\u0130LER\u0130N KORUNMASI HAKKINDA AYDINLATMA METN\u0130 Bu ayd\u0131nlatma metni, 6698 say\u0131l\u0131 Ki\u015fisel Verilerin Korunmas\u0131 Kanunu (&#8220;KVKK&#8221;) kapsam\u0131nda, GA\u0130A MEKAN\u0130K \u0130KL\u0130MLEND\u0130RME S\u0130STEMLER\u0130 SAN. ve T\u0130C. LTD. \u015eT\u0130. (&#8220;\u015eirket&#8221;) olarak, ki\u015fisel verilerinizin i\u015flenme usul ve esaslar\u0131 hakk\u0131nda sizleri bilgilendirmek amac\u0131yla haz\u0131rlanm\u0131\u015ft\u0131r. 1. Veri Sorumlusu KVKK uyar\u0131nca, ki\u015fisel verileriniz; veri sorumlusu s\u0131fat\u0131yla a\u015fa\u011f\u0131da bilgileri yer alan GA\u0130A MEKAN\u0130K&#8230;<\/p>","protected":false},"author":1,"featured_media":0,"parent":0,"menu_order":0,"comment_status":"closed","ping_status":"open","template":"","meta":{"_acf_changed":false,"_monsterinsights_skip_tracking":false,"_monsterinsights_sitenote_active":false,"_monsterinsights_sitenote_note":"","_monsterinsights_sitenote_category":0,"footnotes":""},"class_list":["post-4574","page","type-page","status-publish","hentry"],"acf":[],"aioseo_notices":[],"_links":{"self":[{"href":"https:\/\/gaiamekanik.com.tr\/en\/wp-json\/wp\/v2\/pages\/4574","targetHints":{"allow":["GET"]}}],"collection":[{"href":"https:\/\/gaiamekanik.com.tr\/en\/wp-json\/wp\/v2\/pages"}],"about":[{"href":"https:\/\/gaiamekanik.com.tr\/en\/wp-json\/wp\/v2\/types\/page"}],"author":[{"embeddable":true,"href":"https:\/\/gaiamekanik.com.tr\/en\/wp-json\/wp\/v2\/users\/1"}],"replies":[{"embeddable":true,"href":"https:\/\/gaiamekanik.com.tr\/en\/wp-json\/wp\/v2\/comments?post=4574"}],"version-history":[{"count":4,"href":"https:\/\/gaiamekanik.com.tr\/en\/wp-json\/wp\/v2\/pages\/4574\/revisions"}],"predecessor-version":[{"id":4795,"href":"https:\/\/gaiamekanik.com.tr\/en\/wp-json\/wp\/v2\/pages\/4574\/revisions\/4795"}],"wp:attachment":[{"href":"https:\/\/gaiamekanik.com.tr\/en\/wp-json\/wp\/v2\/media?parent=4574"}],"curies":[{"name":"wp","href":"https:\/\/api.w.org\/{rel}","templated":true}]}}