{"id":5547,"date":"2025-10-08T11:41:20","date_gmt":"2025-10-08T08:41:20","guid":{"rendered":"https:\/\/gaiamekanik.com.tr\/?page_id=5547"},"modified":"2025-12-11T13:14:09","modified_gmt":"2025-12-11T10:14:09","slug":"urunler","status":"publish","type":"page","link":"https:\/\/gaiamekanik.com.tr\/en\/urunler\/","title":{"rendered":"All Products"},"content":{"rendered":"<div data-elementor-type=\"wp-page\" data-elementor-id=\"5547\" class=\"elementor elementor-5547\" data-elementor-post-type=\"page\">\n\t\t\t\t<div class=\"elementor-element elementor-element-d528972 e-flex e-con-boxed rt-default-class e-con e-parent\" data-id=\"d528972\" data-element_type=\"container\" data-e-type=\"container\">\n\t\t\t\t\t<div class=\"e-con-inner\">\n\t\t\t\t<div class=\"elementor-element elementor-element-ef685c1 elementor-widget__width-initial rt-default-class elementor-widget elementor-widget-react-heading\" data-id=\"ef685c1\" data-element_type=\"widget\" data-e-type=\"widget\" data-widget_type=\"react-heading.default\">\n\t\t\t\t<div class=\"elementor-widget-container\">\n\t\t\t\t\t\t\t<div class=\"animation-wow fadeInUp react-heading default\">\n\t\t\t<div class=\"title-inner\">\n\t\t\t\t<div class=\"wow fadeInUp\"><h2 class=\"title word-line\">All Products<\/h2><\/div>\t\t\t<\/div>\n\t\t\t\n\t\t\t\t\t\t\t\t<\/div>\t\t\t\n\t\t\t\t\t<\/div>\n\t\t\t\t<\/div>\n\t\t\t\t<div class=\"elementor-element elementor-element-bfa9c6a elementor-grid-3 elementor-product-loop-item--align-center elementor-widget__width-inherit elementor-grid-tablet-3 elementor-grid-mobile-2 elementor-products-grid elementor-wc-products rt-default-class elementor-widget elementor-widget-wc-categories\" data-id=\"bfa9c6a\" data-element_type=\"widget\" data-e-type=\"widget\" data-widget_type=\"wc-categories.default\">\n\t\t\t\t<div class=\"elementor-widget-container\">\n\t\t\t\t\t<div class=\"woocommerce columns-3\"><ul class=\"products elementor-grid columns-3\">\n<li class=\"product-category product first\">\n\t<a aria-label=\"Visit product category FANLAR\" href=\"https:\/\/gaiamekanik.com.tr\/en\/product-category\/fanlar\/\" data-no-translation-aria-label=\"\"><img decoding=\"async\" src=\"https:\/\/gaiamekanik.com.tr\/wp-content\/uploads\/2025\/10\/venco-af-vax-big-1-300x293.jpg\" alt=\"FANLAR\" width=\"300\" height=\"\" srcset=\"https:\/\/gaiamekanik.com.tr\/wp-content\/uploads\/2025\/10\/venco-af-vax-big-1-300x293.jpg 300w, https:\/\/gaiamekanik.com.tr\/wp-content\/uploads\/2025\/10\/venco-af-vax-big-1-600x586.jpg 600w, https:\/\/gaiamekanik.com.tr\/wp-content\/uploads\/2025\/10\/venco-af-vax-big-1-768x750.jpg 768w, https:\/\/gaiamekanik.com.tr\/wp-content\/uploads\/2025\/10\/venco-af-vax-big-1.jpg 1024w\" sizes=\"(max-width: 300px) 100vw, 300px\" \/>\t\t<h2 class=\"woocommerce-loop-category__title\">\n\t\t\tFANS <mark class=\"count\">(36)<\/mark>\t\t<\/h2>\n\t\t<\/a><\/li>\n<li class=\"product-category product\">\n\t<a aria-label=\"Visit product category ISI GER\u0130 KAZANIM C\u0130HAZLARI \/ \u00dcN\u0130TELER\u0130\" href=\"https:\/\/gaiamekanik.com.tr\/en\/product-category\/isi-geri-kazanim-cihazlari-uniteleri\/\" data-no-translation-aria-label=\"\"><img decoding=\"async\" src=\"https:\/\/gaiamekanik.com.tr\/wp-content\/uploads\/2025\/04\/SEC-standart-elektrikli-kumanda-300x293.jpg\" alt=\"ISI GER\u0130 KAZANIM C\u0130HAZLARI \/ \u00dcN\u0130TELER\u0130\" width=\"300\" height=\"\" srcset=\"https:\/\/gaiamekanik.com.tr\/wp-content\/uploads\/2025\/04\/SEC-standart-elektrikli-kumanda-300x293.jpg 300w, https:\/\/gaiamekanik.com.tr\/wp-content\/uploads\/2025\/04\/SEC-standart-elektrikli-kumanda-600x586.jpg 600w, https:\/\/gaiamekanik.com.tr\/wp-content\/uploads\/2025\/04\/SEC-standart-elektrikli-kumanda-768x750.jpg 768w, https:\/\/gaiamekanik.com.tr\/wp-content\/uploads\/2025\/04\/SEC-standart-elektrikli-kumanda.jpg 1024w\" sizes=\"(max-width: 300px) 100vw, 300px\" \/>\t\t<h2 class=\"woocommerce-loop-category__title\">\n\t\t\tHEAT RECOVERY UNITS <mark class=\"count\">(6)<\/mark>\t\t<\/h2>\n\t\t<\/a><\/li>\n<li class=\"product-category product last\">\n\t<a aria-label=\"Visit product category OTOPARK JET FAN S\u0130STEMLER\u0130\" href=\"https:\/\/gaiamekanik.com.tr\/en\/product-category\/fanlar\/otopark-jet-fan-sistemleri\/\" data-no-translation-aria-label=\"\"><img decoding=\"async\" src=\"https:\/\/gaiamekanik.com.tr\/wp-content\/uploads\/2025\/04\/venco-def-vax-radyal-big-f300-2020-1-kopya-300x293.jpg\" alt=\"OTOPARK JET FAN S\u0130STEMLER\u0130\" width=\"300\" height=\"\" srcset=\"https:\/\/gaiamekanik.com.tr\/wp-content\/uploads\/2025\/04\/venco-def-vax-radyal-big-f300-2020-1-kopya-300x293.jpg 300w, https:\/\/gaiamekanik.com.tr\/wp-content\/uploads\/2025\/04\/venco-def-vax-radyal-big-f300-2020-1-kopya-600x586.jpg 600w, https:\/\/gaiamekanik.com.tr\/wp-content\/uploads\/2025\/04\/venco-def-vax-radyal-big-f300-2020-1-kopya-768x750.jpg 768w, https:\/\/gaiamekanik.com.tr\/wp-content\/uploads\/2025\/04\/venco-def-vax-radyal-big-f300-2020-1-kopya.jpg 1024w\" sizes=\"(max-width: 300px) 100vw, 300px\" \/>\t\t<h2 class=\"woocommerce-loop-category__title\">\n\t\t\tJET FAN SYSTEMS <mark class=\"count\">(3)<\/mark>\t\t<\/h2>\n\t\t<\/a><\/li>\n<li class=\"product-category product first\">\n\t<a aria-label=\"Visit product category KL\u0130MA SANTRALLER\u0130\" href=\"https:\/\/gaiamekanik.com.tr\/en\/product-category\/klima-santralleri\/\" data-no-translation-aria-label=\"\"><img decoding=\"async\" src=\"https:\/\/gaiamekanik.com.tr\/wp-content\/uploads\/2025\/06\/venco-sipil-serisi-klima-santralleri-air-handling-units-3-300x150.jpg\" alt=\"KL\u0130MA SANTRALLER\u0130\" width=\"300\" height=\"\" srcset=\"https:\/\/gaiamekanik.com.tr\/wp-content\/uploads\/2025\/06\/venco-sipil-serisi-klima-santralleri-air-handling-units-3-300x150.jpg 300w, https:\/\/gaiamekanik.com.tr\/wp-content\/uploads\/2025\/06\/venco-sipil-serisi-klima-santralleri-air-handling-units-3-600x300.jpg 600w, https:\/\/gaiamekanik.com.tr\/wp-content\/uploads\/2025\/06\/venco-sipil-serisi-klima-santralleri-air-handling-units-3-1024x512.jpg 1024w, https:\/\/gaiamekanik.com.tr\/wp-content\/uploads\/2025\/06\/venco-sipil-serisi-klima-santralleri-air-handling-units-3-768x384.jpg 768w, https:\/\/gaiamekanik.com.tr\/wp-content\/uploads\/2025\/06\/venco-sipil-serisi-klima-santralleri-air-handling-units-3-1536x768.jpg 1536w, https:\/\/gaiamekanik.com.tr\/wp-content\/uploads\/2025\/06\/venco-sipil-serisi-klima-santralleri-air-handling-units-3.jpg 2000w\" sizes=\"(max-width: 300px) 100vw, 300px\" \/>\t\t<h2 class=\"woocommerce-loop-category__title\">\n\t\t\tKL\u0130MA SANTRALLER\u0130 <mark class=\"count\">(4)<\/mark>\t\t<\/h2>\n\t\t<\/a><\/li>\n<li class=\"product-category product\">\n\t<a aria-label=\"Visit product category CHILLER &amp; FANCOIL \u00dcN\u0130TELER\u0130\" href=\"https:\/\/gaiamekanik.com.tr\/en\/product-category\/chiller-fancoil-uniteleri\/\" data-no-translation-aria-label=\"\"><img decoding=\"async\" src=\"https:\/\/gaiamekanik.com.tr\/wp-content\/uploads\/2025\/10\/Fancoil-a4-300x177.jpeg\" alt=\"CHILLER &amp; FANCOIL \u00dcN\u0130TELER\u0130\" width=\"300\" height=\"\" srcset=\"https:\/\/gaiamekanik.com.tr\/wp-content\/uploads\/2025\/10\/Fancoil-a4-300x177.jpeg 300w, https:\/\/gaiamekanik.com.tr\/wp-content\/uploads\/2025\/10\/Fancoil-a4-600x355.jpeg 600w, https:\/\/gaiamekanik.com.tr\/wp-content\/uploads\/2025\/10\/Fancoil-a4-768x454.jpeg 768w, https:\/\/gaiamekanik.com.tr\/wp-content\/uploads\/2025\/10\/Fancoil-a4.jpeg 820w\" sizes=\"(max-width: 300px) 100vw, 300px\" \/>\t\t<h2 class=\"woocommerce-loop-category__title\">\n\t\t\tCHILLER &amp; FAN COIL UNITS <mark class=\"count\">(2)<\/mark>\t\t<\/h2>\n\t\t<\/a><\/li>\n<li class=\"product-category product last\">\n\t<a aria-label=\"Visit product category ROOF TOP \u00dcN\u0130TELER\u0130\" href=\"https:\/\/gaiamekanik.com.tr\/en\/product-category\/roof-top-uniteleri\/\" data-no-translation-aria-label=\"\"><img decoding=\"async\" src=\"https:\/\/gaiamekanik.com.tr\/wp-content\/uploads\/2025\/08\/cati-tipi-paket-klima-01-300x210.png\" alt=\"ROOF TOP \u00dcN\u0130TELER\u0130\" width=\"300\" height=\"\" srcset=\"https:\/\/gaiamekanik.com.tr\/wp-content\/uploads\/2025\/08\/cati-tipi-paket-klima-01-300x210.png 300w, https:\/\/gaiamekanik.com.tr\/wp-content\/uploads\/2025\/08\/cati-tipi-paket-klima-01-600x420.png 600w, https:\/\/gaiamekanik.com.tr\/wp-content\/uploads\/2025\/08\/cati-tipi-paket-klima-01-768x537.png 768w, https:\/\/gaiamekanik.com.tr\/wp-content\/uploads\/2025\/08\/cati-tipi-paket-klima-01.png 999w\" sizes=\"(max-width: 300px) 100vw, 300px\" \/>\t\t<h2 class=\"woocommerce-loop-category__title\">\n\t\t\tROOFTOP UNITS <mark class=\"count\">(1)<\/mark>\t\t<\/h2>\n\t\t<\/a><\/li>\n<li class=\"product-category product first\">\n\t<a aria-label=\"Visit product category VRF \/ VRV S\u0130STEMLER\u0130\" href=\"https:\/\/gaiamekanik.com.tr\/en\/product-category\/vrf-vrv-sistemleri\/\" data-no-translation-aria-label=\"\"><img decoding=\"async\" src=\"https:\/\/gaiamekanik.com.tr\/wp-content\/uploads\/2025\/12\/82-300x300.jpg\" alt=\"VRF \/ VRV S\u0130STEMLER\u0130\" width=\"300\" height=\"\" srcset=\"https:\/\/gaiamekanik.com.tr\/wp-content\/uploads\/2025\/12\/82-300x300.jpg 300w, https:\/\/gaiamekanik.com.tr\/wp-content\/uploads\/2025\/12\/82-150x150.jpg 150w, https:\/\/gaiamekanik.com.tr\/wp-content\/uploads\/2025\/12\/82-768x768.jpg 768w, https:\/\/gaiamekanik.com.tr\/wp-content\/uploads\/2025\/12\/82-12x12.jpg 12w, https:\/\/gaiamekanik.com.tr\/wp-content\/uploads\/2025\/12\/82-87x87.jpg 87w, https:\/\/gaiamekanik.com.tr\/wp-content\/uploads\/2025\/12\/82-600x600.jpg 600w, https:\/\/gaiamekanik.com.tr\/wp-content\/uploads\/2025\/12\/82-100x100.jpg 100w, https:\/\/gaiamekanik.com.tr\/wp-content\/uploads\/2025\/12\/82.jpg 1024w\" sizes=\"(max-width: 300px) 100vw, 300px\" \/>\t\t<h2 class=\"woocommerce-loop-category__title\">\n\t\t\tVRF \/ VRV SYSTEMS <mark class=\"count\">(9)<\/mark>\t\t<\/h2>\n\t\t<\/a><\/li>\n<li class=\"product-category product\">\n\t<a aria-label=\"Visit product category MUTFAK DAVLUMBAZ EKOLOJ\u0130 \u00dcN\u0130TELER\u0130\" href=\"https:\/\/gaiamekanik.com.tr\/en\/product-category\/mutfak-davlumbaz-ekoloji-uniteleri\/\" data-no-translation-aria-label=\"\"><img decoding=\"async\" src=\"https:\/\/gaiamekanik.com.tr\/wp-content\/uploads\/2025\/10\/despel-ecology-unit-kopya-300x169.jpg\" alt=\"MUTFAK DAVLUMBAZ EKOLOJ\u0130 \u00dcN\u0130TELER\u0130\" width=\"300\" height=\"\" srcset=\"https:\/\/gaiamekanik.com.tr\/wp-content\/uploads\/2025\/10\/despel-ecology-unit-kopya-300x169.jpg 300w, https:\/\/gaiamekanik.com.tr\/wp-content\/uploads\/2025\/10\/despel-ecology-unit-kopya-600x337.jpg 600w, https:\/\/gaiamekanik.com.tr\/wp-content\/uploads\/2025\/10\/despel-ecology-unit-kopya-1024x575.jpg 1024w, https:\/\/gaiamekanik.com.tr\/wp-content\/uploads\/2025\/10\/despel-ecology-unit-kopya-768x432.jpg 768w, https:\/\/gaiamekanik.com.tr\/wp-content\/uploads\/2025\/10\/despel-ecology-unit-kopya-1536x863.jpg 1536w, https:\/\/gaiamekanik.com.tr\/wp-content\/uploads\/2025\/10\/despel-ecology-unit-kopya.jpg 1920w\" sizes=\"(max-width: 300px) 100vw, 300px\" \/>\t\t<h2 class=\"woocommerce-loop-category__title\">\n\t\t\tKITCHEN ECOLOGY UNITS <mark class=\"count\">(1)<\/mark>\t\t<\/h2>\n\t\t<\/a><\/li>\n<li class=\"product-category product last\">\n\t<a aria-label=\"Visit product category ELEKTR\u0130KL\u0130 ISITICILAR &amp; HAVA APAREYLER\u0130\" href=\"https:\/\/gaiamekanik.com.tr\/en\/product-category\/elektrikli-isiticilar-hava-apareyleri\/\" data-no-translation-aria-label=\"\"><img decoding=\"async\" src=\"https:\/\/gaiamekanik.com.tr\/wp-content\/uploads\/2025\/04\/VRE-300x293.jpg\" alt=\"ELEKTR\u0130KL\u0130 ISITICILAR &amp; HAVA APAREYLER\u0130\" width=\"300\" height=\"\" srcset=\"https:\/\/gaiamekanik.com.tr\/wp-content\/uploads\/2025\/04\/VRE-300x293.jpg 300w, https:\/\/gaiamekanik.com.tr\/wp-content\/uploads\/2025\/04\/VRE-600x586.jpg 600w, https:\/\/gaiamekanik.com.tr\/wp-content\/uploads\/2025\/04\/VRE-768x750.jpg 768w, https:\/\/gaiamekanik.com.tr\/wp-content\/uploads\/2025\/04\/VRE.jpg 1024w\" sizes=\"(max-width: 300px) 100vw, 300px\" \/>\t\t<h2 class=\"woocommerce-loop-category__title\">\n\t\t\tELECTRICAL HEATERS &amp; FAN HEATERS <mark class=\"count\">(2)<\/mark>\t\t<\/h2>\n\t\t<\/a><\/li>\n<li class=\"product-category product first\">\n\t<a aria-label=\"Visit product category HAVA PERDELER\u0130\" href=\"https:\/\/gaiamekanik.com.tr\/en\/product-category\/hava-perdeleri\/\" data-no-translation-aria-label=\"\"><img decoding=\"async\" src=\"https:\/\/gaiamekanik.com.tr\/wp-content\/uploads\/2025\/10\/despel-ecology-unit-kopya-1-300x169.jpg\" alt=\"HAVA PERDELER\u0130\" width=\"300\" height=\"\" srcset=\"https:\/\/gaiamekanik.com.tr\/wp-content\/uploads\/2025\/10\/despel-ecology-unit-kopya-1-300x169.jpg 300w, https:\/\/gaiamekanik.com.tr\/wp-content\/uploads\/2025\/10\/despel-ecology-unit-kopya-1-600x337.jpg 600w, https:\/\/gaiamekanik.com.tr\/wp-content\/uploads\/2025\/10\/despel-ecology-unit-kopya-1-1024x575.jpg 1024w, https:\/\/gaiamekanik.com.tr\/wp-content\/uploads\/2025\/10\/despel-ecology-unit-kopya-1-768x432.jpg 768w, https:\/\/gaiamekanik.com.tr\/wp-content\/uploads\/2025\/10\/despel-ecology-unit-kopya-1-1536x863.jpg 1536w, https:\/\/gaiamekanik.com.tr\/wp-content\/uploads\/2025\/10\/despel-ecology-unit-kopya-1.jpg 1920w\" sizes=\"(max-width: 300px) 100vw, 300px\" \/>\t\t<h2 class=\"woocommerce-loop-category__title\">\n\t\t\tAIR CURTAINS <mark class=\"count\">(4)<\/mark>\t\t<\/h2>\n\t\t<\/a><\/li>\n<li class=\"product-category product\">\n\t<a aria-label=\"Visit product category VAV &amp; CAV \u00dcN\u0130TELER\u0130 YANGIN &amp; DUMAN DAMPERLER\u0130\" href=\"https:\/\/gaiamekanik.com.tr\/en\/product-category\/vav-cav-uniteleri-yangin-duman-damperleri\/\" data-no-translation-aria-label=\"\"><img decoding=\"async\" src=\"https:\/\/gaiamekanik.com.tr\/wp-content\/uploads\/2025\/10\/RPM-V-1-kopya-300x166.jpg\" alt=\"VAV &amp; CAV \u00dcN\u0130TELER\u0130 YANGIN &amp; DUMAN DAMPERLER\u0130\" width=\"300\" height=\"\" srcset=\"https:\/\/gaiamekanik.com.tr\/wp-content\/uploads\/2025\/10\/RPM-V-1-kopya-300x166.jpg 300w, https:\/\/gaiamekanik.com.tr\/wp-content\/uploads\/2025\/10\/RPM-V-1-kopya-600x333.jpg 600w, https:\/\/gaiamekanik.com.tr\/wp-content\/uploads\/2025\/10\/RPM-V-1-kopya.jpg 640w\" sizes=\"(max-width: 300px) 100vw, 300px\" \/>\t\t<h2 class=\"woocommerce-loop-category__title\">\n\t\t\tVAV &amp; CAV UNITS FIRE &amp; SMOKE DAMPERS <mark class=\"count\">(4)<\/mark>\t\t<\/h2>\n\t\t<\/a><\/li>\n<li class=\"product-category product last\">\n\t<a aria-label=\"Visit product category FREKANS \u0130NVERT\u00d6RLER\u0130\" href=\"https:\/\/gaiamekanik.com.tr\/en\/product-category\/frekans-invertorleri\/\" data-no-translation-aria-label=\"\"><img decoding=\"async\" src=\"https:\/\/gaiamekanik.com.tr\/wp-content\/uploads\/2025\/10\/frekans-konvertoru_1-kopya-scaled-300x479.jpg\" alt=\"FREKANS \u0130NVERT\u00d6RLER\u0130\" width=\"300\" height=\"\" srcset=\"https:\/\/gaiamekanik.com.tr\/wp-content\/uploads\/2025\/10\/frekans-konvertoru_1-kopya-scaled-300x479.jpg 300w, https:\/\/gaiamekanik.com.tr\/wp-content\/uploads\/2025\/10\/frekans-konvertoru_1-kopya-scaled-600x958.jpg 600w, https:\/\/gaiamekanik.com.tr\/wp-content\/uploads\/2025\/10\/frekans-konvertoru_1-kopya-188x300.jpg 188w, https:\/\/gaiamekanik.com.tr\/wp-content\/uploads\/2025\/10\/frekans-konvertoru_1-kopya-641x1024.jpg 641w, https:\/\/gaiamekanik.com.tr\/wp-content\/uploads\/2025\/10\/frekans-konvertoru_1-kopya-768x1226.jpg 768w, https:\/\/gaiamekanik.com.tr\/wp-content\/uploads\/2025\/10\/frekans-konvertoru_1-kopya-962x1536.jpg 962w, https:\/\/gaiamekanik.com.tr\/wp-content\/uploads\/2025\/10\/frekans-konvertoru_1-kopya-1283x2048.jpg 1283w, https:\/\/gaiamekanik.com.tr\/wp-content\/uploads\/2025\/10\/frekans-konvertoru_1-kopya-scaled.jpg 1603w\" sizes=\"(max-width: 300px) 100vw, 300px\" \/>\t\t<h2 class=\"woocommerce-loop-category__title\">\n\t\t\tFREQUENCY INVERTERS <mark class=\"count\">(1)<\/mark>\t\t<\/h2>\n\t\t<\/a><\/li>\n<\/ul>\n<\/div>\t\t\t\t<\/div>\n\t\t\t\t<\/div>\n\t\t\t\t\t<\/div>\n\t\t\t\t<\/div>\n\t\t\t\t<\/div>","protected":false},"excerpt":{"rendered":"<p>All Products<\/p>","protected":false},"author":1,"featured_media":0,"parent":0,"menu_order":0,"comment_status":"closed","ping_status":"closed","template":"","meta":{"_acf_changed":false,"_monsterinsights_skip_tracking":false,"_monsterinsights_sitenote_active":false,"_monsterinsights_sitenote_note":"","_monsterinsights_sitenote_category":0,"footnotes":""},"class_list":["post-5547","page","type-page","status-publish","hentry"],"acf":[],"aioseo_notices":[],"_links":{"self":[{"href":"https:\/\/gaiamekanik.com.tr\/en\/wp-json\/wp\/v2\/pages\/5547","targetHints":{"allow":["GET"]}}],"collection":[{"href":"https:\/\/gaiamekanik.com.tr\/en\/wp-json\/wp\/v2\/pages"}],"about":[{"href":"https:\/\/gaiamekanik.com.tr\/en\/wp-json\/wp\/v2\/types\/page"}],"author":[{"embeddable":true,"href":"https:\/\/gaiamekanik.com.tr\/en\/wp-json\/wp\/v2\/users\/1"}],"replies":[{"embeddable":true,"href":"https:\/\/gaiamekanik.com.tr\/en\/wp-json\/wp\/v2\/comments?post=5547"}],"version-history":[{"count":15,"href":"https:\/\/gaiamekanik.com.tr\/en\/wp-json\/wp\/v2\/pages\/5547\/revisions"}],"predecessor-version":[{"id":5865,"href":"https:\/\/gaiamekanik.com.tr\/en\/wp-json\/wp\/v2\/pages\/5547\/revisions\/5865"}],"wp:attachment":[{"href":"https:\/\/gaiamekanik.com.tr\/en\/wp-json\/wp\/v2\/media?parent=5547"}],"curies":[{"name":"wp","href":"https:\/\/api.w.org\/{rel}","templated":true}]}}