{"id":938,"date":"2024-05-21T16:11:11","date_gmt":"2024-05-21T16:11:11","guid":{"rendered":"http:\/\/localhost\/coolair\/?page_id=938"},"modified":"2025-08-05T11:31:03","modified_gmt":"2025-08-05T08:31:03","slug":"hakkimizda","status":"publish","type":"page","link":"https:\/\/gaiamekanik.com.tr\/en\/hakkimizda\/","title":{"rendered":"About us"},"content":{"rendered":"<div data-elementor-type=\"wp-page\" data-elementor-id=\"938\" class=\"elementor elementor-938\" data-elementor-post-type=\"page\">\n\t\t\t\t<div class=\"elementor-element elementor-element-821d54d e-con-full e-flex rt-default-class e-con e-parent\" data-id=\"821d54d\" data-element_type=\"container\" data-e-type=\"container\" data-settings=\"{&quot;background_background&quot;:&quot;classic&quot;}\">\n\t\t<div class=\"elementor-element elementor-element-2fdd2a9 e-flex e-con-boxed rt-default-class e-con e-child\" data-id=\"2fdd2a9\" data-element_type=\"container\" data-e-type=\"container\" data-settings=\"{&quot;background_background&quot;:&quot;gradient&quot;}\">\n\t\t\t\t\t<div class=\"e-con-inner\">\n\t\t<div class=\"elementor-element elementor-element-f68cf0d e-flex e-con-boxed rt-default-class e-con e-child\" data-id=\"f68cf0d\" data-element_type=\"container\" data-e-type=\"container\">\n\t\t\t\t\t<div class=\"e-con-inner\">\n\t\t<div class=\"elementor-element elementor-element-25fd9a6 e-con-full e-flex rt-default-class e-con e-child\" data-id=\"25fd9a6\" data-element_type=\"container\" data-e-type=\"container\">\n\t\t\t\t<div class=\"elementor-element elementor-element-03a5e6c rt-default-class elementor-widget elementor-widget-react-heading\" data-id=\"03a5e6c\" data-element_type=\"widget\" data-e-type=\"widget\" data-widget_type=\"react-heading.default\">\n\t\t\t\t<div class=\"elementor-widget-container\">\n\t\t\t\t\t\t\t<div class=\"animation-style1 react-heading default\">\n\t\t\t<div class=\"title-inner\">\n\t\t\t\t\t\t\t<\/div>\n\t\t\t\n\t\t\t\t\t\t\t\t<\/div>\t\t\t\n\t\t\t\t\t<\/div>\n\t\t\t\t<\/div>\n\t\t\t\t<div class=\"elementor-element elementor-element-be2de4a rt-default-class elementor-widget elementor-widget-react-page-title\" data-id=\"be2de4a\" data-element_type=\"widget\" data-e-type=\"widget\" data-widget_type=\"react-page-title.default\">\n\t\t\t\t<div class=\"elementor-widget-container\">\n\t\t\t\t\t        \n        <h1 class=\"page-title\">\n\t\tAbout us        <\/h1>\n        \t\t\t\t<\/div>\n\t\t\t\t<\/div>\n\t\t\t\t<div class=\"elementor-element elementor-element-898a185 rt-default-class elementor-widget elementor-widget-react-page-heading\" data-id=\"898a185\" data-element_type=\"widget\" data-e-type=\"widget\" data-widget_type=\"react-page-heading.default\">\n\t\t\t\t<div class=\"elementor-widget-container\">\n\t\t\t\t\t        <div class=\"breadcrumbs-single\"> \n                                <div class=\"breadcrumbs-title\"> <span property=\"itemListElement\" typeof=\"ListItem\"><a property=\"item\" typeof=\"WebPage\" title=\"Go to Gaia Mekanik.\" href=\"https:\/\/gaiamekanik.com.tr\/en\" class=\"home\" ><span property=\"name\">Gaia Mekanik<\/span><\/a><meta property=\"position\" content=\"1\"><\/span> &gt; <span property=\"itemListElement\" typeof=\"ListItem\"><a property=\"item\" typeof=\"WebPage\" title=\"Go to Blog.\" href=\"https:\/\/gaiamekanik.com.tr\/en\/blog\/\" class=\"post-root post post-post\" aria-current=\"page\"><span property=\"name\">Blog<\/span><\/a><meta property=\"position\" content=\"2\"><\/span><\/div>\n                           \n        \n            <\/div>\n    \t\t\t\t<\/div>\n\t\t\t\t<\/div>\n\t\t\t\t<\/div>\n\t\t<div class=\"elementor-element elementor-element-f964428 e-flex e-con-boxed rt-default-class e-con e-child\" data-id=\"f964428\" data-element_type=\"container\" data-e-type=\"container\">\n\t\t\t\t\t<div class=\"e-con-inner\">\n\t\t\t\t<div class=\"elementor-element elementor-element-a5ab54b rt-default-class elementor-widget elementor-widget-heading\" data-id=\"a5ab54b\" data-element_type=\"widget\" data-e-type=\"widget\" data-widget_type=\"heading.default\">\n\t\t\t\t<div class=\"elementor-widget-container\">\n\t\t\t\t\t<h3 class=\"elementor-heading-title elementor-size-default\">Nature-friendly solutions, healthy living spaces.<\/h3>\t\t\t\t<\/div>\n\t\t\t\t<\/div>\n\t\t\t\t\t<\/div>\n\t\t\t\t<\/div>\n\t\t\t\t\t<\/div>\n\t\t\t\t<\/div>\n\t\t<div class=\"elementor-element elementor-element-25ea348 e-flex e-con-boxed rt-default-class e-con e-child\" data-id=\"25ea348\" data-element_type=\"container\" data-e-type=\"container\">\n\t\t\t\t\t<div class=\"e-con-inner\">\n\t\t\t\t<div class=\"elementor-element elementor-element-bd42135 elementor-view-stacked icon-has-border elementor-shape-circle rt-default-class elementor-widget elementor-widget-icon\" data-id=\"bd42135\" data-element_type=\"widget\" data-e-type=\"widget\" data-widget_type=\"icon.default\">\n\t\t\t\t<div class=\"elementor-widget-container\">\n\t\t\t\t\t\t\t<div class=\"elementor-icon-wrapper\">\n\t\t\t<div class=\"elementor-icon\">\n\t\t\t<svg xmlns=\"http:\/\/www.w3.org\/2000\/svg\" xmlns:xlink=\"http:\/\/www.w3.org\/1999\/xlink\" width=\"512\" height=\"512\" x=\"0\" y=\"0\" viewbox=\"0 0 80.13 80.13\" style=\"enable-background:new 0 0 512 512\" xml:space=\"preserve\"><g><path d=\"M48.355 17.922c3.705 2.323 6.303 6.254 6.776 10.817a11.69 11.69 0 0 0 4.966 1.112c6.491 0 11.752-5.261 11.752-11.751 0-6.491-5.261-11.752-11.752-11.752-6.429.002-11.644 5.169-11.742 11.574zm-7.699 24.062c6.491 0 11.752-5.262 11.752-11.752s-5.262-11.751-11.752-11.751c-6.49 0-11.754 5.262-11.754 11.752s5.264 11.751 11.754 11.751zm4.985.801h-9.972c-8.297 0-15.047 6.751-15.047 15.048v12.195l.031.191.84.263c7.918 2.474 14.797 3.299 20.459 3.299 11.059 0 17.469-3.153 17.864-3.354l.785-.397h.084V57.833c.003-8.297-6.747-15.048-15.044-15.048zm19.443-12.132h-9.895a14.483 14.483 0 0 1-4.47 10.088c7.375 2.193 12.771 9.032 12.771 17.11v3.758c9.77-.358 15.4-3.127 15.771-3.313l.785-.398h.084V45.699c0-8.296-6.75-15.046-15.046-15.046zm-45.049-.8c2.299 0 4.438-.671 6.25-1.814a14.544 14.544 0 0 1 5.467-9.276c.012-.22.033-.438.033-.66 0-6.491-5.262-11.752-11.75-11.752-6.492 0-11.752 5.261-11.752 11.752 0 6.488 5.26 11.75 11.752 11.75zm10.554 10.888a14.492 14.492 0 0 1-4.467-10.032c-.367-.027-.73-.056-1.104-.056h-9.971C6.75 30.653 0 37.403 0 45.699v12.197l.031.188.84.265c6.352 1.983 12.021 2.897 16.945 3.185v-3.683c.002-8.078 5.396-14.915 12.773-17.11z\" fill=\"#ffffff\" opacity=\"1\" data-original=\"#000000\"><\/path><\/g><\/svg>\t\t\t<\/div>\n\t\t<\/div>\n\t\t\t\t\t\t<\/div>\n\t\t\t\t<\/div>\n\t\t\t\t\t<\/div>\n\t\t\t\t<\/div>\n\t\t\t\t\t<\/div>\n\t\t\t\t<\/div>\n\t\t\t\t<\/div>\n\t\t<div class=\"elementor-element elementor-element-5af5af4 e-flex e-con-boxed rt-default-class e-con e-parent\" data-id=\"5af5af4\" data-element_type=\"container\" data-e-type=\"container\">\n\t\t\t\t\t<div class=\"e-con-inner\">\n\t\t<div class=\"elementor-element elementor-element-f29e60c e-con-full e-flex rt-default-class e-con e-child\" data-id=\"f29e60c\" data-element_type=\"container\" data-e-type=\"container\">\n\t\t\t\t<div class=\"elementor-element elementor-element-1f5beb6 rt-default-class elementor-widget elementor-widget-react-heading\" data-id=\"1f5beb6\" data-element_type=\"widget\" data-e-type=\"widget\" data-widget_type=\"react-heading.default\">\n\t\t\t\t<div class=\"elementor-widget-container\">\n\t\t\t\t\t\t\t<div class=\"animation-wow fadeInUp react-heading default\">\n\t\t\t<div class=\"title-inner\">\n\t\t\t\t<div class=\"wow fadeInUp\"><h2 class=\"title word-line\">GA\u0130A MEKAN\u0130K,<\/h2><\/div>\t\t\t<\/div>\n\t\t\t\n\t\t\t\t\t\t\t<div class=\"description wow fadeInUp\">\n\t\t\t\t\t<p class=\"\" data-start=\"232\" data-end=\"496\">was established in 2024 to provide HVAC systems equipment and solutions. With over 23 years of industry experience and engineering expertise, it delivers customised, sustainable, and innovative solutions for both domestic and international clients.<\/p><p class=\"\" data-start=\"498\" data-end=\"761\">Operating in the fields of HVAC product and system design, sales, and after-sales services, GA\u0130A MEKAN\u0130K aims to make a difference in the industry with its engineering-based approach, quality service philosophy, and customer-oriented work.<\/p><p class=\"\" data-start=\"763\" data-end=\"905\">We provide reliable, technological, and environmentally conscious systems with a focus on high efficiency, energy savings, and long-lasting solutions.<\/p>\t\t\t\t<\/div>\n\t\t\t\t\t\t\t\t<\/div>\t\t\t\n\t\t\t\t\t<\/div>\n\t\t\t\t<\/div>\n\t\t\t\t<\/div>\n\t\t<div class=\"elementor-element elementor-element-a654689 e-con-full e-flex rt-default-class e-con e-child\" data-id=\"a654689\" data-element_type=\"container\" data-e-type=\"container\">\n\t\t<div class=\"elementor-element elementor-element-e639a2b e-flex e-con-boxed rt-default-class e-con e-child\" data-id=\"e639a2b\" data-element_type=\"container\" data-e-type=\"container\">\n\t\t\t\t\t<div class=\"e-con-inner\">\n\t\t\t\t<div class=\"elementor-element elementor-element-a3acbfc rt-default-class elementor-widget elementor-widget-rt-react-image\" data-id=\"a3acbfc\" data-element_type=\"widget\" data-e-type=\"widget\" data-widget_type=\"rt-react-image.default\">\n\t\t\t\t<div class=\"elementor-widget-container\">\n\t\t\t\t\t        \n        <div class=\"react-image\">\n                            <img decoding=\"async\" class=\"react-multi-image wow scaleIn\" src=\"https:\/\/gaiamekanik.com.tr\/wp-content\/uploads\/2025\/08\/abstract-image-concept-environmental-with-green-planet-scaled.jpg\"  alt=\"\"\/>\n                    <\/div>       \n    \t\t\t\t<\/div>\n\t\t\t\t<\/div>\n\t\t\t\t\t<\/div>\n\t\t\t\t<\/div>\n\t\t<div class=\"elementor-element elementor-element-c0413ec e-flex e-con-boxed rt-default-class e-con e-child\" data-id=\"c0413ec\" data-element_type=\"container\" data-e-type=\"container\">\n\t\t\t\t\t<div class=\"e-con-inner\">\n\t\t\t\t<div class=\"elementor-element elementor-element-536e472 rt-default-class elementor-widget elementor-widget-spacer\" data-id=\"536e472\" data-element_type=\"widget\" data-e-type=\"widget\" data-widget_type=\"spacer.default\">\n\t\t\t\t<div class=\"elementor-widget-container\">\n\t\t\t\t\t\t\t<div class=\"elementor-spacer\">\n\t\t\t<div class=\"elementor-spacer-inner\"><\/div>\n\t\t<\/div>\n\t\t\t\t\t\t<\/div>\n\t\t\t\t<\/div>\n\t\t\t\t<div class=\"elementor-element elementor-element-1a1504a rt-default-class elementor-widget elementor-widget-rt-react-image\" data-id=\"1a1504a\" data-element_type=\"widget\" data-e-type=\"widget\" data-widget_type=\"rt-react-image.default\">\n\t\t\t\t<div class=\"elementor-widget-container\">\n\t\t\t\t\t        \n        <div class=\"react-image\">\n                            <img decoding=\"async\" class=\"react-multi-image wow scaleIn\" src=\"https:\/\/gaiamekanik.com.tr\/wp-content\/uploads\/2025\/07\/kapali-otopark-scaled.jpg\"  alt=\"\"\/>\n                    <\/div>       \n    \t\t\t\t<\/div>\n\t\t\t\t<\/div>\n\t\t\t\t\t<\/div>\n\t\t\t\t<\/div>\n\t\t\t\t<\/div>\n\t\t\t\t\t<\/div>\n\t\t\t\t<\/div>\n\t\t<div class=\"elementor-element elementor-element-ae18d87 e-flex e-con-boxed rt-default-class e-con e-parent\" data-id=\"ae18d87\" data-element_type=\"container\" data-e-type=\"container\">\n\t\t\t\t\t<div class=\"e-con-inner\">\n\t\t<div class=\"elementor-element elementor-element-3cd19c8 e-con-full e-flex rt-default-class e-con e-child\" data-id=\"3cd19c8\" data-element_type=\"container\" data-e-type=\"container\">\n\t\t\t\t<div class=\"elementor-element elementor-element-129daf3 rt-default-class elementor-widget elementor-widget-react-heading\" data-id=\"129daf3\" data-element_type=\"widget\" data-e-type=\"widget\" data-widget_type=\"react-heading.default\">\n\t\t\t\t<div class=\"elementor-widget-container\">\n\t\t\t\t\t\t\t<div class=\"animation-wow fadeInUp react-heading default\">\n\t\t\t<div class=\"title-inner\">\n\t\t\t\t<div class=\"wow fadeInUp\"><h2 class=\"title word-line\">Our Vision<\/h2><\/div>\t\t\t<\/div>\n\t\t\t\n\t\t\t\t\t\t\t<div class=\"description wow fadeInUp\">\n\t\t\t\t\t<p class=\"\" data-start=\"932\" data-end=\"1112\">To be a pioneering and reliable brand both domestically and internationally, creating a difference in the HVAC sector with our engineering experience and offering innovative and sustainable solutions.<\/p>\t\t\t\t<\/div>\n\t\t\t\t\t\t\t\t<\/div>\t\t\t\n\t\t\t\t\t<\/div>\n\t\t\t\t<\/div>\n\t\t\t\t<div class=\"elementor-element elementor-element-c2c81ba rt-default-class elementor-widget elementor-widget-react-heading\" data-id=\"c2c81ba\" data-element_type=\"widget\" data-e-type=\"widget\" data-widget_type=\"react-heading.default\">\n\t\t\t\t<div class=\"elementor-widget-container\">\n\t\t\t\t\t\t\t<div class=\"animation-wow fadeInUp react-heading default\">\n\t\t\t<div class=\"title-inner\">\n\t\t\t\t<div class=\"wow fadeInUp\"><h2 class=\"title word-line\">Our Mission<\/h2><\/div>\t\t\t<\/div>\n\t\t\t\n\t\t\t\t\t\t\t<div class=\"description wow fadeInUp\">\n\t\t\t\t\t<ul><li class=\"\" data-start=\"1139\" data-end=\"1224\"><p class=\"\" data-start=\"1141\" data-end=\"1224\">To provide efficient and long-lasting HVAC solutions tailored to customer needs<\/p><\/li><li class=\"\" data-start=\"1225\" data-end=\"1297\"><p class=\"\" data-start=\"1227\" data-end=\"1297\">To add value to the HVAC industry by combining technology and engineering<\/p><\/li><li class=\"\" data-start=\"1298\" data-end=\"1373\"><p class=\"\" data-start=\"1300\" data-end=\"1373\">To provide high-quality and uninterrupted service throughout the pre- and post-sales processes<\/p><\/li><li class=\"\" data-start=\"1374\" data-end=\"1450\"><p class=\"\" data-start=\"1376\" data-end=\"1450\">To contribute to a sustainable future with environmentally conscious systems<\/p><\/li><\/ul>\t\t\t\t<\/div>\n\t\t\t\t\t\t\t\t<\/div>\t\t\t\n\t\t\t\t\t<\/div>\n\t\t\t\t<\/div>\n\t\t\t\t<\/div>\n\t\t<div class=\"elementor-element elementor-element-0394717 e-con-full e-flex rt-default-class e-con e-child\" data-id=\"0394717\" data-element_type=\"container\" data-e-type=\"container\">\n\t\t\t\t<div class=\"elementor-element elementor-element-3377f5e rt-default-class elementor-widget elementor-widget-image\" data-id=\"3377f5e\" data-element_type=\"widget\" data-e-type=\"widget\" data-widget_type=\"image.default\">\n\t\t\t\t<div class=\"elementor-widget-container\">\n\t\t\t\t\t\t\t\t\t\t\t\t\t\t\t<img fetchpriority=\"high\" decoding=\"async\" width=\"640\" height=\"359\" src=\"https:\/\/gaiamekanik.com.tr\/wp-content\/uploads\/2025\/08\/12-1024x574.jpg\" class=\"attachment-large size-large wp-image-5414\" alt=\"\" srcset=\"https:\/\/gaiamekanik.com.tr\/wp-content\/uploads\/2025\/08\/12-1024x574.jpg 1024w, https:\/\/gaiamekanik.com.tr\/wp-content\/uploads\/2025\/08\/12-300x168.jpg 300w, https:\/\/gaiamekanik.com.tr\/wp-content\/uploads\/2025\/08\/12-scaled-600x336.jpg 600w, https:\/\/gaiamekanik.com.tr\/wp-content\/uploads\/2025\/08\/12-768x430.jpg 768w, https:\/\/gaiamekanik.com.tr\/wp-content\/uploads\/2025\/08\/12-1536x861.jpg 1536w, https:\/\/gaiamekanik.com.tr\/wp-content\/uploads\/2025\/08\/12-2048x1148.jpg 2048w\" sizes=\"(max-width: 640px) 100vw, 640px\" \/>\t\t\t\t\t\t\t\t\t\t\t\t\t\t\t<\/div>\n\t\t\t\t<\/div>\n\t\t\t\t<\/div>\n\t\t\t\t\t<\/div>\n\t\t\t\t<\/div>\n\t\t\t\t<\/div>","protected":false},"excerpt":{"rendered":"<p>Hakk\u0131m\u0131zda Gaia Mekanik &gt; Blog Do\u011fayla uyumlu \u00e7\u00f6z\u00fcmler, sa\u011fl\u0131kl\u0131 ya\u015fam alanlar\u0131. GA\u0130A MEKAN\u0130K, iklimlendirme sistemleri ekipman ve \u00e7\u00f6z\u00fcmleri sunmak amac\u0131yla 2024 y\u0131l\u0131nda kurulmu\u015ftur. 23 y\u0131l\u0131 a\u015fk\u0131n sekt\u00f6rel deneyimi ve m\u00fchendislik birikimiyle, hem yurti\u00e7i hem de yurtd\u0131\u015f\u0131 m\u00fc\u015fterilerine \u00f6zel, s\u00fcrd\u00fcr\u00fclebilir ve yenilik\u00e7i \u00e7\u00f6z\u00fcmler \u00fcretmektedir. \u0130klimlendirme \u00fcr\u00fcn ve sistemlerinin projelendirilmesi, sat\u0131\u015f\u0131 ve sat\u0131\u015f sonras\u0131 hizmetleri alanlar\u0131nda faaliyet&#8230;<\/p>","protected":false},"author":1,"featured_media":0,"parent":0,"menu_order":0,"comment_status":"closed","ping_status":"closed","template":"elementor_header_footer","meta":{"_acf_changed":false,"_monsterinsights_skip_tracking":false,"_monsterinsights_sitenote_active":false,"_monsterinsights_sitenote_note":"","_monsterinsights_sitenote_category":0,"footnotes":""},"class_list":["post-938","page","type-page","status-publish","hentry"],"acf":[],"aioseo_notices":[],"_links":{"self":[{"href":"https:\/\/gaiamekanik.com.tr\/en\/wp-json\/wp\/v2\/pages\/938","targetHints":{"allow":["GET"]}}],"collection":[{"href":"https:\/\/gaiamekanik.com.tr\/en\/wp-json\/wp\/v2\/pages"}],"about":[{"href":"https:\/\/gaiamekanik.com.tr\/en\/wp-json\/wp\/v2\/types\/page"}],"author":[{"embeddable":true,"href":"https:\/\/gaiamekanik.com.tr\/en\/wp-json\/wp\/v2\/users\/1"}],"replies":[{"embeddable":true,"href":"https:\/\/gaiamekanik.com.tr\/en\/wp-json\/wp\/v2\/comments?post=938"}],"version-history":[{"count":33,"href":"https:\/\/gaiamekanik.com.tr\/en\/wp-json\/wp\/v2\/pages\/938\/revisions"}],"predecessor-version":[{"id":5417,"href":"https:\/\/gaiamekanik.com.tr\/en\/wp-json\/wp\/v2\/pages\/938\/revisions\/5417"}],"wp:attachment":[{"href":"https:\/\/gaiamekanik.com.tr\/en\/wp-json\/wp\/v2\/media?parent=938"}],"curies":[{"name":"wp","href":"https:\/\/api.w.org\/{rel}","templated":true}]}}