{"id":3932,"date":"2025-02-04T05:14:43","date_gmt":"2025-02-04T05:14:43","guid":{"rendered":"https:\/\/themewant.com\/products\/wordpress\/coolair\/?post_type=product&#038;p=3932"},"modified":"2025-12-19T12:13:55","modified_gmt":"2025-12-19T09:13:55","slug":"basinclandirma-fanlari","status":"publish","type":"product","link":"https:\/\/gaiamekanik.com.tr\/en\/product\/basinclandirma-fanlari\/","title":{"rendered":"PRESSURIZATION FANS"},"content":{"rendered":"<p>\u00d8 315 mm\u2019den \u00d8 1.400 mm\u2019ye geni\u015f se\u00e7im aral\u0131\u011f\u0131<\/p>\n<p>S\u0131cak dald\u0131rma galvaniz sacl\u0131 fan g\u00f6vdesi<\/p>\n<p>Al\u00fcminyum ala\u015f\u0131ml\u0131, a\u00e7\u0131s\u0131 ayarlanabilir kanatlar<\/p>\n<p>Aerodinamik profilli kanatlar ile y\u00fcksek verim ve d\u00fc\u015f\u00fck ses seviyesi<\/p>\n<p>Al\u00fcminyum ala\u015f\u0131ml\u0131 fan g\u00f6be\u011fi<\/p>\n<p>Farkl\u0131 fan kanad\u0131 ve fan g\u00f6be\u011fi kombinasyonlar\u0131 ve a\u00e7\u0131s\u0131 ayarlanabilir fan kanatlar\u0131 ile ihtiyaca en uygun, optimum kapasite<\/p>\n<p>G\u00f6vde d\u0131\u015f\u0131na montajlanm\u0131\u015f IP 67 elektrik ba\u011flant\u0131 kutusu<\/p>\n<p>F s\u0131n\u0131f\u0131 izolasyonlu, IP 55 elektrik motorlar\u0131<\/p>\n<p>230 V, 1 faz, 50 Hz ve 380 V, 3 faz, 50 Hz motor<\/p>\n<p>-20\u00b0C ile 60\u00b0C aras\u0131nda \u00e7al\u0131\u015fma s\u0131cakl\u0131\u011f\u0131<\/p>\n<p><strong>Opsiyonlar<\/strong><\/p>\n<p><strong>\u00a0<\/strong>MCC Otomasyon Paneli: Frekans konvert\u00f6r\u00fc, elektrik \u015falt malzemeleri ve fark bas\u0131n\u00e7 presostat\u0131n\u0131 i\u00e7ermektedir. Fan\u0131n istenilen bas\u0131n\u00e7 de\u011ferine uygun olarak \u00e7al\u0131\u015fmas\u0131n\u0131 sa\u011flamaktad\u0131r.<\/p>\n<p>Duman Sens\u00f6r\u00fc: Emi\u015f havas\u0131 duman i\u00e7erdi\u011finde, merdiven \u015faft\u0131, asans\u00f6r kovan\u0131 ya da ka\u00e7\u0131\u015f yoluna fan\u0131n \u00fcflemesini engellemektedir.<\/p>\n<p><strong>Accessories<\/strong><strong>\u00a0<\/strong><\/p>\n<p>SLE Susturucu<\/p>\n<p>EBS Standart Esnek Ba\u011flant\u0131<\/p>\n<p>NRDO Aksiyal Fanlar i\u00e7in Yuvarlak Tek Y\u00f6nl\u00fc Klape<\/p>\n<p>MFT Montaj Aya\u011f\u0131<\/p>\n<p>MFL Kar\u015f\u0131 Flan\u015f<\/p>\n<p>MPT Montaj Plakas\u0131<\/p>\n<p>MSC Wire Cage<\/p>\n<p>ACD Bak\u0131m Kapa\u011f\u0131<\/p>\n<p>XS Titre\u015fim Yutucu Takoz<\/p>\n<p>Frequency changer<\/p>","protected":false},"excerpt":{"rendered":"<p>VENCO Axial Pressurization Fans are used for pressurizing stairwells, elevator shafts, and escape routes. A wide range of capacities, different fan blade and hub designs, and adjustable blade angles allow for the provision of a product with the appropriate capacity to meet various needs. Pressurization fans control harmful fumes and gases in stairwells and elevator shafts, keeping escape routes safe. This prevents harm to people and ensures their quick and safe evacuation.<\/p>","protected":false},"featured_media":4853,"comment_status":"open","ping_status":"closed","template":"","meta":{"_acf_changed":false,"_monsterinsights_skip_tracking":false,"_monsterinsights_sitenote_active":false,"_monsterinsights_sitenote_note":"","_monsterinsights_sitenote_category":0},"product_brand":[],"product_cat":[25,50],"product_tag":[],"class_list":{"0":"post-3932","1":"product","2":"type-product","3":"status-publish","4":"has-post-thumbnail","6":"product_cat-fanlar","7":"product_cat-basinclandirma-fanlari","9":"first","10":"instock","11":"shipping-taxable","12":"product-type-simple"},"acf":[],"aioseo_notices":[],"_links":{"self":[{"href":"https:\/\/gaiamekanik.com.tr\/en\/wp-json\/wp\/v2\/product\/3932","targetHints":{"allow":["GET"]}}],"collection":[{"href":"https:\/\/gaiamekanik.com.tr\/en\/wp-json\/wp\/v2\/product"}],"about":[{"href":"https:\/\/gaiamekanik.com.tr\/en\/wp-json\/wp\/v2\/types\/product"}],"replies":[{"embeddable":true,"href":"https:\/\/gaiamekanik.com.tr\/en\/wp-json\/wp\/v2\/comments?post=3932"}],"version-history":[{"count":4,"href":"https:\/\/gaiamekanik.com.tr\/en\/wp-json\/wp\/v2\/product\/3932\/revisions"}],"predecessor-version":[{"id":5881,"href":"https:\/\/gaiamekanik.com.tr\/en\/wp-json\/wp\/v2\/product\/3932\/revisions\/5881"}],"wp:featuredmedia":[{"embeddable":true,"href":"https:\/\/gaiamekanik.com.tr\/en\/wp-json\/wp\/v2\/media\/4853"}],"wp:attachment":[{"href":"https:\/\/gaiamekanik.com.tr\/en\/wp-json\/wp\/v2\/media?parent=3932"}],"wp:term":[{"taxonomy":"product_brand","embeddable":true,"href":"https:\/\/gaiamekanik.com.tr\/en\/wp-json\/wp\/v2\/product_brand?post=3932"},{"taxonomy":"product_cat","embeddable":true,"href":"https:\/\/gaiamekanik.com.tr\/en\/wp-json\/wp\/v2\/product_cat?post=3932"},{"taxonomy":"product_tag","embeddable":true,"href":"https:\/\/gaiamekanik.com.tr\/en\/wp-json\/wp\/v2\/product_tag?post=3932"}],"curies":[{"name":"wp","href":"https:\/\/api.w.org\/{rel}","templated":true}]}}