{"id":3934,"date":"2025-02-04T05:16:22","date_gmt":"2025-02-04T05:16:22","guid":{"rendered":"https:\/\/themewant.com\/products\/wordpress\/coolair\/?post_type=product&#038;p=3934"},"modified":"2025-12-19T12:23:25","modified_gmt":"2025-12-19T09:23:25","slug":"hucreli-aksiyal-fanlar","status":"publish","type":"product","link":"https:\/\/gaiamekanik.com.tr\/en\/product\/hucreli-aksiyal-fanlar\/","title":{"rendered":"CABINET TYPE AXIAL FANS"},"content":{"rendered":"<p>\u00d8 400 mm\u2019den \u00d8 1.400 mm\u2019ye geni\u015f se\u00e7im aral\u0131\u011f\u0131<\/p>\n<p>S\u0131cak dald\u0131rma galvaniz sacl\u0131 fan g\u00f6vdesi ve galvaniz sacl\u0131 ana g\u00f6vde<\/p>\n<p>Al\u00fcminyum ala\u015f\u0131ml\u0131, a\u00e7\u0131s\u0131 ayarlanabilir kanatlar<\/p>\n<p>Aerodinamik profilli kanatlar ile y\u00fcksek verim ve d\u00fc\u015f\u00fck ses seviyesi<\/p>\n<p>Al\u00fcminyum ala\u015f\u0131ml\u0131 fan g\u00f6be\u011fi<\/p>\n<p>Farkl\u0131 fan kanad\u0131 ve fan g\u00f6be\u011fi kombinasyonlar\u0131 ve a\u00e7\u0131s\u0131 ayarlanabilir fan kanatlar\u0131 ile ihtiyaca en uygun, optimum kapasite<\/p>\n<p>50 mm ta\u015f y\u00fcn\u00fc izolasyon<\/p>\n<p>G\u00f6vde d\u0131\u015f\u0131na montajlanm\u0131\u015f IP 67 elektrik ba\u011flant\u0131 kutusu<\/p>\n<p>F s\u0131n\u0131f\u0131 izolasyonlu, IP 55 elektrik motorlar\u0131<\/p>\n<p>230 V, 1 faz, 50 Hz ve 380 V, 3 faz, 50 Hz motor<\/p>\n<p>-20\u00b0C ile 60\u00b0C aral\u0131\u011f\u0131nda \u00e7al\u0131\u015fma s\u0131cakl\u0131\u011f\u0131<\/p>\n<p>&nbsp;<\/p>\n<p><strong>Accessories<\/strong><\/p>\n<p>NRDO Aksiyal Fanlar i\u00e7in Yuvarlak Tek Y\u00f6nl\u00fc Klape<\/p>\n<p>ACD Bak\u0131m Kapa\u011f\u0131<\/p>\n<p>Frequency changer<\/p>","protected":false},"excerpt":{"rendered":"<p>VENCO Cellular Axial Fans are suitable for general ventilation applications as well as parking garage, subway, cooling, and mine ventilation projects. These fans are ideal for industrial and commercial applications. A wide range of capacities, different fan blade and hub designs, and adjustable blade angles allow for product solutions tailored to specific needs. The housing is double-walled and features 50 mm rock wool for acoustic and thermal insulation.<\/p>","protected":false},"featured_media":5585,"comment_status":"open","ping_status":"closed","template":"","meta":{"_acf_changed":false,"_monsterinsights_skip_tracking":false,"_monsterinsights_sitenote_active":false,"_monsterinsights_sitenote_note":"","_monsterinsights_sitenote_category":0},"product_brand":[],"product_cat":[25,60],"product_tag":[],"class_list":{"0":"post-3934","1":"product","2":"type-product","3":"status-publish","4":"has-post-thumbnail","6":"product_cat-fanlar","7":"product_cat-aksiyal-fanlar","9":"first","10":"instock","11":"shipping-taxable","12":"product-type-simple"},"acf":[],"aioseo_notices":[],"_links":{"self":[{"href":"https:\/\/gaiamekanik.com.tr\/en\/wp-json\/wp\/v2\/product\/3934","targetHints":{"allow":["GET"]}}],"collection":[{"href":"https:\/\/gaiamekanik.com.tr\/en\/wp-json\/wp\/v2\/product"}],"about":[{"href":"https:\/\/gaiamekanik.com.tr\/en\/wp-json\/wp\/v2\/types\/product"}],"replies":[{"embeddable":true,"href":"https:\/\/gaiamekanik.com.tr\/en\/wp-json\/wp\/v2\/comments?post=3934"}],"version-history":[{"count":4,"href":"https:\/\/gaiamekanik.com.tr\/en\/wp-json\/wp\/v2\/product\/3934\/revisions"}],"predecessor-version":[{"id":5884,"href":"https:\/\/gaiamekanik.com.tr\/en\/wp-json\/wp\/v2\/product\/3934\/revisions\/5884"}],"wp:featuredmedia":[{"embeddable":true,"href":"https:\/\/gaiamekanik.com.tr\/en\/wp-json\/wp\/v2\/media\/5585"}],"wp:attachment":[{"href":"https:\/\/gaiamekanik.com.tr\/en\/wp-json\/wp\/v2\/media?parent=3934"}],"wp:term":[{"taxonomy":"product_brand","embeddable":true,"href":"https:\/\/gaiamekanik.com.tr\/en\/wp-json\/wp\/v2\/product_brand?post=3934"},{"taxonomy":"product_cat","embeddable":true,"href":"https:\/\/gaiamekanik.com.tr\/en\/wp-json\/wp\/v2\/product_cat?post=3934"},{"taxonomy":"product_tag","embeddable":true,"href":"https:\/\/gaiamekanik.com.tr\/en\/wp-json\/wp\/v2\/product_tag?post=3934"}],"curies":[{"name":"wp","href":"https:\/\/api.w.org\/{rel}","templated":true}]}}