{"id":3935,"date":"2025-02-04T05:17:15","date_gmt":"2025-02-04T05:17:15","guid":{"rendered":"https:\/\/themewant.com\/products\/wordpress\/coolair\/?post_type=product&#038;p=3935"},"modified":"2025-12-19T13:07:41","modified_gmt":"2025-12-19T10:07:41","slug":"vd-duvar-tipi-aksiyal-fanlar","status":"publish","type":"product","link":"https:\/\/gaiamekanik.com.tr\/en\/product\/vd-duvar-tipi-aksiyal-fanlar\/","title":{"rendered":"WALL TYPE FANS"},"content":{"rendered":"<p>\u00d8315-630 mm aral\u0131\u011f\u0131nda 7 farkl\u0131 \u00e7apta,<\/p>\n<p>Do\u011frudan duvara kolay ve h\u0131zl\u0131 montaj,<\/p>\n<p>Epoksi boyal\u0131 g\u00f6vde ve elemanlar\u0131,<\/p>\n<p>Al\u00fcminyum ala\u015f\u0131ml\u0131 fan g\u00f6be\u011fi,<\/p>\n<p>Y\u00fcksek hava debisi ve d\u00fc\u015f\u00fck bas\u0131n\u00e7 gerektiren havaland\u0131rma sistemleri i\u00e7in ideal \u00e7\u00f6z\u00fcm,<\/p>\n<p>F s\u0131n\u0131f\u0131 izolasyonlu, IP 55 al\u00fcminyum motorlu,<\/p>\n<p>VD 315 modelden VD 450 modele kadar olan fanlar\u0131n \u00e7al\u0131\u015fma s\u0131cakl\u0131\u011f\u0131 -20\u00b0C \/ +40\u00b0C\u2019dir.<\/p>\n<p>Di\u011fer t\u00fcm VD modeller i\u00e7in \u00e7al\u0131\u015fma s\u0131cakl\u0131\u011f\u0131 -20\u00b0C \/ +60\u00b0C\u2019dir.<\/p>\n<p>230 V\/1 Faz\/50 Hz ve 400 V\/3 Faz \/50 Hz motor se\u00e7enekleri ile,<\/p>\n<p>Besleme voltaj\u0131n\u0131n tolerans\u0131 +-15%\u2019dir.<\/p>","protected":false},"excerpt":{"rendered":"<p><strong>Accessories<\/strong><\/p>\n<p>Frequency changer<\/p>\n<p>MSC Wire Cage<\/p>\n<p>VK Movable Shutter<\/p>","protected":false},"featured_media":4844,"comment_status":"open","ping_status":"closed","template":"","meta":{"_acf_changed":false,"_monsterinsights_skip_tracking":false,"_monsterinsights_sitenote_active":false,"_monsterinsights_sitenote_note":"","_monsterinsights_sitenote_category":0},"product_brand":[],"product_cat":[25,54],"product_tag":[],"class_list":{"0":"post-3935","1":"product","2":"type-product","3":"status-publish","4":"has-post-thumbnail","6":"product_cat-fanlar","7":"product_cat-duvar-tipi-fanlar","9":"first","10":"instock","11":"shipping-taxable","12":"product-type-simple"},"acf":[],"aioseo_notices":[],"_links":{"self":[{"href":"https:\/\/gaiamekanik.com.tr\/en\/wp-json\/wp\/v2\/product\/3935","targetHints":{"allow":["GET"]}}],"collection":[{"href":"https:\/\/gaiamekanik.com.tr\/en\/wp-json\/wp\/v2\/product"}],"about":[{"href":"https:\/\/gaiamekanik.com.tr\/en\/wp-json\/wp\/v2\/types\/product"}],"replies":[{"embeddable":true,"href":"https:\/\/gaiamekanik.com.tr\/en\/wp-json\/wp\/v2\/comments?post=3935"}],"version-history":[{"count":5,"href":"https:\/\/gaiamekanik.com.tr\/en\/wp-json\/wp\/v2\/product\/3935\/revisions"}],"predecessor-version":[{"id":5904,"href":"https:\/\/gaiamekanik.com.tr\/en\/wp-json\/wp\/v2\/product\/3935\/revisions\/5904"}],"wp:featuredmedia":[{"embeddable":true,"href":"https:\/\/gaiamekanik.com.tr\/en\/wp-json\/wp\/v2\/media\/4844"}],"wp:attachment":[{"href":"https:\/\/gaiamekanik.com.tr\/en\/wp-json\/wp\/v2\/media?parent=3935"}],"wp:term":[{"taxonomy":"product_brand","embeddable":true,"href":"https:\/\/gaiamekanik.com.tr\/en\/wp-json\/wp\/v2\/product_brand?post=3935"},{"taxonomy":"product_cat","embeddable":true,"href":"https:\/\/gaiamekanik.com.tr\/en\/wp-json\/wp\/v2\/product_cat?post=3935"},{"taxonomy":"product_tag","embeddable":true,"href":"https:\/\/gaiamekanik.com.tr\/en\/wp-json\/wp\/v2\/product_tag?post=3935"}],"curies":[{"name":"wp","href":"https:\/\/api.w.org\/{rel}","templated":true}]}}