{"id":3936,"date":"2025-02-04T05:17:51","date_gmt":"2025-02-04T05:17:51","guid":{"rendered":"https:\/\/themewant.com\/products\/wordpress\/coolair\/?post_type=product&#038;p=3936"},"modified":"2025-12-22T16:25:28","modified_gmt":"2025-12-22T13:25:28","slug":"bifurcated-aksiyal-fanlar","status":"publish","type":"product","link":"https:\/\/gaiamekanik.com.tr\/en\/product\/bifurcated-aksiyal-fanlar\/","title":{"rendered":"BIFURCATED AXIAL FANS"},"content":{"rendered":"<ul>\n<li>\u00d8 500 &#8211; 1000 mm aral\u0131\u011f\u0131nda, 4 farkl\u0131 \u00e7apta<\/li>\n<li>45.000 m\u00b3\/h maksimum hava debisi<\/li>\n<li>Motoru hava ak\u0131m\u0131 d\u0131\u015f\u0131nda<\/li>\n<li>BS790 s\u0131cak dald\u0131rma galvaniz sacl\u0131 fan g\u00f6vdesi<\/li>\n<li>Aerodinamik profilli ve al\u00fcminyum ala\u015f\u0131ml\u0131 kanatlar ile y\u00fcksek verim ve d\u00fc\u015f\u00fck ses seviyesi<\/li>\n<li>Silindirik modeller<\/li>\n<li>Bak\u0131m gerektirmeyen, rulmanl\u0131 IP 55 elektrik motorlar\u0131<\/li>\n<li>Mutfak Davlumbaz\u0131 Uygulamalar\u0131nda; a\u015f\u0131nd\u0131r\u0131c\u0131, ya\u011fl\u0131 ve tozlu havan\u0131n egzozu i\u00e7in g\u00fcvenli kullan\u0131m<\/li>\n<li>\u0130ki kanal aras\u0131na kolayca ba\u011flanabilme \u00f6zelli\u011fi sa\u011flayan kompakt tasar\u0131m<\/li>\n<li>120 \u00baC s\u00fcrekli \u00e7al\u0131\u015fma s\u0131cakl\u0131\u011f\u0131<\/li>\n<\/ul>","protected":false},"excerpt":{"rendered":"<p>VENCO VAB Bifurcated Axial Fans are used for the extraction of dusty, oily, and high-temperature fumes and gases. Because the motor is located outside the airflow, damage to the motor is prevented. VENCO VAB Bifurcated Axial Fans are suitable for industrial and commercial applications and can be provided in capacities to suit specific needs with a wide range of capacities, different fan blades, and hubs.<\/p>","protected":false},"featured_media":5963,"comment_status":"open","ping_status":"closed","template":"","meta":{"_acf_changed":false,"_monsterinsights_skip_tracking":false,"_monsterinsights_sitenote_active":false,"_monsterinsights_sitenote_note":"","_monsterinsights_sitenote_category":0},"product_brand":[],"product_cat":[25,60],"product_tag":[],"class_list":{"0":"post-3936","1":"product","2":"type-product","3":"status-publish","4":"has-post-thumbnail","6":"product_cat-fanlar","7":"product_cat-aksiyal-fanlar","9":"first","10":"instock","11":"shipping-taxable","12":"product-type-simple"},"acf":[],"aioseo_notices":[],"_links":{"self":[{"href":"https:\/\/gaiamekanik.com.tr\/en\/wp-json\/wp\/v2\/product\/3936","targetHints":{"allow":["GET"]}}],"collection":[{"href":"https:\/\/gaiamekanik.com.tr\/en\/wp-json\/wp\/v2\/product"}],"about":[{"href":"https:\/\/gaiamekanik.com.tr\/en\/wp-json\/wp\/v2\/types\/product"}],"replies":[{"embeddable":true,"href":"https:\/\/gaiamekanik.com.tr\/en\/wp-json\/wp\/v2\/comments?post=3936"}],"version-history":[{"count":7,"href":"https:\/\/gaiamekanik.com.tr\/en\/wp-json\/wp\/v2\/product\/3936\/revisions"}],"predecessor-version":[{"id":5885,"href":"https:\/\/gaiamekanik.com.tr\/en\/wp-json\/wp\/v2\/product\/3936\/revisions\/5885"}],"wp:featuredmedia":[{"embeddable":true,"href":"https:\/\/gaiamekanik.com.tr\/en\/wp-json\/wp\/v2\/media\/5963"}],"wp:attachment":[{"href":"https:\/\/gaiamekanik.com.tr\/en\/wp-json\/wp\/v2\/media?parent=3936"}],"wp:term":[{"taxonomy":"product_brand","embeddable":true,"href":"https:\/\/gaiamekanik.com.tr\/en\/wp-json\/wp\/v2\/product_brand?post=3936"},{"taxonomy":"product_cat","embeddable":true,"href":"https:\/\/gaiamekanik.com.tr\/en\/wp-json\/wp\/v2\/product_cat?post=3936"},{"taxonomy":"product_tag","embeddable":true,"href":"https:\/\/gaiamekanik.com.tr\/en\/wp-json\/wp\/v2\/product_tag?post=3936"}],"curies":[{"name":"wp","href":"https:\/\/api.w.org\/{rel}","templated":true}]}}