{"id":4872,"date":"2025-04-25T21:47:00","date_gmt":"2025-04-25T18:47:00","guid":{"rendered":"https:\/\/gaiamekanik.com.tr\/?post_type=product&#038;p=4872"},"modified":"2025-12-19T12:53:35","modified_gmt":"2025-12-19T09:53:35","slug":"cati-tipi-taze-hava-fanlari","status":"publish","type":"product","link":"https:\/\/gaiamekanik.com.tr\/en\/product\/cati-tipi-taze-hava-fanlari\/","title":{"rendered":"ROOF TYPE FRESH AIR FANS"},"content":{"rendered":"<h5>Genel Bak\u0131\u015f<\/h5>\n<p>VENCO VAX-RFA Serisi Aksiyal \u00c7at\u0131 Tipi Taze Hava Fanlar\u0131; genel havaland\u0131rmada, ticari ve end\u00fcstriyel uygulamalarda kullan\u0131labilecek fanlard\u0131r. Geni\u015f kapasite aral\u0131\u011f\u0131, farkl\u0131 fan kanad\u0131, g\u00f6be\u011fi ve ayarlanabilir kanat a\u00e7\u0131lar\u0131 ile ihtiyaca uygun kapasitede \u00fcr\u00fcn sa\u011flanabilmektedir.<\/p>\n<h5>\u00d6zellikler<\/h5>\n<ul>\n<li>\u00d8315mm\u2019den \u00d81400mm\u2019ye geni\u015f se\u00e7im aral\u0131\u011f\u0131<\/li>\n<li>Epoksi boyal\u0131 g\u00f6vde ve elemanlar\u0131<\/li>\n<li>Al\u00fcminyum ala\u015f\u0131ml\u0131, a\u00e7\u0131s\u0131 ayarlanabilir kanatlar<\/li>\n<li>Aerodinamik profilli kanatlar ile y\u00fcksek verim ve d\u00fc\u015f\u00fck ses seviyesi<\/li>\n<li>Al\u00fcminyum ala\u015f\u0131ml\u0131 fan g\u00f6be\u011fi<\/li>\n<li>Farkl\u0131 fan kanad\u0131 ve fan g\u00f6be\u011fi kombinasyonlar\u0131 ve a\u00e7\u0131s\u0131 ayarlanabilir fan kanatlar\u0131 ile ihtiyaca en uygun, optimum kapasite<\/li>\n<li>G\u00f6vde d\u0131\u015f\u0131na montajlanm\u0131\u015f IP 67 elektrik ba\u011flant\u0131 kutusu<\/li>\n<li>F s\u0131n\u0131f\u0131 izolasyonlu, IP 55 elektrik motorlar\u0131<\/li>\n<li>230V, 1 faz, 50 Hz ve 380V, 3 faz, 50 Hz motor<\/li>\n<li>-20\u00b0C ve 60\u00b0C aral\u0131\u011f\u0131nda \u00e7al\u0131\u015fma s\u0131cakl\u0131\u011f\u0131<\/li>\n<li>Ya\u011fmur korumas\u0131, taze hava gir\u015finde koruyucu tel kafesi ve \u00e7at\u0131 montaj plakas\u0131 ile d\u0131\u015f ortamda \u00e7al\u0131\u015fmaya tam uyum, kolay montaj imkan\u0131<\/li>\n<\/ul>","protected":false},"excerpt":{"rendered":"<p>Genel Bak\u0131\u015f VENCO VAX-RFA Serisi Aksiyal \u00c7at\u0131 Tipi Taze Hava Fanlar\u0131; genel havaland\u0131rmada, ticari ve end\u00fcstriyel uygulamalarda kullan\u0131labilecek fanlard\u0131r. Geni\u015f kapasite aral\u0131\u011f\u0131, farkl\u0131 fan kanad\u0131, g\u00f6be\u011fi ve ayarlanabilir kanat a\u00e7\u0131lar\u0131 ile ihtiyaca uygun kapasitede \u00fcr\u00fcn sa\u011flanabilmektedir. \u00d6zellikler \u00d8315mm\u2019den \u00d81400mm\u2019ye geni\u015f se\u00e7im aral\u0131\u011f\u0131 Epoksi boyal\u0131 g\u00f6vde ve elemanlar\u0131 Al\u00fcminyum ala\u015f\u0131ml\u0131, a\u00e7\u0131s\u0131 ayarlanabilir kanatlar Aerodinamik profilli kanatlar&#8230;<\/p>","protected":false},"featured_media":5359,"comment_status":"open","ping_status":"closed","template":"","meta":{"_acf_changed":false,"_monsterinsights_skip_tracking":false,"_monsterinsights_sitenote_active":false,"_monsterinsights_sitenote_note":"","_monsterinsights_sitenote_category":0},"product_brand":[],"product_cat":[25,53],"product_tag":[],"class_list":{"0":"post-4872","1":"product","2":"type-product","3":"status-publish","4":"has-post-thumbnail","6":"product_cat-fanlar","7":"product_cat-cati-tipi-fanlar","9":"first","10":"instock","11":"shipping-taxable","12":"product-type-simple"},"acf":[],"aioseo_notices":[],"_links":{"self":[{"href":"https:\/\/gaiamekanik.com.tr\/en\/wp-json\/wp\/v2\/product\/4872","targetHints":{"allow":["GET"]}}],"collection":[{"href":"https:\/\/gaiamekanik.com.tr\/en\/wp-json\/wp\/v2\/product"}],"about":[{"href":"https:\/\/gaiamekanik.com.tr\/en\/wp-json\/wp\/v2\/types\/product"}],"replies":[{"embeddable":true,"href":"https:\/\/gaiamekanik.com.tr\/en\/wp-json\/wp\/v2\/comments?post=4872"}],"version-history":[{"count":4,"href":"https:\/\/gaiamekanik.com.tr\/en\/wp-json\/wp\/v2\/product\/4872\/revisions"}],"predecessor-version":[{"id":5897,"href":"https:\/\/gaiamekanik.com.tr\/en\/wp-json\/wp\/v2\/product\/4872\/revisions\/5897"}],"wp:featuredmedia":[{"embeddable":true,"href":"https:\/\/gaiamekanik.com.tr\/en\/wp-json\/wp\/v2\/media\/5359"}],"wp:attachment":[{"href":"https:\/\/gaiamekanik.com.tr\/en\/wp-json\/wp\/v2\/media?parent=4872"}],"wp:term":[{"taxonomy":"product_brand","embeddable":true,"href":"https:\/\/gaiamekanik.com.tr\/en\/wp-json\/wp\/v2\/product_brand?post=4872"},{"taxonomy":"product_cat","embeddable":true,"href":"https:\/\/gaiamekanik.com.tr\/en\/wp-json\/wp\/v2\/product_cat?post=4872"},{"taxonomy":"product_tag","embeddable":true,"href":"https:\/\/gaiamekanik.com.tr\/en\/wp-json\/wp\/v2\/product_tag?post=4872"}],"curies":[{"name":"wp","href":"https:\/\/api.w.org\/{rel}","templated":true}]}}