{"id":4876,"date":"2025-04-25T21:57:42","date_gmt":"2025-04-25T18:57:42","guid":{"rendered":"https:\/\/gaiamekanik.com.tr\/?post_type=product&#038;p=4876"},"modified":"2025-12-19T12:55:44","modified_gmt":"2025-12-19T09:55:44","slug":"dikey-atisli-cati-tipi-fanlar-ac-ec","status":"publish","type":"product","link":"https:\/\/gaiamekanik.com.tr\/en\/product\/dikey-atisli-cati-tipi-fanlar-ac-ec\/","title":{"rendered":"VERTICAL ROOF TYPE FANS (AC(EC)"},"content":{"rendered":"<div class=\"title_box_info\">\n<h2>VCF \u00c7at\u0131 Tipi Fanlar<\/h2>\n<h5>\u00d6zellikler<\/h5>\n<ul>\n<li>Galvaniz sacl\u0131 g\u00f6vde \u00fczerine epoksi boyal\u0131 imal edilir.<\/li>\n<li>Fanlar geriye e\u011fik seyrek kanatl\u0131, direkt akuple motorlu ve d\u0131\u015ftan rotorludur.<\/li>\n<li>Fan kenarlar\u0131 tel kafes korumal\u0131d\u0131r.<\/li>\n<li>Motor koruma s\u0131n\u0131f\u0131 IP 44 ve elektrik ba\u011flant\u0131 kutusu koruma s\u0131n\u0131f\u0131 IP 67\u2019dir.<\/li>\n<li>Kanat ve motor bak\u0131m\u0131 i\u00e7in a\u00e7\u0131labilir servis kapa\u011f\u0131 bulunmaktad\u0131r.<\/li>\n<li>It can be controlled with a speed switch.<\/li>\n<li>Tamir bak\u0131m \u015falteri kullan\u0131labilir.<\/li>\n<\/ul>\n<h5>Accessories<\/h5>\n<ul>\n<li>VSC H\u0131z Anahtar\u0131<\/li>\n<li>BDD \u00c7at\u0131 Fanlar\u0131 i\u00e7in Yuvarlak Tek Y\u00f6nl\u00fc Klape<\/li>\n<li>MC Montaj Kaidesi<\/li>\n<li>SDS Susturuculu Montaj Kaidesi<\/li>\n<\/ul>\n<h2>VMC \u00c7at\u0131 Tipi Mutfak Egzoz Fanlar\u0131<\/h2>\n<h5>Genel Bak\u0131\u015f<\/h5>\n<p>VENCO VMC Roof-Mounted Kitchen Exhaust Fans, although primarily preferred for kitchen ventilation, can also be used for various other applications. Because the motor is located outside the airflow, it is not exposed to high-temperature, oily exhaust air.<\/p>\n<h5>\u00d6zellikler<\/h5>\n<ul>\n<li>Motor hava ak\u0131m\u0131 d\u0131\u015f\u0131nda<\/li>\n<li>Y\u00fcksek verimli geriye e\u011fik al\u00fcminyum kanatl\u0131 fanlar<\/li>\n<li>F s\u0131n\u0131f\u0131 izolasyonlu ve IP 55 koruma s\u0131n\u0131fl\u0131 direkt akuple motor<\/li>\n<li>Frekans de\u011fi\u015ftirici ile %25 &#8211; %100 aral\u0131\u011f\u0131nda h\u0131z kontrol\u00fc<\/li>\n<li>Kolay montaj ve bak\u0131m imkan\u0131 sa\u011flayan tasar\u0131m<\/li>\n<\/ul>\n<h5>Accessories<\/h5>\n<ul>\n<li>Frequency changer<\/li>\n<li>AKF Aktif Karbon Filtre<\/li>\n<li>Metal Filtre<\/li>\n<li>MC Montaj Kaidesi<\/li>\n<\/ul>\n<\/div>","protected":false},"excerpt":{"rendered":"<p>VCF \u00c7at\u0131 Tipi Fanlar \u00d6zellikler Galvaniz sacl\u0131 g\u00f6vde \u00fczerine epoksi boyal\u0131 imal edilir. Fanlar geriye e\u011fik seyrek kanatl\u0131, direkt akuple motorlu ve d\u0131\u015ftan rotorludur. Fan kenarlar\u0131 tel kafes korumal\u0131d\u0131r. Motor koruma s\u0131n\u0131f\u0131 IP 44 ve elektrik ba\u011flant\u0131 kutusu koruma s\u0131n\u0131f\u0131 IP 67\u2019dir. Kanat ve motor bak\u0131m\u0131 i\u00e7in a\u00e7\u0131labilir servis kapa\u011f\u0131 bulunmaktad\u0131r. H\u0131z anahtar\u0131 ile kontrol&#8230;<\/p>","protected":false},"featured_media":5355,"comment_status":"open","ping_status":"closed","template":"","meta":{"_acf_changed":false,"_monsterinsights_skip_tracking":false,"_monsterinsights_sitenote_active":false,"_monsterinsights_sitenote_note":"","_monsterinsights_sitenote_category":0},"product_brand":[],"product_cat":[25,53],"product_tag":[],"class_list":{"0":"post-4876","1":"product","2":"type-product","3":"status-publish","4":"has-post-thumbnail","6":"product_cat-fanlar","7":"product_cat-cati-tipi-fanlar","9":"first","10":"instock","11":"shipping-taxable","12":"product-type-simple"},"acf":[],"aioseo_notices":[],"_links":{"self":[{"href":"https:\/\/gaiamekanik.com.tr\/en\/wp-json\/wp\/v2\/product\/4876","targetHints":{"allow":["GET"]}}],"collection":[{"href":"https:\/\/gaiamekanik.com.tr\/en\/wp-json\/wp\/v2\/product"}],"about":[{"href":"https:\/\/gaiamekanik.com.tr\/en\/wp-json\/wp\/v2\/types\/product"}],"replies":[{"embeddable":true,"href":"https:\/\/gaiamekanik.com.tr\/en\/wp-json\/wp\/v2\/comments?post=4876"}],"version-history":[{"count":4,"href":"https:\/\/gaiamekanik.com.tr\/en\/wp-json\/wp\/v2\/product\/4876\/revisions"}],"predecessor-version":[{"id":5354,"href":"https:\/\/gaiamekanik.com.tr\/en\/wp-json\/wp\/v2\/product\/4876\/revisions\/5354"}],"wp:featuredmedia":[{"embeddable":true,"href":"https:\/\/gaiamekanik.com.tr\/en\/wp-json\/wp\/v2\/media\/5355"}],"wp:attachment":[{"href":"https:\/\/gaiamekanik.com.tr\/en\/wp-json\/wp\/v2\/media?parent=4876"}],"wp:term":[{"taxonomy":"product_brand","embeddable":true,"href":"https:\/\/gaiamekanik.com.tr\/en\/wp-json\/wp\/v2\/product_brand?post=4876"},{"taxonomy":"product_cat","embeddable":true,"href":"https:\/\/gaiamekanik.com.tr\/en\/wp-json\/wp\/v2\/product_cat?post=4876"},{"taxonomy":"product_tag","embeddable":true,"href":"https:\/\/gaiamekanik.com.tr\/en\/wp-json\/wp\/v2\/product_tag?post=4876"}],"curies":[{"name":"wp","href":"https:\/\/api.w.org\/{rel}","templated":true}]}}