{"id":4879,"date":"2025-04-25T22:00:36","date_gmt":"2025-04-25T19:00:36","guid":{"rendered":"https:\/\/gaiamekanik.com.tr\/?post_type=product&#038;p=4879"},"modified":"2025-12-19T13:11:31","modified_gmt":"2025-12-19T10:11:31","slug":"cati-tipi-mutfak-egzoz-fanlari","status":"publish","type":"product","link":"https:\/\/gaiamekanik.com.tr\/en\/product\/cati-tipi-mutfak-egzoz-fanlari\/","title":{"rendered":"ROOF TYPE KITCHEN EXHAUST FANS"},"content":{"rendered":"<p>Motor hava ak\u0131m\u0131 d\u0131\u015f\u0131nda<\/p>\n<p>Y\u00fcksek verimli geriye e\u011fik al\u00fcminyum kanatl\u0131 fanlar<\/p>\n<p>F s\u0131n\u0131f\u0131 izolasyonlu ve IP 55 koruma s\u0131n\u0131fl\u0131 direkt akuple motor<\/p>\n<p>Frekans de\u011fi\u015ftirici ile %25 &#8211; %100 aral\u0131\u011f\u0131nda h\u0131z kontrol\u00fc<\/p>\n<p>Kolay montaj ve bak\u0131m imkan\u0131 sa\u011flayan tasar\u0131m<\/p>\n<p><strong>Accessories<\/strong><\/p>\n<p>Frequency changer<\/p>\n<p>AKF Aktif Karbon Filtre<\/p>\n<p>Metal Filtre<\/p>\n<p>MC Montaj Kaidesi<\/p>","protected":false},"excerpt":{"rendered":"<p>VENCO VMC Roof-Mounted Kitchen Exhaust Fans, although primarily preferred for kitchen ventilation, can also be used for various other applications. Because the motor is located outside the airflow, it is not exposed to high-temperature, oily exhaust air.<\/p>","protected":false},"featured_media":4881,"comment_status":"open","ping_status":"closed","template":"","meta":{"_acf_changed":false,"_monsterinsights_skip_tracking":false,"_monsterinsights_sitenote_active":false,"_monsterinsights_sitenote_note":"","_monsterinsights_sitenote_category":0},"product_brand":[],"product_cat":[25,55],"product_tag":[],"class_list":{"0":"post-4879","1":"product","2":"type-product","3":"status-publish","4":"has-post-thumbnail","6":"product_cat-fanlar","7":"product_cat-mutfak-egzoz-fanlari","9":"first","10":"instock","11":"shipping-taxable","12":"product-type-simple"},"acf":[],"aioseo_notices":[],"_links":{"self":[{"href":"https:\/\/gaiamekanik.com.tr\/en\/wp-json\/wp\/v2\/product\/4879","targetHints":{"allow":["GET"]}}],"collection":[{"href":"https:\/\/gaiamekanik.com.tr\/en\/wp-json\/wp\/v2\/product"}],"about":[{"href":"https:\/\/gaiamekanik.com.tr\/en\/wp-json\/wp\/v2\/types\/product"}],"replies":[{"embeddable":true,"href":"https:\/\/gaiamekanik.com.tr\/en\/wp-json\/wp\/v2\/comments?post=4879"}],"version-history":[{"count":4,"href":"https:\/\/gaiamekanik.com.tr\/en\/wp-json\/wp\/v2\/product\/4879\/revisions"}],"predecessor-version":[{"id":5906,"href":"https:\/\/gaiamekanik.com.tr\/en\/wp-json\/wp\/v2\/product\/4879\/revisions\/5906"}],"wp:featuredmedia":[{"embeddable":true,"href":"https:\/\/gaiamekanik.com.tr\/en\/wp-json\/wp\/v2\/media\/4881"}],"wp:attachment":[{"href":"https:\/\/gaiamekanik.com.tr\/en\/wp-json\/wp\/v2\/media?parent=4879"}],"wp:term":[{"taxonomy":"product_brand","embeddable":true,"href":"https:\/\/gaiamekanik.com.tr\/en\/wp-json\/wp\/v2\/product_brand?post=4879"},{"taxonomy":"product_cat","embeddable":true,"href":"https:\/\/gaiamekanik.com.tr\/en\/wp-json\/wp\/v2\/product_cat?post=4879"},{"taxonomy":"product_tag","embeddable":true,"href":"https:\/\/gaiamekanik.com.tr\/en\/wp-json\/wp\/v2\/product_tag?post=4879"}],"curies":[{"name":"wp","href":"https:\/\/api.w.org\/{rel}","templated":true}]}}