{"id":4883,"date":"2025-04-25T22:02:00","date_gmt":"2025-04-25T19:02:00","guid":{"rendered":"https:\/\/gaiamekanik.com.tr\/?post_type=product&#038;p=4883"},"modified":"2025-12-19T12:59:49","modified_gmt":"2025-12-19T09:59:49","slug":"yatay-atisli-cati-tipi-fanlar-ac-ec","status":"publish","type":"product","link":"https:\/\/gaiamekanik.com.tr\/en\/product\/yatay-atisli-cati-tipi-fanlar-ac-ec\/","title":{"rendered":"HORIZONTAL ROOF TYPE FANS (AC(EC)"},"content":{"rendered":"<h5>\u00d6zellikler<\/h5>\n<ul>\n<li>High corrosion resistance thanks to its oven-painted galvanized sheet metal body.<\/li>\n<li>Easy maintenance and cleaning thanks to its hinged connection.<\/li>\n<li>IP 44, external rotor, maintenance-free ball bearing motor.<\/li>\n<li>Automatic thermal protection<\/li>\n<li>It can be controlled with a speed switch.<\/li>\n<\/ul>\n<h5>Accessories<\/h5>\n<ul>\n<li>VSC H\u0131z Anahtar\u0131<\/li>\n<li>BDD \u00c7at\u0131 Fanlar\u0131 i\u00e7in Yuvarlak Tek Y\u00f6nl\u00fc Klape<\/li>\n<li>MC Montaj Kaidesi<\/li>\n<li>SDS Susturuculu Montaj Kaidesi<\/li>\n<\/ul>","protected":false},"excerpt":{"rendered":"<p>High corrosion resistance thanks to its oven-painted galvanized sheet metal body.<\/p>\n<p>Easy maintenance and cleaning thanks to its hinged connection.<\/p>\n<p>IP 44, external rotor, maintenance-free ball bearing motor.<\/p>\n<p>Automatic thermal protection<\/p>\n<p>It can be controlled with a speed switch.<\/p>","protected":false},"featured_media":4885,"comment_status":"open","ping_status":"closed","template":"","meta":{"_acf_changed":false,"_monsterinsights_skip_tracking":false,"_monsterinsights_sitenote_active":false,"_monsterinsights_sitenote_note":"","_monsterinsights_sitenote_category":0},"product_brand":[],"product_cat":[25,53],"product_tag":[],"class_list":{"0":"post-4883","1":"product","2":"type-product","3":"status-publish","4":"has-post-thumbnail","6":"product_cat-fanlar","7":"product_cat-cati-tipi-fanlar","9":"first","10":"instock","11":"shipping-taxable","12":"product-type-simple"},"acf":[],"aioseo_notices":[],"_links":{"self":[{"href":"https:\/\/gaiamekanik.com.tr\/en\/wp-json\/wp\/v2\/product\/4883","targetHints":{"allow":["GET"]}}],"collection":[{"href":"https:\/\/gaiamekanik.com.tr\/en\/wp-json\/wp\/v2\/product"}],"about":[{"href":"https:\/\/gaiamekanik.com.tr\/en\/wp-json\/wp\/v2\/types\/product"}],"replies":[{"embeddable":true,"href":"https:\/\/gaiamekanik.com.tr\/en\/wp-json\/wp\/v2\/comments?post=4883"}],"version-history":[{"count":3,"href":"https:\/\/gaiamekanik.com.tr\/en\/wp-json\/wp\/v2\/product\/4883\/revisions"}],"predecessor-version":[{"id":5899,"href":"https:\/\/gaiamekanik.com.tr\/en\/wp-json\/wp\/v2\/product\/4883\/revisions\/5899"}],"wp:featuredmedia":[{"embeddable":true,"href":"https:\/\/gaiamekanik.com.tr\/en\/wp-json\/wp\/v2\/media\/4885"}],"wp:attachment":[{"href":"https:\/\/gaiamekanik.com.tr\/en\/wp-json\/wp\/v2\/media?parent=4883"}],"wp:term":[{"taxonomy":"product_brand","embeddable":true,"href":"https:\/\/gaiamekanik.com.tr\/en\/wp-json\/wp\/v2\/product_brand?post=4883"},{"taxonomy":"product_cat","embeddable":true,"href":"https:\/\/gaiamekanik.com.tr\/en\/wp-json\/wp\/v2\/product_cat?post=4883"},{"taxonomy":"product_tag","embeddable":true,"href":"https:\/\/gaiamekanik.com.tr\/en\/wp-json\/wp\/v2\/product_tag?post=4883"}],"curies":[{"name":"wp","href":"https:\/\/api.w.org\/{rel}","templated":true}]}}