{"id":4886,"date":"2025-04-25T22:09:55","date_gmt":"2025-04-25T19:09:55","guid":{"rendered":"https:\/\/gaiamekanik.com.tr\/?post_type=product&#038;p=4886"},"modified":"2025-12-19T11:51:13","modified_gmt":"2025-12-19T08:51:13","slug":"kanal-tipi-aksiyal-duman-egzoz-fanlari","status":"publish","type":"product","link":"https:\/\/gaiamekanik.com.tr\/en\/product\/kanal-tipi-aksiyal-duman-egzoz-fanlari\/","title":{"rendered":"AXIAL SMOKE EXHAUST FANS"},"content":{"rendered":"<p>Kolay Kurulum<\/p>\n<p>Motorlar, elektrik ba\u011flant\u0131s\u0131 kolayl\u0131\u011f\u0131 i\u00e7in \u00fcnite kasas\u0131n\u0131n d\u0131\u015f\u0131na monte edilmi\u015f IP55 korumal\u0131 bir terminal kutusuna hava ko\u015fullar\u0131na dayan\u0131kl\u0131 bir kablo arac\u0131l\u0131\u011f\u0131yla ba\u011flan\u0131r.<\/p>\n<p>Verimli Performans<\/p>\n<p>Y\u00fcksek verimli ayarlanabilir aerofoil pervaneleri, y\u00fcksek kaliteli bas\u0131n\u00e7l\u0131 d\u00f6k\u00fcm al\u00fcminyumdan yap\u0131lm\u0131\u015f kanatlarla donat\u0131lm\u0131\u015ft\u0131r. Artan b\u0131\u00e7ak akor ve b\u00fck\u00fclmesi, genel enerji t\u00fcketimini azaltan %7 daha y\u00fcksek verimlilik sa\u011flar. Artan b\u0131\u00e7ak k\u00f6k\u00fc, pervane serimizi zorlu fan uygulamalar\u0131 i\u00e7in ideal hale getiren stres seviyelerini azalt\u0131r.<\/p>\n<p>Korozyon direnci<\/p>\n<p>Standart olarak d\u0131\u015f montaj i\u00e7in uygundur.<\/p>\n<p>Kontrol edilebilirlik<\/p>\n<p>Eltadrive invert\u00f6r serisi, en son teknolojiyi kapsayacak ve sa\u011flaml\u0131\u011f\u0131 g\u00fcvenilirlikle birle\u015ftirecek \u015fekilde tasarlanm\u0131\u015ft\u0131r. Fan h\u0131z\u0131n\u0131 azaltmak i\u00e7in sens\u00f6rler arac\u0131l\u0131\u011f\u0131yla fanlar\u0131 kontrol etmek i\u00e7in bir invert\u00f6r kullanmak, daha d\u00fc\u015f\u00fck enerji t\u00fcketimi yoluyla \u00f6nemli maliyet tasarrufu sa\u011flayabilir.<\/p>\n<p>Garanti<\/p>\n<p>Her SLC&#8217;nin 12 ayl\u0131k garantisi vard\u0131r.<\/p>\n<p><strong>Boyut: 315 <\/strong><\/p>\n<p><strong>A\u00c7IKLAMASI:<\/strong><\/p>\n<p>AC 4 kutuplu 3 fazl\u0131<\/p>\n<p>EC Tek fazl\u0131<\/p>\n<p><strong>Boyut: 355 <\/strong><\/p>\n<p><strong>A\u00e7\u0131klama:<\/strong><\/p>\n<p>AC 4 kutuplu 3 fazl\u0131<\/p>\n<p>EC Tek fazl\u0131<\/p>\n<p><strong>\u00a0<\/strong><strong>Boyut: 400<\/strong><\/p>\n<p><strong>A\u00e7\u0131klama:<\/strong><\/p>\n<p>AC 4 kutuplu \u00fc\u00e7 fazl\u0131<\/p>\n<p>AC 4 kutuplu tek fazl\u0131<\/p>\n<p>EC tek fazl\u0131<\/p>\n<p><strong>Boyut: 450<\/strong><\/p>\n<p><strong>A\u00e7\u0131klama:<\/strong><\/p>\n<p>AC 4 kutuplu \u00fc\u00e7 fazl\u0131<\/p>\n<p>AC 4 kutuplu tek fazl\u0131<\/p>\n<p>AC 2 kutuplu tek fazl\u0131<\/p>\n<p>AC 2 kutuplu \u00fc\u00e7 fazl\u0131 y\u00fcksek performans (2A-3AC)<\/p>\n<p>EC tek fazl\u0131<\/p>\n<p><strong>Boyut: 500 <\/strong><\/p>\n<p><strong>A\u00e7\u0131klama:<\/strong><\/p>\n<p>AC 4 kutuplu \u00fc\u00e7 fazl\u0131<\/p>\n<p>AC 4 kutuplu tek fazl\u0131<\/p>\n<p>AC 2 kutuplu tek fazl\u0131<\/p>\n<p>AC 2 kutuplu \u00fc\u00e7 fazl\u0131 y\u00fcksek performans (2A-3AC)<\/p>\n<p>AC 4 kutuplu tek fazl\u0131 y\u00fcksek performans (4B-1AC)<\/p>\n<p>AC 4 kutuplu \u00fc\u00e7 fazl\u0131 y\u00fcksek performans (4A-3AC)<\/p>\n<p>EC tek fazl\u0131<\/p>\n<p><strong>Boyut: 560<\/strong><\/p>\n<p><strong>A\u00e7\u0131klama: <\/strong><\/p>\n<p>AC 4 kutuplu \u00fc\u00e7 fazl\u0131<\/p>\n<p>AC 4 kutuplu tek fazl\u0131<\/p>\n<p>AC 2 kutuplu \u00fc\u00e7 fazl\u0131<\/p>\n<p>AC 4 kutuplu \u00fc\u00e7 fazl\u0131 maksimum performans (4C-3AC)<\/p>\n<p>AC 4 kutuplu tek fazl\u0131 y\u00fcksek performans (4B-1AC)<\/p>\n<p>AC 4 kutuplu \u00fc\u00e7 fazl\u0131 y\u00fcksek performans (4A-3AC)<\/p>\n<p>EC tek fazl\u0131<\/p>\n<p><strong>Boyut: 630<\/strong><\/p>\n<p><strong>A\u00c7IKLAMASI:<\/strong><\/p>\n<p>AC 4 kutuplu 3 fazl\u0131<\/p>\n<p>AC 4 kutuplu \u00fc\u00e7 fazl\u0131 y\u00fcksek performans (4B-3AC)<\/p>\n<p>AC 4 kutuplu tek fazl\u0131 y\u00fcksek performans (4B-1AC)<\/p>\n<p>EC Tek fazl\u0131<\/p>\n<p><strong>Boyut: 710<\/strong><\/p>\n<p><strong>A\u00e7\u0131klama:<\/strong><\/p>\n<p>AC 4 kutuplu \u00fc\u00e7 fazl\u0131<\/p>\n<p>AC 4 kutuplu \u00fc\u00e7 fazl\u0131 y\u00fcksek performans (4C-3AC)<\/p>\n<p>AC 6 kutuplu \u00fc\u00e7 fazl\u0131<\/p>\n<p>AC 6 kutuplu \u00fc\u00e7 fazl\u0131 y\u00fcksek performans (6B-3AC)<\/p>\n<p><strong>Boyut: 800<\/strong><\/p>\n<p><strong>A\u00e7\u0131klama:<\/strong><\/p>\n<p>AC 4 kutuplu \u00fc\u00e7 fazl\u0131<\/p>\n<p>AC 4 kutuplu \u00fc\u00e7 fazl\u0131 y\u00fcksek performans (4B-3AC)<\/p>\n<p>AC 6 kutuplu \u00fc\u00e7 fazl\u0131<\/p>\n<p>AC 6 kutuplu \u00fc\u00e7 fazl\u0131 y\u00fcksek performans (6B-3AC)<\/p>\n<p><strong>Boyut: 900<\/strong><\/p>\n<p><strong>A\u00e7\u0131klama:<\/strong><\/p>\n<p>AC 4 kutuplu \u00fc\u00e7 fazl\u0131<\/p>\n<p>AC 4 kutuplu \u00fc\u00e7 fazl\u0131 y\u00fcksek performans (4B-3AC)<\/p>\n<p>AC 6 kutuplu \u00fc\u00e7 fazl\u0131<\/p>\n<p>AC 6 kutuplu \u00fc\u00e7 fazl\u0131 y\u00fcksek performans (6B-3AC)<\/p>\n<p>AC 8 kutuplu \u00fc\u00e7 fazl\u0131<\/p>\n<p><strong>Boyut: 1000<\/strong><\/p>\n<p><strong>A\u00e7\u0131klama:<\/strong><\/p>\n<p>AC 4 kutuplu \u00fc\u00e7 fazl\u0131<\/p>\n<p>AC 4 kutuplu \u00fc\u00e7 fazl\u0131 y\u00fcksek performans (4B-3AC)<\/p>\n<p>AC 4 kutuplu \u00fc\u00e7 fazl\u0131 maksimum performans (4C-3AC)<\/p>\n<p>AC 6 kutuplu \u00fc\u00e7 fazl\u0131<\/p>\n<p>AC 6 kutuplu \u00fc\u00e7 fazl\u0131 y\u00fcksek performans (6B-3AC)<\/p>\n<p>AC 8 kutuplu \u00fc\u00e7 fazl\u0131<\/p>\n<p><strong>Revolution SLC<\/strong><\/p>\n<p>Long Cased Axial Flow Fan<\/p>\n<ul>\n<li>11 standard sizes from 315mm to 1000mm<\/li>\n<li>Air volume flow rates up to 19.63 m<sup>3<\/sup>\/s<\/li>\n<li>Static pressures up to 994 Pa<\/li>\n<li>Suitable for operating temperatures up to +60\u00b0C (speed control +40\u00b0C)<\/li>\n<li>Available in\u00a0<strong>AC<\/strong>\u00a0&amp;\u00a0<strong>IE5 EC<\/strong><\/li>\n<\/ul>\n<h2><strong>Overview\u00a0<\/strong><\/h2>\n<p>A true industry workhorse, this extensive range offers superb performance characteristics, combined with strength, durability and corrosion resistance for a longer life.<\/p>\n<h2><strong>Features and Benefits\u00a0<\/strong><\/h2>\n<h4><strong>Easy Installation<\/strong><\/h4>\n<p>Motors are wired via a weatherproofed cable to an IP55 protected terminal box mounted on the outside of the unit casing for ease of electrical connection.<\/p>\n<h4><strong>Efficient Performance<\/strong><\/h4>\n<p>High efficiency adjustable pitch aerofoil impellers are provided with blades made from high quality pressure die cast aluminium. Increased blade chord and twist provides 7% higher efficiency reducing overall energy consumption. Increased blade root reduces stress levels which make our range of impellers ideal for arduous fan applications.<\/p>\n<h4><strong>Corrosion resistance<\/strong><\/h4>\n<p>Suitable for external mounting as standard.<\/p>\n<h4><strong>Controllability<\/strong><\/h4>\n<p>The Eltadrive range of inverters has been designed encompassing the latest technology and combining robustness with reliability. Using an inverter to control fans via sensors to reduce fan speed can provide significant cost-savings through lower energy consumption.<\/p>\n<h4><strong>Warranty<\/strong><\/h4>\n<p>Each SLC has a 12 month warranty.<\/p>\n<p>Size: 315<\/p>\n<p>DESCRIPTION: AC 4 pole 3 phase, EC Single phase<\/p>\n<p>&nbsp;<\/p>\n<p>Size: 355<\/p>\n<p>Description: AC 4 pole 3 phase, EC Single phase<\/p>\n<p>&nbsp;<\/p>\n<p>Size: 400<\/p>\n<p>Description: AC 4 pole three phase, AC 4 pole single phase, EC single phase<\/p>\n<p>&nbsp;<\/p>\n<p>Size: 450<\/p>\n<p>Description: AC 4 pole three phase, AC 4 pole single phase, AC 2 pole single phase<\/p>\n<p>AC 2 pole three phase high performance (2A-3AC)<\/p>\n<p>EC single phase<\/p>\n<p>&nbsp;<\/p>\n<p>Size: 500<\/p>\n<p>Description: AC 4 pole three phase, AC 4 pole single phase, AC 2 pole single phase, AC 2 pole three phase high performance (2A-3AC)<\/p>\n<p>AC 4 pole single phase high performance (4B-1AC)<\/p>\n<p>AC 4 pole three phase high performance (4A-3AC)<\/p>\n<p>EC single phase<\/p>\n<p>&nbsp;<\/p>\n<p>Size: 560<\/p>\n<p>Description: AC 4 pole three phase, AC 4 pole single phase, AC 2 pole three phase, AC 4 pole three phase maximum performance (4C-3AC)<\/p>\n<p>AC 4 pole single phase high performance (4B-1AC)<\/p>\n<p>AC 4 pole three phase high performance (4A-3AC)<\/p>\n<p>EC single phase<\/p>\n<p>&nbsp;<\/p>\n<p>Size: 630<\/p>\n<p>DESCRIPTION:<\/p>\n<p>AC 4 pole 3 phase<\/p>\n<p>AC 4 pole three phase high performance (4B-3AC)<\/p>\n<p>AC 4 pole single phase high performance (4B-1AC)<\/p>\n<p>EC Single phase<\/p>\n<p>&nbsp;<\/p>\n<p>Size: 710<\/p>\n<p>Description:<\/p>\n<p>AC 4 pole three phase<\/p>\n<p>AC 4 pole three phase high performance (4C-3AC)<\/p>\n<p>AC 6 pole three phase<\/p>\n<p>AC 6 pole three phase high performance (6B-3AC)<\/p>\n<p>&nbsp;<\/p>\n<p>Size: 800<\/p>\n<p>Description:<\/p>\n<p>AC 4 pole three phase<\/p>\n<p>AC 4 pole three phase high performance (4B-3AC)<\/p>\n<p>AC 6 pole three phase<\/p>\n<p>AC 6 pole three phase high performance (6B-3AC)<\/p>\n<p>&nbsp;<\/p>\n<p>Size: 900<\/p>\n<p>Description:<\/p>\n<p>AC 4 pole three phase<\/p>\n<p>AC 4 pole three phase high performance (4B-3AC)<\/p>\n<p>AC 6 pole three phase<\/p>\n<p>AC 6 pole three phase high performance (6B-3AC)<\/p>\n<p>AC 8 pole three phase<\/p>\n<p>&nbsp;<\/p>\n<p>Size: 1000<\/p>\n<p>Description:<\/p>\n<p>AC 4 pole three phase<\/p>\n<p>AC 4 pole three phase high performance (4B-3AC)<\/p>\n<p>AC 4 pole three phase maximum performance (4C-3AC)<\/p>\n<p>AC 6 pole three phase<\/p>\n<p>AC 6 pole three phase high performance (6B-3AC)<\/p>\n<p>AC 8 pole three phase<\/p>","protected":false},"excerpt":{"rendered":"<ul>\n<li>11 standard sizes from 315 mm to 1000 mm.<\/li>\n<li>Air volume flow rates up to 19.63 m3\/s<\/li>\n<li>Static pressures up to 994 Pa<\/li>\n<li>Suitable for operating temperatures up to +60\u00b0C (speed control +40\u00b0C)<\/li>\n<li>Available in AC and IE5 EC.<\/li>\n<\/ul>\n<p>A true industrial workhorse, this comprehensive product range delivers superior performance characteristics combined with power, durability, and corrosion resistance for longer lifespan.<\/p>","protected":false},"featured_media":4887,"comment_status":"open","ping_status":"closed","template":"","meta":{"_acf_changed":false,"_monsterinsights_skip_tracking":false,"_monsterinsights_sitenote_active":false,"_monsterinsights_sitenote_note":"","_monsterinsights_sitenote_category":0},"product_brand":[],"product_cat":[25,61],"product_tag":[],"class_list":{"0":"post-4886","1":"product","2":"type-product","3":"status-publish","4":"has-post-thumbnail","6":"product_cat-fanlar","7":"product_cat-duman-egzoz-fanlari","9":"first","10":"instock","11":"shipping-taxable","12":"product-type-simple"},"acf":[],"aioseo_notices":[],"_links":{"self":[{"href":"https:\/\/gaiamekanik.com.tr\/en\/wp-json\/wp\/v2\/product\/4886","targetHints":{"allow":["GET"]}}],"collection":[{"href":"https:\/\/gaiamekanik.com.tr\/en\/wp-json\/wp\/v2\/product"}],"about":[{"href":"https:\/\/gaiamekanik.com.tr\/en\/wp-json\/wp\/v2\/types\/product"}],"replies":[{"embeddable":true,"href":"https:\/\/gaiamekanik.com.tr\/en\/wp-json\/wp\/v2\/comments?post=4886"}],"version-history":[{"count":4,"href":"https:\/\/gaiamekanik.com.tr\/en\/wp-json\/wp\/v2\/product\/4886\/revisions"}],"predecessor-version":[{"id":5877,"href":"https:\/\/gaiamekanik.com.tr\/en\/wp-json\/wp\/v2\/product\/4886\/revisions\/5877"}],"wp:featuredmedia":[{"embeddable":true,"href":"https:\/\/gaiamekanik.com.tr\/en\/wp-json\/wp\/v2\/media\/4887"}],"wp:attachment":[{"href":"https:\/\/gaiamekanik.com.tr\/en\/wp-json\/wp\/v2\/media?parent=4886"}],"wp:term":[{"taxonomy":"product_brand","embeddable":true,"href":"https:\/\/gaiamekanik.com.tr\/en\/wp-json\/wp\/v2\/product_brand?post=4886"},{"taxonomy":"product_cat","embeddable":true,"href":"https:\/\/gaiamekanik.com.tr\/en\/wp-json\/wp\/v2\/product_cat?post=4886"},{"taxonomy":"product_tag","embeddable":true,"href":"https:\/\/gaiamekanik.com.tr\/en\/wp-json\/wp\/v2\/product_tag?post=4886"}],"curies":[{"name":"wp","href":"https:\/\/api.w.org\/{rel}","templated":true}]}}