{"id":4895,"date":"2025-04-25T22:18:51","date_gmt":"2025-04-25T19:18:51","guid":{"rendered":"https:\/\/gaiamekanik.com.tr\/?post_type=product&#038;p=4895"},"modified":"2025-12-19T12:31:10","modified_gmt":"2025-12-19T09:31:10","slug":"rftx-ex-proof-radyal-tek-emisli-fanlar","status":"publish","type":"product","link":"https:\/\/gaiamekanik.com.tr\/en\/product\/rftx-ex-proof-radyal-tek-emisli-fanlar\/","title":{"rendered":"SINGLE INLET EXPROOF RADIAL FANS"},"content":{"rendered":"<h2>SINGLE INLET EXPROOF RADIAL FANS<\/h2>\n<h5>\u00d6zellikler<\/h5>\n<ul>\n<li>Galvaniz sacl\u0131 g\u00f6vde<\/li>\n<li>II 2G Ex e IIB+H2 T3 Gb koruma s\u0131n\u0131f\u0131<\/li>\n<li>\u00dcr\u00fcn\u00fcn tamam\u0131n\u0131 kapsayan ATEX sertifikal\u0131<\/li>\n<li>\u00dc\u00e7 fazl\u0131, IP 55 koruma s\u0131n\u0131fl\u0131 motor<\/li>\n<\/ul>","protected":false},"excerpt":{"rendered":"<p>RFTX Ex-Proof Radyal Tek Emi\u015fli Fanlar \u00d6zellikler Galvaniz sacl\u0131 g\u00f6vde II 2G Ex e IIB+H2 T3 Gb koruma s\u0131n\u0131f\u0131 \u00dcr\u00fcn\u00fcn tamam\u0131n\u0131 kapsayan ATEX sertifikal\u0131 \u00dc\u00e7 fazl\u0131, IP 55 koruma s\u0131n\u0131fl\u0131 motor<\/p>","protected":false},"featured_media":5338,"comment_status":"open","ping_status":"closed","template":"","meta":{"_acf_changed":false,"_monsterinsights_skip_tracking":false,"_monsterinsights_sitenote_active":false,"_monsterinsights_sitenote_note":"","_monsterinsights_sitenote_category":0},"product_brand":[],"product_cat":[25,51],"product_tag":[],"class_list":{"0":"post-4895","1":"product","2":"type-product","3":"status-publish","4":"has-post-thumbnail","6":"product_cat-fanlar","7":"product_cat-exproof-fanlar","9":"first","10":"instock","11":"shipping-taxable","12":"product-type-simple"},"acf":[],"aioseo_notices":[],"_links":{"self":[{"href":"https:\/\/gaiamekanik.com.tr\/en\/wp-json\/wp\/v2\/product\/4895","targetHints":{"allow":["GET"]}}],"collection":[{"href":"https:\/\/gaiamekanik.com.tr\/en\/wp-json\/wp\/v2\/product"}],"about":[{"href":"https:\/\/gaiamekanik.com.tr\/en\/wp-json\/wp\/v2\/types\/product"}],"replies":[{"embeddable":true,"href":"https:\/\/gaiamekanik.com.tr\/en\/wp-json\/wp\/v2\/comments?post=4895"}],"version-history":[{"count":5,"href":"https:\/\/gaiamekanik.com.tr\/en\/wp-json\/wp\/v2\/product\/4895\/revisions"}],"predecessor-version":[{"id":5886,"href":"https:\/\/gaiamekanik.com.tr\/en\/wp-json\/wp\/v2\/product\/4895\/revisions\/5886"}],"wp:featuredmedia":[{"embeddable":true,"href":"https:\/\/gaiamekanik.com.tr\/en\/wp-json\/wp\/v2\/media\/5338"}],"wp:attachment":[{"href":"https:\/\/gaiamekanik.com.tr\/en\/wp-json\/wp\/v2\/media?parent=4895"}],"wp:term":[{"taxonomy":"product_brand","embeddable":true,"href":"https:\/\/gaiamekanik.com.tr\/en\/wp-json\/wp\/v2\/product_brand?post=4895"},{"taxonomy":"product_cat","embeddable":true,"href":"https:\/\/gaiamekanik.com.tr\/en\/wp-json\/wp\/v2\/product_cat?post=4895"},{"taxonomy":"product_tag","embeddable":true,"href":"https:\/\/gaiamekanik.com.tr\/en\/wp-json\/wp\/v2\/product_tag?post=4895"}],"curies":[{"name":"wp","href":"https:\/\/api.w.org\/{rel}","templated":true}]}}