{"id":4898,"date":"2025-04-25T22:20:02","date_gmt":"2025-04-25T19:20:02","guid":{"rendered":"https:\/\/gaiamekanik.com.tr\/?post_type=product&#038;p=4898"},"modified":"2025-12-19T12:32:56","modified_gmt":"2025-12-19T09:32:56","slug":"rkx-kanal-tipi-ex-proof-fanlar","status":"publish","type":"product","link":"https:\/\/gaiamekanik.com.tr\/en\/product\/rkx-kanal-tipi-ex-proof-fanlar\/","title":{"rendered":"DUCT TYPE EXPROOF FANS"},"content":{"rendered":"<p>Galvaniz sacl\u0131 g\u00f6vde<\/p>\n<p>II 2G Ex e IIB+H2 T3 Gb koruma s\u0131n\u0131f\u0131<\/p>\n<p>\u00dcr\u00fcn\u00fcn tamam\u0131n\u0131 kapsayan ATEX sertifikal\u0131<\/p>\n<p>\u00dc\u00e7 fazl\u0131, IP 44 koruma s\u0131n\u0131fl\u0131, d\u0131\u015ftan rotorlu motor<\/p>\n<p>K\u0131v\u0131lc\u0131m \u00f6nleyici bak\u0131r malzemeden yap\u0131lm\u0131\u015f emi\u015f a\u011fz\u0131<\/p>\n<p>Mente\u015feli ba\u011flant\u0131s\u0131 sayesinde h\u0131zl\u0131 ve kolay motor ve kanat temizli\u011fi<\/p>","protected":false},"excerpt":{"rendered":"<p>Galvaniz sacl\u0131 g\u00f6vde II 2G Ex e IIB+H2 T3 Gb koruma s\u0131n\u0131f\u0131 \u00dcr\u00fcn\u00fcn tamam\u0131n\u0131 kapsayan ATEX sertifikal\u0131 \u00dc\u00e7 fazl\u0131, IP 44 koruma s\u0131n\u0131fl\u0131, d\u0131\u015ftan rotorlu motor K\u0131v\u0131lc\u0131m \u00f6nleyici bak\u0131r malzemeden yap\u0131lm\u0131\u015f emi\u015f a\u011fz\u0131 Mente\u015feli ba\u011flant\u0131s\u0131 sayesinde h\u0131zl\u0131 ve kolay motor ve kanat temizli\u011fi<\/p>","protected":false},"featured_media":4899,"comment_status":"open","ping_status":"closed","template":"","meta":{"_acf_changed":false,"_monsterinsights_skip_tracking":false,"_monsterinsights_sitenote_active":false,"_monsterinsights_sitenote_note":"","_monsterinsights_sitenote_category":0},"product_brand":[],"product_cat":[25,51],"product_tag":[],"class_list":{"0":"post-4898","1":"product","2":"type-product","3":"status-publish","4":"has-post-thumbnail","6":"product_cat-fanlar","7":"product_cat-exproof-fanlar","9":"first","10":"instock","11":"shipping-taxable","12":"product-type-simple"},"acf":[],"aioseo_notices":[],"_links":{"self":[{"href":"https:\/\/gaiamekanik.com.tr\/en\/wp-json\/wp\/v2\/product\/4898","targetHints":{"allow":["GET"]}}],"collection":[{"href":"https:\/\/gaiamekanik.com.tr\/en\/wp-json\/wp\/v2\/product"}],"about":[{"href":"https:\/\/gaiamekanik.com.tr\/en\/wp-json\/wp\/v2\/types\/product"}],"replies":[{"embeddable":true,"href":"https:\/\/gaiamekanik.com.tr\/en\/wp-json\/wp\/v2\/comments?post=4898"}],"version-history":[{"count":3,"href":"https:\/\/gaiamekanik.com.tr\/en\/wp-json\/wp\/v2\/product\/4898\/revisions"}],"predecessor-version":[{"id":5888,"href":"https:\/\/gaiamekanik.com.tr\/en\/wp-json\/wp\/v2\/product\/4898\/revisions\/5888"}],"wp:featuredmedia":[{"embeddable":true,"href":"https:\/\/gaiamekanik.com.tr\/en\/wp-json\/wp\/v2\/media\/4899"}],"wp:attachment":[{"href":"https:\/\/gaiamekanik.com.tr\/en\/wp-json\/wp\/v2\/media?parent=4898"}],"wp:term":[{"taxonomy":"product_brand","embeddable":true,"href":"https:\/\/gaiamekanik.com.tr\/en\/wp-json\/wp\/v2\/product_brand?post=4898"},{"taxonomy":"product_cat","embeddable":true,"href":"https:\/\/gaiamekanik.com.tr\/en\/wp-json\/wp\/v2\/product_cat?post=4898"},{"taxonomy":"product_tag","embeddable":true,"href":"https:\/\/gaiamekanik.com.tr\/en\/wp-json\/wp\/v2\/product_tag?post=4898"}],"curies":[{"name":"wp","href":"https:\/\/api.w.org\/{rel}","templated":true}]}}