{"id":4901,"date":"2025-04-25T22:20:55","date_gmt":"2025-04-25T19:20:55","guid":{"rendered":"https:\/\/gaiamekanik.com.tr\/?post_type=product&#038;p=4901"},"modified":"2025-12-19T12:35:20","modified_gmt":"2025-12-19T09:35:20","slug":"vax-ex-ex-proof-aksiyal-fanlar","status":"publish","type":"product","link":"https:\/\/gaiamekanik.com.tr\/en\/product\/vax-ex-ex-proof-aksiyal-fanlar\/","title":{"rendered":"AXIAL EXPROOF FANS"},"content":{"rendered":"<p>ATEX 2014\/34\/EU, EN 14986 : 2017, EN 60079-0 : 2013, EN 13463-1 : 2009, EN 13463-5 : 2011 Standartlar\u0131na uygun<\/p>\n<p>\u00d8 500 mm\u2019den \u00d8 1.400 mm\u2019ye geni\u015f se\u00e7im aral\u0131\u011f\u0131<\/p>\n<p>S\u0131cak dald\u0131rma galvaniz sacl\u0131 g\u00f6vde<\/p>\n<p>Al\u00fcminyum ala\u015f\u0131ml\u0131, a\u00e7\u0131s\u0131 ayarlanabilir kanatlar<\/p>\n<p>Aerodinamik profilli kanatlar ile y\u00fcksek verim ve d\u00fc\u015f\u00fck ses seviyesi<\/p>\n<p>Al\u00fcminyum ala\u015f\u0131ml\u0131 fan g\u00f6be\u011fi<\/p>\n<p>Farkl\u0131 fan kanad\u0131 ve fan g\u00f6be\u011fi kombinasyonlar\u0131 ve a\u00e7\u0131s\u0131 ayarlanabilir fan kanatlar\u0131 ile ihtiyaca en uygun, optimum kapasite<\/p>\n<p>G\u00f6vde d\u0131\u015f\u0131na montajlanm\u0131\u015f Ex-Proof sertifikal\u0131 IP 65 elektrik ba\u011flant\u0131 kutusu<\/p>\n<p>F s\u0131n\u0131f\u0131 izolasyonlu, Ex d llB T4 s\u0131n\u0131f\u0131, IP 55 elektrik motorlar\u0131<\/p>\n<p>230 V, 1 faz, 50 Hz ve 380 V, 3 faz, 50 Hz motor<\/p>\n<p>-20\u00b0C ile 40\u00b0C aras\u0131nda \u00e7al\u0131\u015fma s\u0131cakl\u0131\u011f\u0131<\/p>\n<p><strong>Accessories<\/strong><\/p>\n<p>SLE Susturucu<\/p>\n<p>EBS Standart Esnek Ba\u011flant\u0131<\/p>\n<p>MFT Montaj Aya\u011f\u0131<\/p>\n<p>MFL Kar\u015f\u0131 Flan\u015f<\/p>\n<p>MPT Montaj Plakas\u0131<\/p>\n<p>MSC Wire Cage<\/p>\n<p>ACD Bak\u0131m Kapa\u011f\u0131<\/p>\n<p>XS Titre\u015fim Yutucu Takoz<\/p>","protected":false},"excerpt":{"rendered":"<p>VENCO Ex-Proof Axial Fans are ATEX certified fans suitable for industrial applications such as petrochemical plants, wastewater treatment plants, and painting facilities. A wide range of capacities, different fan blade and hub designs, and adjustable blade angles allow for the provision of products with capacities to suit specific needs.<\/p>","protected":false},"featured_media":5336,"comment_status":"open","ping_status":"closed","template":"","meta":{"_acf_changed":false,"_monsterinsights_skip_tracking":false,"_monsterinsights_sitenote_active":false,"_monsterinsights_sitenote_note":"","_monsterinsights_sitenote_category":0},"product_brand":[],"product_cat":[25,51],"product_tag":[],"class_list":{"0":"post-4901","1":"product","2":"type-product","3":"status-publish","4":"has-post-thumbnail","6":"product_cat-fanlar","7":"product_cat-exproof-fanlar","9":"first","10":"instock","11":"shipping-taxable","12":"product-type-simple"},"acf":[],"aioseo_notices":[],"_links":{"self":[{"href":"https:\/\/gaiamekanik.com.tr\/en\/wp-json\/wp\/v2\/product\/4901","targetHints":{"allow":["GET"]}}],"collection":[{"href":"https:\/\/gaiamekanik.com.tr\/en\/wp-json\/wp\/v2\/product"}],"about":[{"href":"https:\/\/gaiamekanik.com.tr\/en\/wp-json\/wp\/v2\/types\/product"}],"replies":[{"embeddable":true,"href":"https:\/\/gaiamekanik.com.tr\/en\/wp-json\/wp\/v2\/comments?post=4901"}],"version-history":[{"count":2,"href":"https:\/\/gaiamekanik.com.tr\/en\/wp-json\/wp\/v2\/product\/4901\/revisions"}],"predecessor-version":[{"id":5889,"href":"https:\/\/gaiamekanik.com.tr\/en\/wp-json\/wp\/v2\/product\/4901\/revisions\/5889"}],"wp:featuredmedia":[{"embeddable":true,"href":"https:\/\/gaiamekanik.com.tr\/en\/wp-json\/wp\/v2\/media\/5336"}],"wp:attachment":[{"href":"https:\/\/gaiamekanik.com.tr\/en\/wp-json\/wp\/v2\/media?parent=4901"}],"wp:term":[{"taxonomy":"product_brand","embeddable":true,"href":"https:\/\/gaiamekanik.com.tr\/en\/wp-json\/wp\/v2\/product_brand?post=4901"},{"taxonomy":"product_cat","embeddable":true,"href":"https:\/\/gaiamekanik.com.tr\/en\/wp-json\/wp\/v2\/product_cat?post=4901"},{"taxonomy":"product_tag","embeddable":true,"href":"https:\/\/gaiamekanik.com.tr\/en\/wp-json\/wp\/v2\/product_tag?post=4901"}],"curies":[{"name":"wp","href":"https:\/\/api.w.org\/{rel}","templated":true}]}}