{"id":4903,"date":"2025-04-25T22:22:14","date_gmt":"2025-04-25T19:22:14","guid":{"rendered":"https:\/\/gaiamekanik.com.tr\/?post_type=product&#038;p=4903"},"modified":"2025-12-19T12:37:28","modified_gmt":"2025-12-19T09:37:28","slug":"vd-ex-ex-proof-duvar-tipi-aksiyal-fanlar","status":"publish","type":"product","link":"https:\/\/gaiamekanik.com.tr\/en\/product\/vd-ex-ex-proof-duvar-tipi-aksiyal-fanlar\/","title":{"rendered":"WALL TYPE EXPROOF FANS"},"content":{"rendered":"<p>\u00d8315-630 mm aral\u0131\u011f\u0131nda, 7 farkl\u0131 \u00e7apta,<\/p>\n<p>Do\u011frudan duvara kolay ve h\u0131zl\u0131 montaj,<\/p>\n<p>Galvaniz g\u00f6vde ve al\u00fcminyum emi\u015f konisi,<\/p>\n<p>Al\u00fcminyum ala\u015f\u0131ml\u0131 fan g\u00f6be\u011fi,<\/p>\n<p>F s\u0131n\u0131f\u0131 izolasyonlu, IP 66 elektrik al\u00fcminyum motor,<\/p>\n<p>230 V\/1 Faz\/50 Hz ve 400 V\/3 Faz \/50 Hz motor se\u00e7enekleri ile,<\/p>\n<p>T\u00fcm VD-EX modelleri i\u00e7in \u00e7al\u0131\u015fma s\u0131cakl\u0131\u011f\u0131 -20\u00b0C \/ +60\u00b0C\u2019dir.<\/p>","protected":false},"excerpt":{"rendered":"<p>\u00d8315-630 mm aral\u0131\u011f\u0131nda, 7 farkl\u0131 \u00e7apta, Do\u011frudan duvara kolay ve h\u0131zl\u0131 montaj, Galvaniz g\u00f6vde ve al\u00fcminyum emi\u015f konisi, Al\u00fcminyum ala\u015f\u0131ml\u0131 fan g\u00f6be\u011fi, F s\u0131n\u0131f\u0131 izolasyonlu, IP 66 elektrik al\u00fcminyum motor, 230 V\/1 Faz\/50 Hz ve 400 V\/3 Faz \/50 Hz motor se\u00e7enekleri ile, T\u00fcm VD-EX modelleri i\u00e7in \u00e7al\u0131\u015fma s\u0131cakl\u0131\u011f\u0131 -20\u00b0C \/ +60\u00b0C\u2019dir.<\/p>","protected":false},"featured_media":4904,"comment_status":"open","ping_status":"closed","template":"","meta":{"_acf_changed":false,"_monsterinsights_skip_tracking":false,"_monsterinsights_sitenote_active":false,"_monsterinsights_sitenote_note":"","_monsterinsights_sitenote_category":0},"product_brand":[],"product_cat":[25,51],"product_tag":[],"class_list":{"0":"post-4903","1":"product","2":"type-product","3":"status-publish","4":"has-post-thumbnail","6":"product_cat-fanlar","7":"product_cat-exproof-fanlar","9":"first","10":"instock","11":"shipping-taxable","12":"product-type-simple"},"acf":[],"aioseo_notices":[],"_links":{"self":[{"href":"https:\/\/gaiamekanik.com.tr\/en\/wp-json\/wp\/v2\/product\/4903","targetHints":{"allow":["GET"]}}],"collection":[{"href":"https:\/\/gaiamekanik.com.tr\/en\/wp-json\/wp\/v2\/product"}],"about":[{"href":"https:\/\/gaiamekanik.com.tr\/en\/wp-json\/wp\/v2\/types\/product"}],"replies":[{"embeddable":true,"href":"https:\/\/gaiamekanik.com.tr\/en\/wp-json\/wp\/v2\/comments?post=4903"}],"version-history":[{"count":2,"href":"https:\/\/gaiamekanik.com.tr\/en\/wp-json\/wp\/v2\/product\/4903\/revisions"}],"predecessor-version":[{"id":5890,"href":"https:\/\/gaiamekanik.com.tr\/en\/wp-json\/wp\/v2\/product\/4903\/revisions\/5890"}],"wp:featuredmedia":[{"embeddable":true,"href":"https:\/\/gaiamekanik.com.tr\/en\/wp-json\/wp\/v2\/media\/4904"}],"wp:attachment":[{"href":"https:\/\/gaiamekanik.com.tr\/en\/wp-json\/wp\/v2\/media?parent=4903"}],"wp:term":[{"taxonomy":"product_brand","embeddable":true,"href":"https:\/\/gaiamekanik.com.tr\/en\/wp-json\/wp\/v2\/product_brand?post=4903"},{"taxonomy":"product_cat","embeddable":true,"href":"https:\/\/gaiamekanik.com.tr\/en\/wp-json\/wp\/v2\/product_cat?post=4903"},{"taxonomy":"product_tag","embeddable":true,"href":"https:\/\/gaiamekanik.com.tr\/en\/wp-json\/wp\/v2\/product_tag?post=4903"}],"curies":[{"name":"wp","href":"https:\/\/api.w.org\/{rel}","templated":true}]}}