{"id":4911,"date":"2025-04-25T23:59:04","date_gmt":"2025-04-25T20:59:04","guid":{"rendered":"https:\/\/gaiamekanik.com.tr\/?post_type=product&#038;p=4911"},"modified":"2025-12-19T12:42:30","modified_gmt":"2025-12-19T09:42:30","slug":"dar-govdeli-kanal-tipi-fanlar","status":"publish","type":"product","link":"https:\/\/gaiamekanik.com.tr\/en\/product\/dar-govdeli-kanal-tipi-fanlar\/","title":{"rendered":"NARROW CASING DUCT TYPE FANS"},"content":{"rendered":"<h5>\u00d6zellikler<\/h5>\n<ul>\n<li>G\u00f6vde galvaniz \u00e7elik olarak imal edilir.<\/li>\n<li>Fanlar geriye e\u011fik seyrek kanatl\u0131, direkt akuple motorlu ve d\u0131\u015ftan rotorludur.<\/li>\n<li>VNF modeli tek emi\u015fli, VNF-D modeli \u00e7ift emi\u015flidir.<\/li>\n<li>Kanat ve motor bak\u0131m\u0131 i\u00e7in a\u00e7\u0131labilir servis kapa\u011f\u0131 bulunmaktad\u0131r.<\/li>\n<li>Farkl\u0131 a\u00e7\u0131larda montaj yap\u0131labilir.<\/li>\n<li>It can be controlled with a speed switch.<\/li>\n<\/ul>\n<h5>Accessories<\/h5>\n<ul>\n<li>VSC H\u0131z Anahtar\u0131<\/li>\n<\/ul>","protected":false},"excerpt":{"rendered":"<p>\u00d6zellikler G\u00f6vde galvaniz \u00e7elik olarak imal edilir. Fanlar geriye e\u011fik seyrek kanatl\u0131, direkt akuple motorlu ve d\u0131\u015ftan rotorludur. VNF modeli tek emi\u015fli, VNF-D modeli \u00e7ift emi\u015flidir. Kanat ve motor bak\u0131m\u0131 i\u00e7in a\u00e7\u0131labilir servis kapa\u011f\u0131 bulunmaktad\u0131r. Farkl\u0131 a\u00e7\u0131larda montaj yap\u0131labilir. H\u0131z anahtar\u0131 ile kontrol edilebilir. Aksesuarlar VSC H\u0131z Anahtar\u0131<\/p>","protected":false},"featured_media":5348,"comment_status":"open","ping_status":"closed","template":"","meta":{"_acf_changed":false,"_monsterinsights_skip_tracking":false,"_monsterinsights_sitenote_active":false,"_monsterinsights_sitenote_note":"","_monsterinsights_sitenote_category":0},"product_brand":[],"product_cat":[25,52],"product_tag":[],"class_list":{"0":"post-4911","1":"product","2":"type-product","3":"status-publish","4":"has-post-thumbnail","6":"product_cat-fanlar","7":"product_cat-kanal-tipi-fanlar","9":"first","10":"instock","11":"shipping-taxable","12":"product-type-simple"},"acf":[],"aioseo_notices":[],"_links":{"self":[{"href":"https:\/\/gaiamekanik.com.tr\/en\/wp-json\/wp\/v2\/product\/4911","targetHints":{"allow":["GET"]}}],"collection":[{"href":"https:\/\/gaiamekanik.com.tr\/en\/wp-json\/wp\/v2\/product"}],"about":[{"href":"https:\/\/gaiamekanik.com.tr\/en\/wp-json\/wp\/v2\/types\/product"}],"replies":[{"embeddable":true,"href":"https:\/\/gaiamekanik.com.tr\/en\/wp-json\/wp\/v2\/comments?post=4911"}],"version-history":[{"count":4,"href":"https:\/\/gaiamekanik.com.tr\/en\/wp-json\/wp\/v2\/product\/4911\/revisions"}],"predecessor-version":[{"id":5892,"href":"https:\/\/gaiamekanik.com.tr\/en\/wp-json\/wp\/v2\/product\/4911\/revisions\/5892"}],"wp:featuredmedia":[{"embeddable":true,"href":"https:\/\/gaiamekanik.com.tr\/en\/wp-json\/wp\/v2\/media\/5348"}],"wp:attachment":[{"href":"https:\/\/gaiamekanik.com.tr\/en\/wp-json\/wp\/v2\/media?parent=4911"}],"wp:term":[{"taxonomy":"product_brand","embeddable":true,"href":"https:\/\/gaiamekanik.com.tr\/en\/wp-json\/wp\/v2\/product_brand?post=4911"},{"taxonomy":"product_cat","embeddable":true,"href":"https:\/\/gaiamekanik.com.tr\/en\/wp-json\/wp\/v2\/product_cat?post=4911"},{"taxonomy":"product_tag","embeddable":true,"href":"https:\/\/gaiamekanik.com.tr\/en\/wp-json\/wp\/v2\/product_tag?post=4911"}],"curies":[{"name":"wp","href":"https:\/\/api.w.org\/{rel}","templated":true}]}}