{"id":4916,"date":"2025-04-26T00:00:20","date_gmt":"2025-04-25T21:00:20","guid":{"rendered":"https:\/\/gaiamekanik.com.tr\/?post_type=product&#038;p=4916"},"modified":"2025-12-19T12:44:08","modified_gmt":"2025-12-19T09:44:08","slug":"dikdortgen-kanal-tipi-fanlar-ac-ec","status":"publish","type":"product","link":"https:\/\/gaiamekanik.com.tr\/en\/product\/dikdortgen-kanal-tipi-fanlar-ac-ec\/","title":{"rendered":"RECTANGULAR DUCT TYPE FANS (AC\/EC)"},"content":{"rendered":"<h5>\u00d6zellikler<\/h5>\n<ul>\n<li>G\u00f6vde galvaniz \u00e7elik olarak imal edilir.<\/li>\n<li>Fanlar geriye e\u011fik seyrek kanatl\u0131, direkt akuple motorlu ve d\u0131\u015ftan rotorludur.<\/li>\n<li>Kendinden flan\u015fl\u0131 emi\u015f ve at\u0131\u015f a\u011fz\u0131 sayesinde montaj\u0131 kolayd\u0131r.<\/li>\n<li>Motor koruma s\u0131n\u0131f\u0131 IP 44 ve elektrik ba\u011flant\u0131 kutusu koruma s\u0131n\u0131f\u0131 IP 67\u2019dir.<\/li>\n<li>Kanat ve motor bak\u0131m\u0131 i\u00e7in a\u00e7\u0131labilir servis kapa\u011f\u0131 bulunmaktad\u0131r.<\/li>\n<li>Farkl\u0131 a\u00e7\u0131larda montaj yap\u0131labilir.<\/li>\n<li>It can be controlled with a speed switch.<\/li>\n<\/ul>\n<h5>Accessories<\/h5>\n<ul>\n<li>VSC H\u0131z Anahtar\u0131<\/li>\n<li>FLR Filtre Kutusu<\/li>\n<li>SILENT Susturucu<\/li>\n<li>EBD Dikd\u00f6rtgen Esnek Ba\u011flant\u0131<\/li>\n<li>NRK Dikd\u00f6rtgen Tek Y\u00f6nl\u00fc Klape<\/li>\n<\/ul>","protected":false},"excerpt":{"rendered":"<p>\u00d6zellikler G\u00f6vde galvaniz \u00e7elik olarak imal edilir. Fanlar geriye e\u011fik seyrek kanatl\u0131, direkt akuple motorlu ve d\u0131\u015ftan rotorludur. Kendinden flan\u015fl\u0131 emi\u015f ve at\u0131\u015f a\u011fz\u0131 sayesinde montaj\u0131 kolayd\u0131r. Motor koruma s\u0131n\u0131f\u0131 IP 44 ve elektrik ba\u011flant\u0131 kutusu koruma s\u0131n\u0131f\u0131 IP 67\u2019dir. Kanat ve motor bak\u0131m\u0131 i\u00e7in a\u00e7\u0131labilir servis kapa\u011f\u0131 bulunmaktad\u0131r. Farkl\u0131 a\u00e7\u0131larda montaj yap\u0131labilir. H\u0131z anahtar\u0131&#8230;<\/p>","protected":false},"featured_media":5343,"comment_status":"open","ping_status":"closed","template":"","meta":{"_acf_changed":false,"_monsterinsights_skip_tracking":false,"_monsterinsights_sitenote_active":false,"_monsterinsights_sitenote_note":"","_monsterinsights_sitenote_category":0},"product_brand":[],"product_cat":[25,52],"product_tag":[],"class_list":{"0":"post-4916","1":"product","2":"type-product","3":"status-publish","4":"has-post-thumbnail","6":"product_cat-fanlar","7":"product_cat-kanal-tipi-fanlar","9":"first","10":"instock","11":"shipping-taxable","12":"product-type-simple"},"acf":[],"aioseo_notices":[],"_links":{"self":[{"href":"https:\/\/gaiamekanik.com.tr\/en\/wp-json\/wp\/v2\/product\/4916","targetHints":{"allow":["GET"]}}],"collection":[{"href":"https:\/\/gaiamekanik.com.tr\/en\/wp-json\/wp\/v2\/product"}],"about":[{"href":"https:\/\/gaiamekanik.com.tr\/en\/wp-json\/wp\/v2\/types\/product"}],"replies":[{"embeddable":true,"href":"https:\/\/gaiamekanik.com.tr\/en\/wp-json\/wp\/v2\/comments?post=4916"}],"version-history":[{"count":4,"href":"https:\/\/gaiamekanik.com.tr\/en\/wp-json\/wp\/v2\/product\/4916\/revisions"}],"predecessor-version":[{"id":5893,"href":"https:\/\/gaiamekanik.com.tr\/en\/wp-json\/wp\/v2\/product\/4916\/revisions\/5893"}],"wp:featuredmedia":[{"embeddable":true,"href":"https:\/\/gaiamekanik.com.tr\/en\/wp-json\/wp\/v2\/media\/5343"}],"wp:attachment":[{"href":"https:\/\/gaiamekanik.com.tr\/en\/wp-json\/wp\/v2\/media?parent=4916"}],"wp:term":[{"taxonomy":"product_brand","embeddable":true,"href":"https:\/\/gaiamekanik.com.tr\/en\/wp-json\/wp\/v2\/product_brand?post=4916"},{"taxonomy":"product_cat","embeddable":true,"href":"https:\/\/gaiamekanik.com.tr\/en\/wp-json\/wp\/v2\/product_cat?post=4916"},{"taxonomy":"product_tag","embeddable":true,"href":"https:\/\/gaiamekanik.com.tr\/en\/wp-json\/wp\/v2\/product_tag?post=4916"}],"curies":[{"name":"wp","href":"https:\/\/api.w.org\/{rel}","templated":true}]}}