{"id":4923,"date":"2025-04-26T00:03:32","date_gmt":"2025-04-25T21:03:32","guid":{"rendered":"https:\/\/gaiamekanik.com.tr\/?post_type=product&#038;p=4923"},"modified":"2025-12-19T12:47:17","modified_gmt":"2025-12-19T09:47:17","slug":"izoleli-kanal-tipi-fanlar-ac-ec","status":"publish","type":"product","link":"https:\/\/gaiamekanik.com.tr\/en\/product\/izoleli-kanal-tipi-fanlar-ac-ec\/","title":{"rendered":"INSULATED DUCT TYPE FANS (AC\/EC)"},"content":{"rendered":"<h2><span class=\"product-title\">IRB 600&#215;350 B3<\/span><\/h2>\n<p>Dikd\u00f6rtgen ba\u011flant\u0131lara sahip yal\u0131t\u0131ml\u0131 kanal fan\u0131.<\/p>\n<p>50 mm termal ve akustik yal\u0131t\u0131m ile donat\u0131lm\u0131\u015f, so\u011fuk havay\u0131 i\u015flemek i\u00e7in idealdir.<\/p>\n<p>Y\u00fcksek bas\u0131n\u00e7 ve uzun, karma\u015f\u0131k kanal ko\u015fular\u0131 i\u00e7in tasarlanm\u0131\u015ft\u0131r.<\/p>\n<p>Tasar\u0131m i\u015flevselli\u011fe, dayan\u0131kl\u0131l\u0131\u011fa ve uzun \u00f6m\u00fcrl\u00fcl\u00fc\u011fe \u00f6ncelik verir.<\/p>\n<p>Geriye do\u011fru kavisli b\u0131\u00e7akl\u0131 pervane.<\/p>\n<p>D\u0131\u015f rotor motoru bak\u0131m gerektirmeyen s\u0131zd\u0131rmaz bilyal\u0131 rulmanlara sahiptir.<\/p>\n<p>Entegre motor korumas\u0131.<\/p>\n<p>Ba\u011flant\u0131 kutusu IP 54 muhafaza s\u0131n\u0131f\u0131na sahiptir.<\/p>\n<p>H\u0131z kontrol\u00fc i\u00e7in bir transformat\u00f6r ba\u011flanabilir.<\/p>\n<p>Muhafaza galvanizli \u00e7elik sacdan \u00fcretilmi\u015ftir.<\/p>\n<p>Fan\u0131n bir kanal sistemine monte edilmesi ama\u00e7lanm\u0131\u015ft\u0131r.<\/p>\n<p>Kola ba\u011fl\u0131 bir fan, d\u0131\u015far\u0131ya veya nemli ortamlara monte edilebilir.<\/p>","protected":false},"excerpt":{"rendered":"<p>IRB 600&#215;350 B3 Dikd\u00f6rtgen ba\u011flant\u0131lara sahip yal\u0131t\u0131ml\u0131 kanal fan\u0131. 50 mm termal ve akustik yal\u0131t\u0131m ile donat\u0131lm\u0131\u015f, so\u011fuk havay\u0131 i\u015flemek i\u00e7in idealdir. Y\u00fcksek bas\u0131n\u00e7 ve uzun, karma\u015f\u0131k kanal ko\u015fular\u0131 i\u00e7in tasarlanm\u0131\u015ft\u0131r. Tasar\u0131m i\u015flevselli\u011fe, dayan\u0131kl\u0131l\u0131\u011fa ve uzun \u00f6m\u00fcrl\u00fcl\u00fc\u011fe \u00f6ncelik verir. Geriye do\u011fru kavisli b\u0131\u00e7akl\u0131 pervane. D\u0131\u015f rotor motoru bak\u0131m gerektirmeyen s\u0131zd\u0131rmaz bilyal\u0131 rulmanlara sahiptir. Entegre motor&#8230;<\/p>","protected":false},"featured_media":4920,"comment_status":"open","ping_status":"closed","template":"","meta":{"_acf_changed":false,"_monsterinsights_skip_tracking":false,"_monsterinsights_sitenote_active":false,"_monsterinsights_sitenote_note":"","_monsterinsights_sitenote_category":0},"product_brand":[],"product_cat":[25,52],"product_tag":[],"class_list":{"0":"post-4923","1":"product","2":"type-product","3":"status-publish","4":"has-post-thumbnail","6":"product_cat-fanlar","7":"product_cat-kanal-tipi-fanlar","9":"first","10":"instock","11":"shipping-taxable","12":"product-type-simple"},"acf":[],"aioseo_notices":[],"_links":{"self":[{"href":"https:\/\/gaiamekanik.com.tr\/en\/wp-json\/wp\/v2\/product\/4923","targetHints":{"allow":["GET"]}}],"collection":[{"href":"https:\/\/gaiamekanik.com.tr\/en\/wp-json\/wp\/v2\/product"}],"about":[{"href":"https:\/\/gaiamekanik.com.tr\/en\/wp-json\/wp\/v2\/types\/product"}],"replies":[{"embeddable":true,"href":"https:\/\/gaiamekanik.com.tr\/en\/wp-json\/wp\/v2\/comments?post=4923"}],"version-history":[{"count":3,"href":"https:\/\/gaiamekanik.com.tr\/en\/wp-json\/wp\/v2\/product\/4923\/revisions"}],"predecessor-version":[{"id":5894,"href":"https:\/\/gaiamekanik.com.tr\/en\/wp-json\/wp\/v2\/product\/4923\/revisions\/5894"}],"wp:featuredmedia":[{"embeddable":true,"href":"https:\/\/gaiamekanik.com.tr\/en\/wp-json\/wp\/v2\/media\/4920"}],"wp:attachment":[{"href":"https:\/\/gaiamekanik.com.tr\/en\/wp-json\/wp\/v2\/media?parent=4923"}],"wp:term":[{"taxonomy":"product_brand","embeddable":true,"href":"https:\/\/gaiamekanik.com.tr\/en\/wp-json\/wp\/v2\/product_brand?post=4923"},{"taxonomy":"product_cat","embeddable":true,"href":"https:\/\/gaiamekanik.com.tr\/en\/wp-json\/wp\/v2\/product_cat?post=4923"},{"taxonomy":"product_tag","embeddable":true,"href":"https:\/\/gaiamekanik.com.tr\/en\/wp-json\/wp\/v2\/product_tag?post=4923"}],"curies":[{"name":"wp","href":"https:\/\/api.w.org\/{rel}","templated":true}]}}