{"id":4925,"date":"2025-04-26T00:04:44","date_gmt":"2025-04-25T21:04:44","guid":{"rendered":"https:\/\/gaiamekanik.com.tr\/?post_type=product&#038;p=4925"},"modified":"2025-12-19T12:39:39","modified_gmt":"2025-12-19T09:39:39","slug":"yuvarlak-kanal-tipi-fanlar-ac-ec","status":"publish","type":"product","link":"https:\/\/gaiamekanik.com.tr\/en\/product\/yuvarlak-kanal-tipi-fanlar-ac-ec\/","title":{"rendered":"CIRCULAR DUCT TYPE FANS (AC\/EC)"},"content":{"rendered":"<h5>\u00d6zellikler<\/h5>\n<ul>\n<li>T\u00fcm seri ErP2018 reg\u00fclasyonu uyumlu<\/li>\n<li>Do\u011frulanm\u0131\u015f performans ve g\u00fcvenilirlik<\/li>\n<li>\u00d8100-\u00d8315mm aral\u0131\u011f\u0131nda 6 farkl\u0131 \u00e7apta, 9 model se\u00e7ene\u011fi<\/li>\n<li>Geriye e\u011fik kanatl\u0131 radyal EC Fanlar<\/li>\n<li>Galvanizli sacdan mamul \u00f6zel g\u00f6vde tasar\u0131m\u0131 sayesinde azalt\u0131lm\u0131\u015f t\u00fcrb\u00fclans<\/li>\n<li>Kolay ve h\u0131zl\u0131 montaj ile yer ve i\u015f\u00e7ilikten tasarruf<\/li>\n<li>Her a\u00e7\u0131da montaj imkan\u0131<\/li>\n<li>Nemli ortamlarda \u00e7al\u0131\u015fma imkan\u0131, IP44 Motor, IP54 buat kutusu<\/li>\n<li>0-10V harici \u00e7\u0131k\u0131\u015fla veya dahili potansiyometre ile h\u0131z kontrol\u00fc imkan\u0131<\/li>\n<\/ul>","protected":false},"excerpt":{"rendered":"<p>\u00d6zellikler T\u00fcm seri ErP2018 reg\u00fclasyonu uyumlu Do\u011frulanm\u0131\u015f performans ve g\u00fcvenilirlik \u00d8100-\u00d8315mm aral\u0131\u011f\u0131nda 6 farkl\u0131 \u00e7apta, 9 model se\u00e7ene\u011fi Geriye e\u011fik kanatl\u0131 radyal EC Fanlar Galvanizli sacdan mamul \u00f6zel g\u00f6vde tasar\u0131m\u0131 sayesinde azalt\u0131lm\u0131\u015f t\u00fcrb\u00fclans Kolay ve h\u0131zl\u0131 montaj ile yer ve i\u015f\u00e7ilikten tasarruf Her a\u00e7\u0131da montaj imkan\u0131 Nemli ortamlarda \u00e7al\u0131\u015fma imkan\u0131, IP44 Motor, IP54 buat kutusu&#8230;<\/p>","protected":false},"featured_media":4928,"comment_status":"open","ping_status":"closed","template":"","meta":{"_acf_changed":false,"_monsterinsights_skip_tracking":false,"_monsterinsights_sitenote_active":false,"_monsterinsights_sitenote_note":"","_monsterinsights_sitenote_category":0},"product_brand":[],"product_cat":[25,52],"product_tag":[],"class_list":{"0":"post-4925","1":"product","2":"type-product","3":"status-publish","4":"has-post-thumbnail","6":"product_cat-fanlar","7":"product_cat-kanal-tipi-fanlar","9":"first","10":"instock","11":"shipping-taxable","12":"product-type-simple"},"acf":[],"aioseo_notices":[],"_links":{"self":[{"href":"https:\/\/gaiamekanik.com.tr\/en\/wp-json\/wp\/v2\/product\/4925","targetHints":{"allow":["GET"]}}],"collection":[{"href":"https:\/\/gaiamekanik.com.tr\/en\/wp-json\/wp\/v2\/product"}],"about":[{"href":"https:\/\/gaiamekanik.com.tr\/en\/wp-json\/wp\/v2\/types\/product"}],"replies":[{"embeddable":true,"href":"https:\/\/gaiamekanik.com.tr\/en\/wp-json\/wp\/v2\/comments?post=4925"}],"version-history":[{"count":5,"href":"https:\/\/gaiamekanik.com.tr\/en\/wp-json\/wp\/v2\/product\/4925\/revisions"}],"predecessor-version":[{"id":5891,"href":"https:\/\/gaiamekanik.com.tr\/en\/wp-json\/wp\/v2\/product\/4925\/revisions\/5891"}],"wp:featuredmedia":[{"embeddable":true,"href":"https:\/\/gaiamekanik.com.tr\/en\/wp-json\/wp\/v2\/media\/4928"}],"wp:attachment":[{"href":"https:\/\/gaiamekanik.com.tr\/en\/wp-json\/wp\/v2\/media?parent=4925"}],"wp:term":[{"taxonomy":"product_brand","embeddable":true,"href":"https:\/\/gaiamekanik.com.tr\/en\/wp-json\/wp\/v2\/product_brand?post=4925"},{"taxonomy":"product_cat","embeddable":true,"href":"https:\/\/gaiamekanik.com.tr\/en\/wp-json\/wp\/v2\/product_cat?post=4925"},{"taxonomy":"product_tag","embeddable":true,"href":"https:\/\/gaiamekanik.com.tr\/en\/wp-json\/wp\/v2\/product_tag?post=4925"}],"curies":[{"name":"wp","href":"https:\/\/api.w.org\/{rel}","templated":true}]}}