{"id":4931,"date":"2025-04-26T00:10:20","date_gmt":"2025-04-25T21:10:20","guid":{"rendered":"https:\/\/gaiamekanik.com.tr\/?post_type=product&#038;p=4931"},"modified":"2025-12-19T12:49:30","modified_gmt":"2025-12-19T09:49:30","slug":"kabinli-fanlar","status":"publish","type":"product","link":"https:\/\/gaiamekanik.com.tr\/en\/product\/kabinli-fanlar\/","title":{"rendered":"CABINET TYPE FANS"},"content":{"rendered":"<h5>\u00d6zellikler<\/h5>\n<ul>\n<li>Direkt akuple motorlu fanlar<\/li>\n<li>\u00d6ne e\u011fik galvaniz kanatl\u0131 fanlar ile d\u00fc\u015f\u00fck ses seviyesi<\/li>\n<li>Kanal ba\u011flant\u0131s\u0131na uygun olarak imal edilmektedir.<\/li>\n<li>It can be controlled with a speed switch.<\/li>\n<li>Dikd\u00f6rtgen ba\u011flant\u0131 i\u00e7in uygun<\/li>\n<li>VKF..S serisi \u00fcnitelerde, i\u00e7 y\u00fczeyler 25 mm kal\u0131nl\u0131\u011f\u0131nda NFAF ile kaplanarak ses izolasyonu sa\u011flanmaktad\u0131r.<\/li>\n<li>VKF..E serisi \u00fcnitelerin y\u00fczeyleri epoksi boyal\u0131d\u0131r ve d\u0131\u015f ortam tipi olarak kullan\u0131ma uygundur.<\/li>\n<\/ul>\n<h5>Accessories<\/h5>\n<ul>\n<li>VSC H\u0131z Anahtar\u0131<\/li>\n<\/ul>","protected":false},"excerpt":{"rendered":"<p>\u00d6zellikler Direkt akuple motorlu fanlar \u00d6ne e\u011fik galvaniz kanatl\u0131 fanlar ile d\u00fc\u015f\u00fck ses seviyesi Kanal ba\u011flant\u0131s\u0131na uygun olarak imal edilmektedir. H\u0131z anahtar\u0131 ile kontrol edilebilir. Dikd\u00f6rtgen ba\u011flant\u0131 i\u00e7in uygun VKF..S serisi \u00fcnitelerde, i\u00e7 y\u00fczeyler 25 mm kal\u0131nl\u0131\u011f\u0131nda NFAF ile kaplanarak ses izolasyonu sa\u011flanmaktad\u0131r. VKF..E serisi \u00fcnitelerin y\u00fczeyleri epoksi boyal\u0131d\u0131r ve d\u0131\u015f ortam tipi olarak kullan\u0131ma&#8230;<\/p>","protected":false},"featured_media":4926,"comment_status":"open","ping_status":"closed","template":"","meta":{"_acf_changed":false,"_monsterinsights_skip_tracking":false,"_monsterinsights_sitenote_active":false,"_monsterinsights_sitenote_note":"","_monsterinsights_sitenote_category":0},"product_brand":[],"product_cat":[25,52],"product_tag":[],"class_list":{"0":"post-4931","1":"product","2":"type-product","3":"status-publish","4":"has-post-thumbnail","6":"product_cat-fanlar","7":"product_cat-kanal-tipi-fanlar","9":"first","10":"instock","11":"shipping-taxable","12":"product-type-simple"},"acf":[],"aioseo_notices":[],"_links":{"self":[{"href":"https:\/\/gaiamekanik.com.tr\/en\/wp-json\/wp\/v2\/product\/4931","targetHints":{"allow":["GET"]}}],"collection":[{"href":"https:\/\/gaiamekanik.com.tr\/en\/wp-json\/wp\/v2\/product"}],"about":[{"href":"https:\/\/gaiamekanik.com.tr\/en\/wp-json\/wp\/v2\/types\/product"}],"replies":[{"embeddable":true,"href":"https:\/\/gaiamekanik.com.tr\/en\/wp-json\/wp\/v2\/comments?post=4931"}],"version-history":[{"count":4,"href":"https:\/\/gaiamekanik.com.tr\/en\/wp-json\/wp\/v2\/product\/4931\/revisions"}],"predecessor-version":[{"id":5895,"href":"https:\/\/gaiamekanik.com.tr\/en\/wp-json\/wp\/v2\/product\/4931\/revisions\/5895"}],"wp:featuredmedia":[{"embeddable":true,"href":"https:\/\/gaiamekanik.com.tr\/en\/wp-json\/wp\/v2\/media\/4926"}],"wp:attachment":[{"href":"https:\/\/gaiamekanik.com.tr\/en\/wp-json\/wp\/v2\/media?parent=4931"}],"wp:term":[{"taxonomy":"product_brand","embeddable":true,"href":"https:\/\/gaiamekanik.com.tr\/en\/wp-json\/wp\/v2\/product_brand?post=4931"},{"taxonomy":"product_cat","embeddable":true,"href":"https:\/\/gaiamekanik.com.tr\/en\/wp-json\/wp\/v2\/product_cat?post=4931"},{"taxonomy":"product_tag","embeddable":true,"href":"https:\/\/gaiamekanik.com.tr\/en\/wp-json\/wp\/v2\/product_tag?post=4931"}],"curies":[{"name":"wp","href":"https:\/\/api.w.org\/{rel}","templated":true}]}}