{"id":4937,"date":"2025-04-26T09:48:35","date_gmt":"2025-04-26T06:48:35","guid":{"rendered":"https:\/\/gaiamekanik.com.tr\/?post_type=product&#038;p=4937"},"modified":"2025-12-19T13:13:59","modified_gmt":"2025-12-19T10:13:59","slug":"hucreli-mutfak-egzoz-fanlari","status":"publish","type":"product","link":"https:\/\/gaiamekanik.com.tr\/en\/product\/hucreli-mutfak-egzoz-fanlari\/","title":{"rendered":"CABINET TYPE KITCHEN EXHAUST FANS"},"content":{"rendered":"<p>Kolay montaj ve bak\u0131m olana\u011f\u0131 sa\u011flayan tasar\u0131m<\/p>\n<p>Direk akuple y\u00fcksek verimli plug fan<\/p>\n<p>Motor hava ak\u0131m\u0131 d\u0131\u015f\u0131nda<\/p>\n<p>Standart modelde stoktan hemen teslim<\/p>\n<p>Ya\u011f tutma \u00f6zelli\u011fine sahip metal filtre<\/p>\n<p>Fan h\u0131z kontrol\u00fc uygulamas\u0131 (Opsiyonel)<\/p>\n<p>Filtre doldu sens\u00f6r\u00fc (Opsiyonel)<\/p>\n<p>Aktif karbon filtre (Opsiyonel)<\/p>\n<p><strong>Accessories<\/strong><\/p>\n<p>Frequency changer<\/p>\n<p>AKH Aktif Karbon Filtre<\/p>\n<p>Fark Bas\u0131n\u00e7 Sens\u00f6r\u00fc<\/p>","protected":false},"excerpt":{"rendered":"<p>VENCO Cellular Kitchen Exhaust Fans are used in industrial kitchens and cooking areas to exhaust gases and smoke produced during cooking. In range hood systems where natural ventilation is not possible, even with the use of grease trap filters, the exhaust air contains oily and sooty smoke, which damages the extractor fan over time. In VENCO Cellular Kitchen Exhaust Fans, the exhaust air is first passed through a metal filter and then exhausted by a high-efficiency plug fan. The motor used in VENCO Cellular Kitchen Exhaust Fans is located outside the airflow, thus preventing damage.<\/p>","protected":false},"featured_media":5368,"comment_status":"open","ping_status":"closed","template":"","meta":{"_acf_changed":false,"_monsterinsights_skip_tracking":false,"_monsterinsights_sitenote_active":false,"_monsterinsights_sitenote_note":"","_monsterinsights_sitenote_category":0},"product_brand":[],"product_cat":[25,55],"product_tag":[],"class_list":{"0":"post-4937","1":"product","2":"type-product","3":"status-publish","4":"has-post-thumbnail","6":"product_cat-fanlar","7":"product_cat-mutfak-egzoz-fanlari","9":"first","10":"instock","11":"shipping-taxable","12":"product-type-simple"},"acf":[],"aioseo_notices":[],"_links":{"self":[{"href":"https:\/\/gaiamekanik.com.tr\/en\/wp-json\/wp\/v2\/product\/4937","targetHints":{"allow":["GET"]}}],"collection":[{"href":"https:\/\/gaiamekanik.com.tr\/en\/wp-json\/wp\/v2\/product"}],"about":[{"href":"https:\/\/gaiamekanik.com.tr\/en\/wp-json\/wp\/v2\/types\/product"}],"replies":[{"embeddable":true,"href":"https:\/\/gaiamekanik.com.tr\/en\/wp-json\/wp\/v2\/comments?post=4937"}],"version-history":[{"count":4,"href":"https:\/\/gaiamekanik.com.tr\/en\/wp-json\/wp\/v2\/product\/4937\/revisions"}],"predecessor-version":[{"id":5907,"href":"https:\/\/gaiamekanik.com.tr\/en\/wp-json\/wp\/v2\/product\/4937\/revisions\/5907"}],"wp:featuredmedia":[{"embeddable":true,"href":"https:\/\/gaiamekanik.com.tr\/en\/wp-json\/wp\/v2\/media\/5368"}],"wp:attachment":[{"href":"https:\/\/gaiamekanik.com.tr\/en\/wp-json\/wp\/v2\/media?parent=4937"}],"wp:term":[{"taxonomy":"product_brand","embeddable":true,"href":"https:\/\/gaiamekanik.com.tr\/en\/wp-json\/wp\/v2\/product_brand?post=4937"},{"taxonomy":"product_cat","embeddable":true,"href":"https:\/\/gaiamekanik.com.tr\/en\/wp-json\/wp\/v2\/product_cat?post=4937"},{"taxonomy":"product_tag","embeddable":true,"href":"https:\/\/gaiamekanik.com.tr\/en\/wp-json\/wp\/v2\/product_tag?post=4937"}],"curies":[{"name":"wp","href":"https:\/\/api.w.org\/{rel}","templated":true}]}}