{"id":4947,"date":"2025-04-26T09:54:49","date_gmt":"2025-04-26T06:54:49","guid":{"rendered":"https:\/\/gaiamekanik.com.tr\/?post_type=product&#038;p=4947"},"modified":"2025-12-19T13:15:55","modified_gmt":"2025-12-19T10:15:55","slug":"kanal-tipi-mutfak-egzoz-fanlari","status":"publish","type":"product","link":"https:\/\/gaiamekanik.com.tr\/en\/product\/kanal-tipi-mutfak-egzoz-fanlari\/","title":{"rendered":"DUCT TYPE KITCHEN EXHAUST FANS"},"content":{"rendered":"<h2>VMK Kanal Tipi Mutfak Egzoz Fanlar\u0131<\/h2>\n<h5>Genel Bak\u0131\u015f<\/h5>\n<p>VENCO Kanal Tipi Mutfak Egzoz Fanlar\u0131, end\u00fcstriyel mutfaklarda ve yemek pi\u015firme alanlar\u0131nda pi\u015firme esnas\u0131nda ortaya \u00e7\u0131kan gazlar\u0131 ve olu\u015fan duman\u0131 egzoz etmek i\u00e7in kullan\u0131l\u0131rlar. Do\u011fal havaland\u0131rman\u0131n yap\u0131lamad\u0131\u011f\u0131 davlumbaz sistemlerinde, her ne kadar davlumbaz i\u00e7inde ya\u011f tutucu filtre kullan\u0131m\u0131 olsa dahi, egzoz havas\u0131nda ya\u011fl\u0131 ve isli bir duman mevcuttur ve bu duman kullan\u0131lacak olan aspirat\u00f6re zaman i\u00e7erisinde zarar verir. VENCO Kanal Tipi Mutfak Egzoz fanlar\u0131nda ise, egzoz havas\u0131 \u00f6nce metal filtreden ge\u00e7irilmekte (opsiyonel) ve daha sonra y\u00fcksek verimli plug fan ile egzoz edilmektedir. Bu sayede kullan\u0131lan motor hava ak\u0131m\u0131 d\u0131\u015f\u0131nda kalmakta ve zarar g\u00f6rmesi engellenmektedir.<\/p>\n<h5>\u00d6zellikler<\/h5>\n<ul>\n<li>Kolay montaj ve bak\u0131m olana\u011f\u0131 sa\u011flayan tasar\u0131m<\/li>\n<li>3.296 m\u00b3\/h-39.705 m\u00b3\/h hava debisi aral\u0131\u011f\u0131<\/li>\n<li>Direk akuple y\u00fcksek verimli plug fan<\/li>\n<li>Motor hava ak\u0131m\u0131 d\u0131\u015f\u0131nda<\/li>\n<li>Standart modelde stoktan hemen teslim<\/li>\n<li>Ya\u011f tutma \u00f6zelli\u011fine sahip metal filtre (Opsiyonel)<\/li>\n<li>Fan h\u0131z kontrol\u00fc uygulamas\u0131 (Opsiyonel)<\/li>\n<li>Filtre doldu sens\u00f6r\u00fc (Opsiyonel)<\/li>\n<li>Aktif karbon filtre (Opsiyonel)<\/li>\n<\/ul>\n<h5>Accessories<\/h5>\n<ul>\n<li>Frequency changer<\/li>\n<li>AKF Aktif Karbon Filtre<\/li>\n<li>VMF Metal Filtre<\/li>\n<li>Fark Bas\u0131n\u00e7 Sens\u00f6r\u00fc<\/li>\n<\/ul>\n<h2>VMD Dik Tip Mutfak Egzoz Fanlar\u0131<\/h2>\n<h5>Genel Bak\u0131\u015f<\/h5>\n<p>VENCO Dik Tip Mutfak Egzoz Fanlar\u0131, end\u00fcstriyel mutfaklarda ve yemek pi\u015firme alanlar\u0131nda pi\u015firme esnas\u0131nda ortaya \u00e7\u0131kan gazlar\u0131 ve olu\u015fan duman\u0131 egzoz etmek i\u00e7in kullan\u0131l\u0131rlar. Do\u011fal havaland\u0131rman\u0131n yap\u0131lamad\u0131\u011f\u0131 davlumbaz sistemlerinde, her ne kadar davlumbaz i\u00e7inde ya\u011f tutucu filtre kullan\u0131m\u0131 olsa dahi, egzoz havas\u0131nda ya\u011fl\u0131 ve isli bir duman mevcuttur ve bu duman kullan\u0131lacak olan aspirat\u00f6re zaman i\u00e7erisinde zarar verir. VENCO Dik Tip Mutfak Egzoz Fanlar\u0131nda ise,egzoz havas\u0131 \u00f6nce metal filtreden ge\u00e7irilmekte(opsiyonel) ve daha sonra y\u00fcksek verimli plug fan ile egzoz edilmektedir. Bu sayede kullan\u0131lan motor hava ak\u0131m\u0131 d\u0131\u015f\u0131nda kalmakta ve zarar g\u00f6rmesi engellenmektedir.<\/p>\n<h5>\u00d6zellikler<\/h5>\n<ul>\n<li>Kolay montaj ve bak\u0131m olana\u011f\u0131 sa\u011flayan tasar\u0131m<\/li>\n<li>3.197 m\u00b3\/h-39.505 m\u00b3\/h hava debisi aral\u0131\u011f\u0131<\/li>\n<li>Direk akuple y\u00fcksek verimli plug fan<\/li>\n<li>Motor hava ak\u0131m\u0131 d\u0131\u015f\u0131nda<\/li>\n<li>Standart modelde stoktan hemen teslim<\/li>\n<li>Ya\u011f tutma \u00f6zelli\u011fine sahip metal filtre (Opsiyonel)<\/li>\n<li>Fan h\u0131z kontrol\u00fc uygulamas\u0131 (Opsiyonel)<\/li>\n<li>Filtre doldu sens\u00f6r\u00fc (Opsiyonel)<\/li>\n<li>Aktif karbon filtre (Opsiyonel)<\/li>\n<\/ul>\n<h5>Accessories<\/h5>\n<ul>\n<li>Frequency changer<\/li>\n<li>AKF Aktif Karbon Filtre<\/li>\n<li>VMF Metal Filtre<\/li>\n<li>Fark Bas\u0131n\u00e7 Sens\u00f6r\u00fc<\/li>\n<\/ul>\n<h2>VAB Bifurcated Aksiyal Fanlar<\/h2>\n<h5>Genel Bak\u0131\u015f<\/h5>\n<p>VENCO VAB Bifurcated Axial Fans are used for the extraction of dusty, oily, and high-temperature fumes and gases. Because the motor is located outside the airflow, damage to the motor is prevented. VENCO VAB Bifurcated Axial Fans are suitable for industrial and commercial applications and can be provided in capacities to suit specific needs with a wide range of capacities, different fan blades, and hubs.<\/p>\n<h5>\u00d6zellikler<\/h5>\n<ul>\n<li class=\"p1\">\u00d8 500 &#8211; 1000 mm aral\u0131\u011f\u0131nda, 4 farkl\u0131 \u00e7apta<\/li>\n<li class=\"p1\">45.000 m\u00b3\/h maksimum hava debisi<\/li>\n<li class=\"p1\">Motoru hava ak\u0131m\u0131 d\u0131\u015f\u0131nda<\/li>\n<li class=\"p1\">BS790 s\u0131cak dald\u0131rma galvaniz sacl\u0131 fan g\u00f6vdesi<\/li>\n<li class=\"p1\">Aerodinamik profilli ve al\u00fcminyum ala\u015f\u0131ml\u0131 kanatlar ile y\u00fcksek verim ve d\u00fc\u015f\u00fck ses seviyesi<\/li>\n<li class=\"p1\">Silindirik modeller<\/li>\n<li class=\"p1\">Bak\u0131m gerektirmeyen, rulmanl\u0131 IP 55 elektrik motorlar\u0131<\/li>\n<li class=\"p1\">Mutfak Davlumbaz\u0131 Uygulamalar\u0131nda; a\u015f\u0131nd\u0131r\u0131c\u0131, ya\u011fl\u0131 ve tozlu havan\u0131n egzozu i\u00e7in g\u00fcvenli kullan\u0131m<\/li>\n<li class=\"p1\">\u0130ki kanal aras\u0131na kolayca ba\u011flanabilme \u00f6zelli\u011fi sa\u011flayan kompakt tasar\u0131m<\/li>\n<li class=\"p1\">120 \u00baC s\u00fcrekli \u00e7al\u0131\u015fma s\u0131cakl\u0131\u011f\u0131<\/li>\n<\/ul>\n<p>&nbsp;<\/p>","protected":false},"excerpt":{"rendered":"<p>VMK Kanal Tipi Mutfak Egzoz Fanlar\u0131 Genel Bak\u0131\u015f VENCO Kanal Tipi Mutfak Egzoz Fanlar\u0131, end\u00fcstriyel mutfaklarda ve yemek pi\u015firme alanlar\u0131nda pi\u015firme esnas\u0131nda ortaya \u00e7\u0131kan gazlar\u0131 ve olu\u015fan duman\u0131 egzoz etmek i\u00e7in kullan\u0131l\u0131rlar. Do\u011fal havaland\u0131rman\u0131n yap\u0131lamad\u0131\u011f\u0131 davlumbaz sistemlerinde, her ne kadar davlumbaz i\u00e7inde ya\u011f tutucu filtre kullan\u0131m\u0131 olsa dahi, egzoz havas\u0131nda ya\u011fl\u0131 ve isli bir duman&#8230;<\/p>","protected":false},"featured_media":4948,"comment_status":"open","ping_status":"closed","template":"","meta":{"_acf_changed":false,"_monsterinsights_skip_tracking":false,"_monsterinsights_sitenote_active":false,"_monsterinsights_sitenote_note":"","_monsterinsights_sitenote_category":0},"product_brand":[],"product_cat":[25,55],"product_tag":[],"class_list":{"0":"post-4947","1":"product","2":"type-product","3":"status-publish","4":"has-post-thumbnail","6":"product_cat-fanlar","7":"product_cat-mutfak-egzoz-fanlari","9":"first","10":"instock","11":"shipping-taxable","12":"product-type-simple"},"acf":[],"aioseo_notices":[],"_links":{"self":[{"href":"https:\/\/gaiamekanik.com.tr\/en\/wp-json\/wp\/v2\/product\/4947","targetHints":{"allow":["GET"]}}],"collection":[{"href":"https:\/\/gaiamekanik.com.tr\/en\/wp-json\/wp\/v2\/product"}],"about":[{"href":"https:\/\/gaiamekanik.com.tr\/en\/wp-json\/wp\/v2\/types\/product"}],"replies":[{"embeddable":true,"href":"https:\/\/gaiamekanik.com.tr\/en\/wp-json\/wp\/v2\/comments?post=4947"}],"version-history":[{"count":4,"href":"https:\/\/gaiamekanik.com.tr\/en\/wp-json\/wp\/v2\/product\/4947\/revisions"}],"predecessor-version":[{"id":5362,"href":"https:\/\/gaiamekanik.com.tr\/en\/wp-json\/wp\/v2\/product\/4947\/revisions\/5362"}],"wp:featuredmedia":[{"embeddable":true,"href":"https:\/\/gaiamekanik.com.tr\/en\/wp-json\/wp\/v2\/media\/4948"}],"wp:attachment":[{"href":"https:\/\/gaiamekanik.com.tr\/en\/wp-json\/wp\/v2\/media?parent=4947"}],"wp:term":[{"taxonomy":"product_brand","embeddable":true,"href":"https:\/\/gaiamekanik.com.tr\/en\/wp-json\/wp\/v2\/product_brand?post=4947"},{"taxonomy":"product_cat","embeddable":true,"href":"https:\/\/gaiamekanik.com.tr\/en\/wp-json\/wp\/v2\/product_cat?post=4947"},{"taxonomy":"product_tag","embeddable":true,"href":"https:\/\/gaiamekanik.com.tr\/en\/wp-json\/wp\/v2\/product_tag?post=4947"}],"curies":[{"name":"wp","href":"https:\/\/api.w.org\/{rel}","templated":true}]}}