{"id":4952,"date":"2025-04-26T09:58:51","date_gmt":"2025-04-26T06:58:51","guid":{"rendered":"https:\/\/gaiamekanik.com.tr\/?post_type=product&#038;p=4952"},"modified":"2025-12-19T12:05:18","modified_gmt":"2025-12-19T09:05:18","slug":"tek-yonlu-aksiyal-jet-fanlar","status":"publish","type":"product","link":"https:\/\/gaiamekanik.com.tr\/en\/product\/tek-yonlu-aksiyal-jet-fanlar\/","title":{"rendered":"UNIDIRECTIONAL JET FANS"},"content":{"rendered":"<p>Jet fan\u0131n iki taraf\u0131nda bulunan susturucular ses seviyesini azaltman\u0131n yan\u0131 s\u0131ra d\u00fczg\u00fcn bir hava ak\u0131\u015f\u0131 sa\u011flar.<\/p>\n<p>\u00c7ift y\u00f6nl\u00fc jet fanlar\u0131n emi\u015f ve at\u0131\u015f taraf\u0131nda deflekt\u00f6rler bulunur.<\/p>\n<p>EN 12101-3 standard\u0131na uygun olarak 300\u00b0C s\u0131cakl\u0131\u011fa 2 saat s\u00fcreyle test edilmi\u015f ve sertifikaland\u0131r\u0131lm\u0131\u015ft\u0131r.<\/p>\n<p>\u00c7ift devirli, H s\u0131n\u0131f\u0131 izolasyonlu, IP 55 koruma s\u0131n\u0131f\u0131na sahip motorludur.<\/p>","protected":false},"excerpt":{"rendered":"<p>Jet fans move large masses of air based on their thrust forces. Positioned to eliminate dead zones within the parking garage, jet fans quickly direct harmful gases and smoke from their area to the exhaust shaft without spreading to other areas. This ensures clean air in the parking garage during daily use and safe evacuation in case of fire. Single and double-direction model options provide flexibility in system design.<\/p>","protected":false},"featured_media":4955,"comment_status":"open","ping_status":"closed","template":"","meta":{"_acf_changed":false,"_monsterinsights_skip_tracking":false,"_monsterinsights_sitenote_active":false,"_monsterinsights_sitenote_note":"","_monsterinsights_sitenote_category":0},"product_brand":[],"product_cat":[25,49],"product_tag":[],"class_list":{"0":"post-4952","1":"product","2":"type-product","3":"status-publish","4":"has-post-thumbnail","6":"product_cat-fanlar","7":"product_cat-otopark-jet-fan-sistemleri","9":"first","10":"instock","11":"shipping-taxable","12":"product-type-simple"},"acf":[],"aioseo_notices":[],"_links":{"self":[{"href":"https:\/\/gaiamekanik.com.tr\/en\/wp-json\/wp\/v2\/product\/4952","targetHints":{"allow":["GET"]}}],"collection":[{"href":"https:\/\/gaiamekanik.com.tr\/en\/wp-json\/wp\/v2\/product"}],"about":[{"href":"https:\/\/gaiamekanik.com.tr\/en\/wp-json\/wp\/v2\/types\/product"}],"replies":[{"embeddable":true,"href":"https:\/\/gaiamekanik.com.tr\/en\/wp-json\/wp\/v2\/comments?post=4952"}],"version-history":[{"count":3,"href":"https:\/\/gaiamekanik.com.tr\/en\/wp-json\/wp\/v2\/product\/4952\/revisions"}],"predecessor-version":[{"id":5878,"href":"https:\/\/gaiamekanik.com.tr\/en\/wp-json\/wp\/v2\/product\/4952\/revisions\/5878"}],"wp:featuredmedia":[{"embeddable":true,"href":"https:\/\/gaiamekanik.com.tr\/en\/wp-json\/wp\/v2\/media\/4955"}],"wp:attachment":[{"href":"https:\/\/gaiamekanik.com.tr\/en\/wp-json\/wp\/v2\/media?parent=4952"}],"wp:term":[{"taxonomy":"product_brand","embeddable":true,"href":"https:\/\/gaiamekanik.com.tr\/en\/wp-json\/wp\/v2\/product_brand?post=4952"},{"taxonomy":"product_cat","embeddable":true,"href":"https:\/\/gaiamekanik.com.tr\/en\/wp-json\/wp\/v2\/product_cat?post=4952"},{"taxonomy":"product_tag","embeddable":true,"href":"https:\/\/gaiamekanik.com.tr\/en\/wp-json\/wp\/v2\/product_tag?post=4952"}],"curies":[{"name":"wp","href":"https:\/\/api.w.org\/{rel}","templated":true}]}}