{"id":4956,"date":"2025-04-26T10:03:43","date_gmt":"2025-04-26T07:03:43","guid":{"rendered":"https:\/\/gaiamekanik.com.tr\/?post_type=product&#038;p=4956"},"modified":"2025-12-19T12:10:41","modified_gmt":"2025-12-19T09:10:41","slug":"radyal-jet-fanlar","status":"publish","type":"product","link":"https:\/\/gaiamekanik.com.tr\/en\/product\/radyal-jet-fanlar\/","title":{"rendered":"RADIAL JET FANS"},"content":{"rendered":"<p>50 N ve 100 N itme kuvvetine sahip modeller sistemde kullan\u0131lacak olan jet fan say\u0131s\u0131n\u0131 azalt\u0131r.<\/p>\n<p>Geriye e\u011fik seyrek kanatl\u0131 radyal fan ile daha az t\u00fcrb\u00fclansl\u0131 at\u0131\u015f yapar.<\/p>\n<p>D\u00fc\u015f\u00fck g\u00f6vde y\u00fcksekli\u011fi sayesinde al\u00e7ak tavanl\u0131 katlar i\u00e7in idealdir.<\/p>\n<p>EN 12101-3 standard\u0131na uygun sertifikal\u0131, 300\u00b0C\u2019de 2 saat s\u0131cakl\u0131k dayan\u0131ml\u0131d\u0131r.<\/p>\n<p>H s\u0131n\u0131f\u0131 izolasyonlu, IP 55 elektrik al\u00fcminyum motor<\/p>\n<p>400 V, 3 Faz, 50 Hz Motor<\/p>","protected":false},"excerpt":{"rendered":"<p>Jet fan systems are smoke exhaust systems that can be used in parking garages for both daily ventilation and, in the event of a fire, for the controlled removal of harmful smoke and gases. They prevent fire smoke from spreading throughout the parking garage, keeping escape routes safe. VENCO Jet Fans use thrust to move large masses of air, diluting CO and other harmful gases in the area with clean air and facilitating their removal.<\/p>","protected":false},"featured_media":4957,"comment_status":"open","ping_status":"closed","template":"","meta":{"_acf_changed":false,"_monsterinsights_skip_tracking":false,"_monsterinsights_sitenote_active":false,"_monsterinsights_sitenote_note":"","_monsterinsights_sitenote_category":0},"product_brand":[],"product_cat":[25,49],"product_tag":[],"class_list":{"0":"post-4956","1":"product","2":"type-product","3":"status-publish","4":"has-post-thumbnail","6":"product_cat-fanlar","7":"product_cat-otopark-jet-fan-sistemleri","9":"first","10":"instock","11":"shipping-taxable","12":"product-type-simple"},"acf":[],"aioseo_notices":[],"_links":{"self":[{"href":"https:\/\/gaiamekanik.com.tr\/en\/wp-json\/wp\/v2\/product\/4956","targetHints":{"allow":["GET"]}}],"collection":[{"href":"https:\/\/gaiamekanik.com.tr\/en\/wp-json\/wp\/v2\/product"}],"about":[{"href":"https:\/\/gaiamekanik.com.tr\/en\/wp-json\/wp\/v2\/types\/product"}],"replies":[{"embeddable":true,"href":"https:\/\/gaiamekanik.com.tr\/en\/wp-json\/wp\/v2\/comments?post=4956"}],"version-history":[{"count":3,"href":"https:\/\/gaiamekanik.com.tr\/en\/wp-json\/wp\/v2\/product\/4956\/revisions"}],"predecessor-version":[{"id":5880,"href":"https:\/\/gaiamekanik.com.tr\/en\/wp-json\/wp\/v2\/product\/4956\/revisions\/5880"}],"wp:featuredmedia":[{"embeddable":true,"href":"https:\/\/gaiamekanik.com.tr\/en\/wp-json\/wp\/v2\/media\/4957"}],"wp:attachment":[{"href":"https:\/\/gaiamekanik.com.tr\/en\/wp-json\/wp\/v2\/media?parent=4956"}],"wp:term":[{"taxonomy":"product_brand","embeddable":true,"href":"https:\/\/gaiamekanik.com.tr\/en\/wp-json\/wp\/v2\/product_brand?post=4956"},{"taxonomy":"product_cat","embeddable":true,"href":"https:\/\/gaiamekanik.com.tr\/en\/wp-json\/wp\/v2\/product_cat?post=4956"},{"taxonomy":"product_tag","embeddable":true,"href":"https:\/\/gaiamekanik.com.tr\/en\/wp-json\/wp\/v2\/product_tag?post=4956"}],"curies":[{"name":"wp","href":"https:\/\/api.w.org\/{rel}","templated":true}]}}