{"id":4959,"date":"2025-04-26T10:06:32","date_gmt":"2025-04-26T07:06:32","guid":{"rendered":"https:\/\/gaiamekanik.com.tr\/?post_type=product&#038;p=4959"},"modified":"2025-12-19T12:08:03","modified_gmt":"2025-12-19T09:08:03","slug":"cift-yonlu-aksiyal-jet-fanlar","status":"publish","type":"product","link":"https:\/\/gaiamekanik.com.tr\/en\/product\/cift-yonlu-aksiyal-jet-fanlar\/","title":{"rendered":"REVERSIBLE JET FANS"},"content":{"rendered":"<p>Tek ve \u00e7ift y\u00f6nl\u00fc model se\u00e7enekleri ile otopark yerle\u015fimi i\u00e7in esneklik sa\u011flar.<\/p>\n<p>Jet Fan\u0131n iki taraf\u0131nda bulunan susturucular g\u00fcr\u00fclt\u00fc seviyesini azaltman\u0131n yan\u0131 s\u0131ra laminer hava ak\u0131\u015f\u0131 sa\u011flar.<\/p>\n<p>Tek y\u00f6nl\u00fc jet fanlar\u0131n hava giri\u015finde tel kafes, hava \u00e7\u0131k\u0131\u015f\u0131nda ise deflekt\u00f6r bulunur. \u00c7ift y\u00f6nl\u00fc jet fanlar\u0131n ise, hava giri\u015f ve \u00e7\u0131k\u0131\u015f\u0131nda deflekt\u00f6r bulunur.<\/p>\n<p>EN 12101-3 standard\u0131na uygun sertifikal\u0131, 300\u00b0C\u2019de 2 saat s\u0131cakl\u0131k dayan\u0131ml\u0131d\u0131r.<\/p>\n<p>H s\u0131n\u0131f\u0131 izolasyonlu, IP 55 elektrik al\u00fcminyum motor<\/p>\n<p>400 V, 3 Faz, 50 Hz Motor<\/p>\n<p><strong>Accessories<\/strong><\/p>\n<p>SLE Susturucu<\/p>\n<p>MFT Montaj Aya\u011f\u0131<\/p>\n<p>MSC Wire Cage<\/p>","protected":false},"excerpt":{"rendered":"<p>Jet fan systems are smoke exhaust systems that can be used in parking garages for both daily ventilation and, in the event of a fire, for the controlled removal of harmful smoke and gases. They prevent fire smoke from spreading throughout the parking garage, keeping escape routes safe. VENCO Jet Fans use thrust to move large masses of air, diluting CO and other harmful gases in the area with clean air and facilitating their removal.<\/p>","protected":false},"featured_media":4955,"comment_status":"open","ping_status":"closed","template":"","meta":{"_acf_changed":false,"_monsterinsights_skip_tracking":false,"_monsterinsights_sitenote_active":false,"_monsterinsights_sitenote_note":"","_monsterinsights_sitenote_category":0},"product_brand":[],"product_cat":[25,49],"product_tag":[],"class_list":{"0":"post-4959","1":"product","2":"type-product","3":"status-publish","4":"has-post-thumbnail","6":"product_cat-fanlar","7":"product_cat-otopark-jet-fan-sistemleri","9":"first","10":"instock","11":"shipping-taxable","12":"product-type-simple"},"acf":[],"aioseo_notices":[],"_links":{"self":[{"href":"https:\/\/gaiamekanik.com.tr\/en\/wp-json\/wp\/v2\/product\/4959","targetHints":{"allow":["GET"]}}],"collection":[{"href":"https:\/\/gaiamekanik.com.tr\/en\/wp-json\/wp\/v2\/product"}],"about":[{"href":"https:\/\/gaiamekanik.com.tr\/en\/wp-json\/wp\/v2\/types\/product"}],"replies":[{"embeddable":true,"href":"https:\/\/gaiamekanik.com.tr\/en\/wp-json\/wp\/v2\/comments?post=4959"}],"version-history":[{"count":4,"href":"https:\/\/gaiamekanik.com.tr\/en\/wp-json\/wp\/v2\/product\/4959\/revisions"}],"predecessor-version":[{"id":5879,"href":"https:\/\/gaiamekanik.com.tr\/en\/wp-json\/wp\/v2\/product\/4959\/revisions\/5879"}],"wp:featuredmedia":[{"embeddable":true,"href":"https:\/\/gaiamekanik.com.tr\/en\/wp-json\/wp\/v2\/media\/4955"}],"wp:attachment":[{"href":"https:\/\/gaiamekanik.com.tr\/en\/wp-json\/wp\/v2\/media?parent=4959"}],"wp:term":[{"taxonomy":"product_brand","embeddable":true,"href":"https:\/\/gaiamekanik.com.tr\/en\/wp-json\/wp\/v2\/product_brand?post=4959"},{"taxonomy":"product_cat","embeddable":true,"href":"https:\/\/gaiamekanik.com.tr\/en\/wp-json\/wp\/v2\/product_cat?post=4959"},{"taxonomy":"product_tag","embeddable":true,"href":"https:\/\/gaiamekanik.com.tr\/en\/wp-json\/wp\/v2\/product_tag?post=4959"}],"curies":[{"name":"wp","href":"https:\/\/api.w.org\/{rel}","templated":true}]}}