{"id":4961,"date":"2025-04-26T10:08:05","date_gmt":"2025-04-26T07:08:05","guid":{"rendered":"https:\/\/gaiamekanik.com.tr\/?post_type=product&#038;p=4961"},"modified":"2025-12-19T13:21:06","modified_gmt":"2025-12-19T10:21:06","slug":"siginak-havalandirma-fanlari","status":"publish","type":"product","link":"https:\/\/gaiamekanik.com.tr\/en\/product\/siginak-havalandirma-fanlari\/","title":{"rendered":"SHELTER FANS"},"content":{"rendered":"<p>CE i\u015faretine sahip modeller.<\/p>\n<p>G\u00f6vde galvaniz \u00e7elik olarak imal edilir.<\/p>\n<p>G\u00f6vde opsiyonel olarak elektrostatik toz boyal\u0131 olarak imal edilir.<\/p>\n<p>Fanlar geriye e\u011fik seyrek kanatl\u0131, direkt akuple motorlu ve d\u0131\u015ftan rotorludur.<\/p>\n<p>Kendinden flan\u015fl\u0131 emi\u015f ve at\u0131\u015f a\u011fz\u0131 sayesinde montaj\u0131 kolayd\u0131r.<\/p>\n<p>Motor koruma s\u0131n\u0131f\u0131 IP 44 ve elektrik ba\u011flant\u0131 kutusu koruma s\u0131n\u0131f\u0131 IP 67 dir.<\/p>\n<p>Fan bak\u0131m\u0131 i\u00e7in servis kapa\u011f\u0131 bulunmaktad\u0131r.<\/p>\n<p>S\u0131\u011f\u0131nak alan\u0131na n\u00fckleer serpinti girmemesi i\u00e7in sald\u0131r\u0131 an\u0131ndaki kullan\u0131m ile g\u00fcnl\u00fck kullan\u0131m aras\u0131ndaki s\u0131zd\u0131rmazl\u0131\u011f\u0131 sa\u011flayan ters konumlu mekanik damper standart olarak bulunmaktad\u0131r.<\/p>\n<p>Standart olarak G4, Aktif Karbon filtre ve n\u00fckleer hepa filtre bulunmaktad\u0131r.<\/p>\n<p>It can be controlled with a speed switch.<\/p>","protected":false},"excerpt":{"rendered":"<p>VENCO Duct Type Bunker Fans (VDSF) are designed for use in private or public buildings and facilities. They provide protection against chemical, biological, and nuclear warfare agents. The internal structure of the duct type bunker fan consists of two separate, sealed sections. In daily use, fresh air passes through a G4 filter; in the event of an attack, the mechanical arm is closed, and fresh air is sent to the bunker area through a G4 filter, an activated carbon filter, and a nuclear HEPA filter. Its compact design and ceiling mounting capability provide space advantages in small bunker areas.<\/p>","protected":false},"featured_media":4962,"comment_status":"open","ping_status":"closed","template":"","meta":{"_acf_changed":false,"_monsterinsights_skip_tracking":false,"_monsterinsights_sitenote_active":false,"_monsterinsights_sitenote_note":"","_monsterinsights_sitenote_category":0},"product_brand":[],"product_cat":[25,57],"product_tag":[],"class_list":{"0":"post-4961","1":"product","2":"type-product","3":"status-publish","4":"has-post-thumbnail","6":"product_cat-fanlar","7":"product_cat-siginak-havalandirma-fanlari","9":"first","10":"instock","11":"shipping-taxable","12":"product-type-simple"},"acf":[],"aioseo_notices":[],"_links":{"self":[{"href":"https:\/\/gaiamekanik.com.tr\/en\/wp-json\/wp\/v2\/product\/4961","targetHints":{"allow":["GET"]}}],"collection":[{"href":"https:\/\/gaiamekanik.com.tr\/en\/wp-json\/wp\/v2\/product"}],"about":[{"href":"https:\/\/gaiamekanik.com.tr\/en\/wp-json\/wp\/v2\/types\/product"}],"replies":[{"embeddable":true,"href":"https:\/\/gaiamekanik.com.tr\/en\/wp-json\/wp\/v2\/comments?post=4961"}],"version-history":[{"count":4,"href":"https:\/\/gaiamekanik.com.tr\/en\/wp-json\/wp\/v2\/product\/4961\/revisions"}],"predecessor-version":[{"id":5910,"href":"https:\/\/gaiamekanik.com.tr\/en\/wp-json\/wp\/v2\/product\/4961\/revisions\/5910"}],"wp:featuredmedia":[{"embeddable":true,"href":"https:\/\/gaiamekanik.com.tr\/en\/wp-json\/wp\/v2\/media\/4962"}],"wp:attachment":[{"href":"https:\/\/gaiamekanik.com.tr\/en\/wp-json\/wp\/v2\/media?parent=4961"}],"wp:term":[{"taxonomy":"product_brand","embeddable":true,"href":"https:\/\/gaiamekanik.com.tr\/en\/wp-json\/wp\/v2\/product_brand?post=4961"},{"taxonomy":"product_cat","embeddable":true,"href":"https:\/\/gaiamekanik.com.tr\/en\/wp-json\/wp\/v2\/product_cat?post=4961"},{"taxonomy":"product_tag","embeddable":true,"href":"https:\/\/gaiamekanik.com.tr\/en\/wp-json\/wp\/v2\/product_tag?post=4961"}],"curies":[{"name":"wp","href":"https:\/\/api.w.org\/{rel}","templated":true}]}}