{"id":4967,"date":"2025-04-26T10:19:17","date_gmt":"2025-04-26T07:19:17","guid":{"rendered":"https:\/\/gaiamekanik.com.tr\/?post_type=product&#038;p=4967"},"modified":"2025-12-19T13:18:02","modified_gmt":"2025-12-19T10:18:02","slug":"hucreli-fanlar","status":"publish","type":"product","link":"https:\/\/gaiamekanik.com.tr\/en\/product\/hucreli-fanlar\/","title":{"rendered":"CABINET TYPE FANS"},"content":{"rendered":"<p>Mod\u00fcler Esnek Yap\u0131<\/p>\n<p>1000 m3\/h den 120.000 m3\/h e kadar geni\u015f debi aral\u0131\u011f\u0131<\/p>\n<p>30 ayr\u0131 kesitle \u00e7oklu \u00f6l\u00e7\u00fclendirme se\u00e7ene\u011fi<\/p>\n<p>Proje ihtiya\u00e7lar\u0131na g\u00f6re ara kesit imk\u00e2n\u0131<\/p>\n<p>25, 40 ve 60mm panel kal\u0131nl\u0131\u011f\u0131 se\u00e7ene\u011fi<\/p>\n<p>Sahada montaj kolayl\u0131\u011f\u0131<\/p>\n<p>H\u00fccre yap\u0131land\u0131rma esnekli\u011fi<\/p>\n<p>Projenin taleplerine ba\u011fl\u0131 esnek \u00e7\u00f6z\u00fcm alternatifleri<\/p>\n<p>T\u00fcm filtre s\u0131n\u0131flar\u0131nda geni\u015f se\u00e7enek<\/p>","protected":false},"excerpt":{"rendered":"<p>VENCO VKS Series Cellular Fans provide the ventilation conditions you need in enclosed spaces thanks to their flexible solution approach. With packaged automation and plug-and-play panel options, they enable operation according to pressure, indoor air quality, and variable flow rates.<\/p>","protected":false},"featured_media":5366,"comment_status":"open","ping_status":"closed","template":"","meta":{"_acf_changed":false,"_monsterinsights_skip_tracking":false,"_monsterinsights_sitenote_active":false,"_monsterinsights_sitenote_note":"","_monsterinsights_sitenote_category":0},"product_brand":[],"product_cat":[25,56],"product_tag":[],"class_list":{"0":"post-4967","1":"product","2":"type-product","3":"status-publish","4":"has-post-thumbnail","6":"product_cat-fanlar","7":"product_cat-hucreli-fanlar","9":"first","10":"instock","11":"shipping-taxable","12":"product-type-simple"},"acf":[],"aioseo_notices":[],"_links":{"self":[{"href":"https:\/\/gaiamekanik.com.tr\/en\/wp-json\/wp\/v2\/product\/4967","targetHints":{"allow":["GET"]}}],"collection":[{"href":"https:\/\/gaiamekanik.com.tr\/en\/wp-json\/wp\/v2\/product"}],"about":[{"href":"https:\/\/gaiamekanik.com.tr\/en\/wp-json\/wp\/v2\/types\/product"}],"replies":[{"embeddable":true,"href":"https:\/\/gaiamekanik.com.tr\/en\/wp-json\/wp\/v2\/comments?post=4967"}],"version-history":[{"count":3,"href":"https:\/\/gaiamekanik.com.tr\/en\/wp-json\/wp\/v2\/product\/4967\/revisions"}],"predecessor-version":[{"id":5909,"href":"https:\/\/gaiamekanik.com.tr\/en\/wp-json\/wp\/v2\/product\/4967\/revisions\/5909"}],"wp:featuredmedia":[{"embeddable":true,"href":"https:\/\/gaiamekanik.com.tr\/en\/wp-json\/wp\/v2\/media\/5366"}],"wp:attachment":[{"href":"https:\/\/gaiamekanik.com.tr\/en\/wp-json\/wp\/v2\/media?parent=4967"}],"wp:term":[{"taxonomy":"product_brand","embeddable":true,"href":"https:\/\/gaiamekanik.com.tr\/en\/wp-json\/wp\/v2\/product_brand?post=4967"},{"taxonomy":"product_cat","embeddable":true,"href":"https:\/\/gaiamekanik.com.tr\/en\/wp-json\/wp\/v2\/product_cat?post=4967"},{"taxonomy":"product_tag","embeddable":true,"href":"https:\/\/gaiamekanik.com.tr\/en\/wp-json\/wp\/v2\/product_tag?post=4967"}],"curies":[{"name":"wp","href":"https:\/\/api.w.org\/{rel}","templated":true}]}}