{"id":5041,"date":"2025-04-26T21:13:42","date_gmt":"2025-04-26T18:13:42","guid":{"rendered":"https:\/\/gaiamekanik.com.tr\/?post_type=product&#038;p=5041"},"modified":"2025-12-22T16:29:04","modified_gmt":"2025-12-22T13:29:04","slug":"ankastre-hava-perdeleri","status":"publish","type":"product","link":"https:\/\/gaiamekanik.com.tr\/en\/product\/ankastre-hava-perdeleri\/","title":{"rendered":"BUILT-IN AIR CURTAINS"},"content":{"rendered":"<p>\u00c7e\u015fitli operasyonel ihtiya\u00e7lar\u0131 kar\u015f\u0131lamak i\u00e7in geli\u015fmi\u015f i\u015flevsellik sunan ak\u0131ll\u0131\u00a0<b>AirGENIO kontrol sistemine<\/b>\u00a0sahiptir .<\/p>\n<p><b>FINESSE , bankalar, finans binalar\u0131, se\u00e7kin butikler<\/b>\u00a0,\u00a0<b>ma\u011fazalar<\/b>\u00a0ve\u00a0<b>havaalan\u0131 terminalleri<\/b>\u00a0gibi temsili mekan alanlar\u0131 i\u00e7in uygundur\u00a0.<\/p>\n<h4 class=\"tm-line-blue\">Teknik \u00d6zellikler<\/h4>\n<div class=\"tm-list-dot uk-margin\">\n<ul>\n<li>Hava Ak\u0131\u015f\u0131: 1700 \u2013 4350 m\u00a0<sup>3<\/sup>\u00a0\/h<\/li>\n<li>\u00d6nerilen montaj y\u00fcksekli\u011fi: 4 m<\/li>\n<li>D\u00fc\u015f\u00fck profil \u2013 304 mm<\/li>\n<li>PRIME veya BASIC kontrol\u00fc entegre<\/li>\n<li>Basit kurulum ve servis<\/li>\n<\/ul>\n<\/div>","protected":false},"excerpt":{"rendered":"<p><b>FINESSE<\/b>\u00a0It is a discreet yet powerful air curtain designed to be easily integrated into recessed ceilings. Its stylish design complements interiors without compromising performance.<\/p>","protected":false},"featured_media":5965,"comment_status":"open","ping_status":"closed","template":"","meta":{"_acf_changed":false,"_monsterinsights_skip_tracking":false,"_monsterinsights_sitenote_active":false,"_monsterinsights_sitenote_note":"","_monsterinsights_sitenote_category":0},"product_brand":[],"product_cat":[42],"product_tag":[],"class_list":{"0":"post-5041","1":"product","2":"type-product","3":"status-publish","4":"has-post-thumbnail","6":"product_cat-hava-perdeleri","8":"first","9":"instock","10":"shipping-taxable","11":"product-type-simple"},"acf":[],"aioseo_notices":[],"_links":{"self":[{"href":"https:\/\/gaiamekanik.com.tr\/en\/wp-json\/wp\/v2\/product\/5041","targetHints":{"allow":["GET"]}}],"collection":[{"href":"https:\/\/gaiamekanik.com.tr\/en\/wp-json\/wp\/v2\/product"}],"about":[{"href":"https:\/\/gaiamekanik.com.tr\/en\/wp-json\/wp\/v2\/types\/product"}],"replies":[{"embeddable":true,"href":"https:\/\/gaiamekanik.com.tr\/en\/wp-json\/wp\/v2\/comments?post=5041"}],"version-history":[{"count":6,"href":"https:\/\/gaiamekanik.com.tr\/en\/wp-json\/wp\/v2\/product\/5041\/revisions"}],"predecessor-version":[{"id":5953,"href":"https:\/\/gaiamekanik.com.tr\/en\/wp-json\/wp\/v2\/product\/5041\/revisions\/5953"}],"wp:featuredmedia":[{"embeddable":true,"href":"https:\/\/gaiamekanik.com.tr\/en\/wp-json\/wp\/v2\/media\/5965"}],"wp:attachment":[{"href":"https:\/\/gaiamekanik.com.tr\/en\/wp-json\/wp\/v2\/media?parent=5041"}],"wp:term":[{"taxonomy":"product_brand","embeddable":true,"href":"https:\/\/gaiamekanik.com.tr\/en\/wp-json\/wp\/v2\/product_brand?post=5041"},{"taxonomy":"product_cat","embeddable":true,"href":"https:\/\/gaiamekanik.com.tr\/en\/wp-json\/wp\/v2\/product_cat?post=5041"},{"taxonomy":"product_tag","embeddable":true,"href":"https:\/\/gaiamekanik.com.tr\/en\/wp-json\/wp\/v2\/product_tag?post=5041"}],"curies":[{"name":"wp","href":"https:\/\/api.w.org\/{rel}","templated":true}]}}