{"id":5053,"date":"2025-04-26T21:17:47","date_gmt":"2025-04-26T18:17:47","guid":{"rendered":"https:\/\/gaiamekanik.com.tr\/?post_type=product&#038;p=5053"},"modified":"2025-12-19T15:27:08","modified_gmt":"2025-12-19T12:27:08","slug":"dik-tip-hava-perdeleri","status":"publish","type":"product","link":"https:\/\/gaiamekanik.com.tr\/en\/product\/dik-tip-hava-perdeleri\/","title":{"rendered":"VERTICAL TYPE AIR CURTAINS"},"content":{"rendered":"<p>Hava perdesi,\u00a0maksimum verimlilik ve minimum i\u015fletme maliyetiyle tam otomatik \u00e7al\u0131\u015fma i\u00e7in entegre\u00a0<strong>AirGENIO kontrol\u00fcne sahiptir.<\/strong><\/p>\n<p><strong>VENESSE ofis binalar\u0131<\/strong>\u00a0,\u00a0<strong>bankalar<\/strong>\u00a0,\u00a0<strong>restoranlar<\/strong>\u00a0ve\u00a0<strong>al\u0131\u015fveri\u015f merkezleri<\/strong>\u00a0i\u00e7in ideal bir se\u00e7imdir\u00a0.<\/p>\n<p>&nbsp;<\/p>\n<h4 class=\"tm-line-blue\">Teknik \u00d6zellikler<\/h4>\n<div class=\"tm-list-dot uk-margin\">\n<ul>\n<li><sup>Hava ak\u0131\u015f\u0131: 4700 m 3<\/sup>\u00a0\/h&#8217;ye\u00a0kadar<\/li>\n<li>\u00d6nerilen montaj geni\u015fli\u011fi: 4 m<\/li>\n<li>Mevcut uzunluk: 2,5 m<\/li>\n<li>D\u00fc\u015f\u00fck g\u00fcr\u00fclt\u00fc<\/li>\n<li>Benzersiz kompakt tasar\u0131m<\/li>\n<li>Entegre AirGENIO Comfort\/Superior kontrol\u00fc<\/li>\n<\/ul>\n<\/div>","protected":false},"excerpt":{"rendered":"<p><strong>VENESSE<\/strong>\u00a0It is one of the quietest air curtains in its class. This is a vertical air curtain in an elegant casing that gives it a compact and modern feel. Its versatile design allows for both right and left-handed installation.<\/p>","protected":false},"featured_media":5305,"comment_status":"open","ping_status":"closed","template":"","meta":{"_acf_changed":false,"_monsterinsights_skip_tracking":false,"_monsterinsights_sitenote_active":false,"_monsterinsights_sitenote_note":"","_monsterinsights_sitenote_category":0},"product_brand":[],"product_cat":[42],"product_tag":[],"class_list":{"0":"post-5053","1":"product","2":"type-product","3":"status-publish","4":"has-post-thumbnail","6":"product_cat-hava-perdeleri","8":"first","9":"instock","10":"shipping-taxable","11":"product-type-simple"},"acf":[],"aioseo_notices":[],"_links":{"self":[{"href":"https:\/\/gaiamekanik.com.tr\/en\/wp-json\/wp\/v2\/product\/5053","targetHints":{"allow":["GET"]}}],"collection":[{"href":"https:\/\/gaiamekanik.com.tr\/en\/wp-json\/wp\/v2\/product"}],"about":[{"href":"https:\/\/gaiamekanik.com.tr\/en\/wp-json\/wp\/v2\/types\/product"}],"replies":[{"embeddable":true,"href":"https:\/\/gaiamekanik.com.tr\/en\/wp-json\/wp\/v2\/comments?post=5053"}],"version-history":[{"count":4,"href":"https:\/\/gaiamekanik.com.tr\/en\/wp-json\/wp\/v2\/product\/5053\/revisions"}],"predecessor-version":[{"id":5304,"href":"https:\/\/gaiamekanik.com.tr\/en\/wp-json\/wp\/v2\/product\/5053\/revisions\/5304"}],"wp:featuredmedia":[{"embeddable":true,"href":"https:\/\/gaiamekanik.com.tr\/en\/wp-json\/wp\/v2\/media\/5305"}],"wp:attachment":[{"href":"https:\/\/gaiamekanik.com.tr\/en\/wp-json\/wp\/v2\/media?parent=5053"}],"wp:term":[{"taxonomy":"product_brand","embeddable":true,"href":"https:\/\/gaiamekanik.com.tr\/en\/wp-json\/wp\/v2\/product_brand?post=5053"},{"taxonomy":"product_cat","embeddable":true,"href":"https:\/\/gaiamekanik.com.tr\/en\/wp-json\/wp\/v2\/product_cat?post=5053"},{"taxonomy":"product_tag","embeddable":true,"href":"https:\/\/gaiamekanik.com.tr\/en\/wp-json\/wp\/v2\/product_tag?post=5053"}],"curies":[{"name":"wp","href":"https:\/\/api.w.org\/{rel}","templated":true}]}}