{"id":5059,"date":"2025-04-26T21:19:45","date_gmt":"2025-04-26T18:19:45","guid":{"rendered":"https:\/\/gaiamekanik.com.tr\/?post_type=product&#038;p=5059"},"modified":"2025-12-19T14:18:06","modified_gmt":"2025-12-19T11:18:06","slug":"capraz-akisli-isi-geri-kazanim-cihazlari-ec-ac","status":"publish","type":"product","link":"https:\/\/gaiamekanik.com.tr\/en\/product\/capraz-akisli-isi-geri-kazanim-cihazlari-ec-ac\/","title":{"rendered":"CROSS FLOW HEAT RECOVERY UNITS EC \/ AC"},"content":{"rendered":"<p>CE i\u015faretine sahip 12 standart model,<\/p>\n<p>Y\u00fcksek verimli, direkt akuple ve d\u00fc\u015f\u00fck ses seviyeli fanlar,<\/p>\n<p>5 farkl\u0131 fan h\u0131z ayar\u0131 ile ihtiyaca uygun havaland\u0131rma imkan\u0131,<\/p>\n<p>Kolay montaj ve bak\u0131m imkan\u0131 sa\u011flayan kompakt tasar\u0131m,<\/p>\n<p>\u0130letkenli\u011fi ve performans\u0131 y\u00fcksek, \u00e7apraz ak\u0131ml\u0131 al\u00fcminyum plakal\u0131 \u0131s\u0131 e\u015fanj\u00f6r\u00fc,<\/p>\n<p>Poli\u00fcretan y\u0131kanabilir filtre ile kaliteli i\u00e7 ortam havas\u0131,<\/p>\n<p>Tamamen izole edilmi\u015f i\u00e7 y\u00fczey sayesinde, m\u00fckemmel ses ve \u0131s\u0131 izolasyonu.<\/p>","protected":false},"excerpt":{"rendered":"<p>VENCO Heat Recovery Units (VHR) are designed to provide energy savings while achieving high indoor air quality. The plate heat exchangers used in VHR units offer significant advantages and wide application possibilities in domestic, commercial, and industrial air conditioning and ventilation applications. High-conductivity and high-performance aluminum plate heat exchangers ensure efficient heat transfer between warm and cold air streams.<\/p>","protected":false},"featured_media":5061,"comment_status":"open","ping_status":"closed","template":"","meta":{"_acf_changed":false,"_monsterinsights_skip_tracking":false,"_monsterinsights_sitenote_active":false,"_monsterinsights_sitenote_note":"","_monsterinsights_sitenote_category":0},"product_brand":[],"product_cat":[27],"product_tag":[],"class_list":{"0":"post-5059","1":"product","2":"type-product","3":"status-publish","4":"has-post-thumbnail","6":"product_cat-isi-geri-kazanim-cihazlari-uniteleri","8":"first","9":"instock","10":"shipping-taxable","11":"product-type-simple"},"acf":[],"aioseo_notices":[],"_links":{"self":[{"href":"https:\/\/gaiamekanik.com.tr\/en\/wp-json\/wp\/v2\/product\/5059","targetHints":{"allow":["GET"]}}],"collection":[{"href":"https:\/\/gaiamekanik.com.tr\/en\/wp-json\/wp\/v2\/product"}],"about":[{"href":"https:\/\/gaiamekanik.com.tr\/en\/wp-json\/wp\/v2\/types\/product"}],"replies":[{"embeddable":true,"href":"https:\/\/gaiamekanik.com.tr\/en\/wp-json\/wp\/v2\/comments?post=5059"}],"version-history":[{"count":3,"href":"https:\/\/gaiamekanik.com.tr\/en\/wp-json\/wp\/v2\/product\/5059\/revisions"}],"predecessor-version":[{"id":5917,"href":"https:\/\/gaiamekanik.com.tr\/en\/wp-json\/wp\/v2\/product\/5059\/revisions\/5917"}],"wp:featuredmedia":[{"embeddable":true,"href":"https:\/\/gaiamekanik.com.tr\/en\/wp-json\/wp\/v2\/media\/5061"}],"wp:attachment":[{"href":"https:\/\/gaiamekanik.com.tr\/en\/wp-json\/wp\/v2\/media?parent=5059"}],"wp:term":[{"taxonomy":"product_brand","embeddable":true,"href":"https:\/\/gaiamekanik.com.tr\/en\/wp-json\/wp\/v2\/product_brand?post=5059"},{"taxonomy":"product_cat","embeddable":true,"href":"https:\/\/gaiamekanik.com.tr\/en\/wp-json\/wp\/v2\/product_cat?post=5059"},{"taxonomy":"product_tag","embeddable":true,"href":"https:\/\/gaiamekanik.com.tr\/en\/wp-json\/wp\/v2\/product_tag?post=5059"}],"curies":[{"name":"wp","href":"https:\/\/api.w.org\/{rel}","templated":true}]}}