{"id":5065,"date":"2025-04-26T21:21:05","date_gmt":"2025-04-26T18:21:05","guid":{"rendered":"https:\/\/gaiamekanik.com.tr\/?post_type=product&#038;p=5065"},"modified":"2025-12-19T14:31:06","modified_gmt":"2025-12-19T11:31:06","slug":"cift-cidarli-yuksek-verimli-isi-geri-kazanim-cihazlari-ec","status":"publish","type":"product","link":"https:\/\/gaiamekanik.com.tr\/en\/product\/cift-cidarli-yuksek-verimli-isi-geri-kazanim-cihazlari-ec\/","title":{"rendered":"DOUBLE SKIN HIGH EFFICIENCY HEAT RECOVERY UNITS EC"},"content":{"rendered":"<p>8 Ayr\u0131 Standart Model,<\/p>\n<p>Erp 2018 Uyumlu,<\/p>\n<p>Y\u00fcksek verimli, direkt akuple ve d\u00fc\u015f\u00fck ses seviyeli EC plug fanlar,<\/p>\n<p>M\u00fckemmel ses ve \u0131s\u0131 izolasyonu,<\/p>\n<p>\u0130letkenli\u011fi ve performans\u0131 y\u00fcksek, y\u00fcksek verimli al\u00fcminyum alt\u0131gen plakal\u0131 \u0131s\u0131 geri kazan\u0131m e\u015fanj\u00f6r\u00fc,<\/p>\n<p>5 farkl\u0131 fan h\u0131z ayar\u0131 ile ihtiyaca uygun havaland\u0131rma imkan\u0131, \u00fcfleme ve egzoz fanlar\u0131n\u0131 ayr\u0131 devirlerde \u00e7al\u0131\u015ft\u0131rabilme,<\/p>\n<p>Kolay montaj ve bak\u0131m imkan\u0131 sa\u011flayan kompakt tasar\u0131m,<\/p>\n<p>G4 + F7 filtreler ile kaliteli i\u00e7 ortam havas\u0131, uzun ekipman \u00f6mr\u00fc,<\/p>\n<p>Standart fi\u015fli kablo ile tak\/\u00e7al\u0131\u015ft\u0131r \u00f6zelli\u011fi<\/p>","protected":false},"excerpt":{"rendered":"<p>VENCO VHR CF D EC Series High-Efficiency Heat Recovery Units are designed to provide energy savings while achieving high indoor air quality. Using high-efficiency aluminum hexagonal plate heat exchangers, VHR units offer significant advantages and wide application possibilities in domestic, commercial, and industrial air conditioning and ventilation applications. High-conductivity and high-performance exchangers ensure highly efficient heat transfer between warm and cold air streams. EC fan technology and a double-walled insulated housing structure achieve high energy efficiency and low noise levels.<\/p>","protected":false},"featured_media":5388,"comment_status":"open","ping_status":"closed","template":"","meta":{"_acf_changed":false,"_monsterinsights_skip_tracking":false,"_monsterinsights_sitenote_active":false,"_monsterinsights_sitenote_note":"","_monsterinsights_sitenote_category":0},"product_brand":[],"product_cat":[27],"product_tag":[],"class_list":{"0":"post-5065","1":"product","2":"type-product","3":"status-publish","4":"has-post-thumbnail","6":"product_cat-isi-geri-kazanim-cihazlari-uniteleri","8":"first","9":"instock","10":"shipping-taxable","11":"product-type-simple"},"acf":[],"aioseo_notices":[],"_links":{"self":[{"href":"https:\/\/gaiamekanik.com.tr\/en\/wp-json\/wp\/v2\/product\/5065","targetHints":{"allow":["GET"]}}],"collection":[{"href":"https:\/\/gaiamekanik.com.tr\/en\/wp-json\/wp\/v2\/product"}],"about":[{"href":"https:\/\/gaiamekanik.com.tr\/en\/wp-json\/wp\/v2\/types\/product"}],"replies":[{"embeddable":true,"href":"https:\/\/gaiamekanik.com.tr\/en\/wp-json\/wp\/v2\/comments?post=5065"}],"version-history":[{"count":4,"href":"https:\/\/gaiamekanik.com.tr\/en\/wp-json\/wp\/v2\/product\/5065\/revisions"}],"predecessor-version":[{"id":5921,"href":"https:\/\/gaiamekanik.com.tr\/en\/wp-json\/wp\/v2\/product\/5065\/revisions\/5921"}],"wp:featuredmedia":[{"embeddable":true,"href":"https:\/\/gaiamekanik.com.tr\/en\/wp-json\/wp\/v2\/media\/5388"}],"wp:attachment":[{"href":"https:\/\/gaiamekanik.com.tr\/en\/wp-json\/wp\/v2\/media?parent=5065"}],"wp:term":[{"taxonomy":"product_brand","embeddable":true,"href":"https:\/\/gaiamekanik.com.tr\/en\/wp-json\/wp\/v2\/product_brand?post=5065"},{"taxonomy":"product_cat","embeddable":true,"href":"https:\/\/gaiamekanik.com.tr\/en\/wp-json\/wp\/v2\/product_cat?post=5065"},{"taxonomy":"product_tag","embeddable":true,"href":"https:\/\/gaiamekanik.com.tr\/en\/wp-json\/wp\/v2\/product_tag?post=5065"}],"curies":[{"name":"wp","href":"https:\/\/api.w.org\/{rel}","templated":true}]}}