{"id":5070,"date":"2025-04-26T21:23:23","date_gmt":"2025-04-26T18:23:23","guid":{"rendered":"https:\/\/gaiamekanik.com.tr\/?post_type=product&#038;p=5070"},"modified":"2025-12-19T14:24:11","modified_gmt":"2025-12-19T11:24:11","slug":"dx-isi-pompali-isi-geri-kazanim-cihazlari-ec-ac","status":"publish","type":"product","link":"https:\/\/gaiamekanik.com.tr\/en\/product\/dx-isi-pompali-isi-geri-kazanim-cihazlari-ec-ac\/","title":{"rendered":"HEAT PUMP HEAT RECOVERY UNITS EC\/AC"},"content":{"rendered":"<p>CE i\u015faretine sahip 8 standart model,<\/p>\n<p>Is\u0131 Pompas\u0131 sayesinde \u015fartland\u0131r\u0131lm\u0131\u015f taze hava, yaz i\u00e7in 20\u00b0C, k\u0131\u015f i\u00e7in 25\u00b0C olur,<\/p>\n<p>Kompakt yap\u0131, t\u00fcm sistem ayn\u0131 g\u00f6vde i\u00e7erisinde (taze hava fan\u0131 + egzoz fan\u0131 + \u0131s\u0131 geri kazan\u0131m esanj\u00f6r\u00fc+ evaporator + kondenser + kompres\u00f6r + so\u011futma ekipmanlar\u0131),<\/p>\n<p>Y\u0131kanabilir poli\u00fcretan filtreler ile kaliteli i\u00e7 ortam havas\u0131,<\/p>\n<p>Kolay montaj ve bak\u0131m imkan\u0131 sa\u011flayan tasar\u0131m,<\/p>\n<p>5 h\u0131zl\u0131, direkt akuple fan kullan\u0131m\u0131 ile istenilen kapasitede \u00e7al\u0131\u015fma ve d\u00fc\u015f\u00fck ses seviyesi,<\/p>\n<p>\u0130letkenli\u011fi ve performans\u0131 y\u00fcksek, \u00e7apraz ak\u0131ml\u0131 al\u00fcminyum plakal\u0131 \u0131s\u0131 e\u015fanj\u00f6r\u00fc.<\/p>","protected":false},"excerpt":{"rendered":"<p>VHR DX Heat Pump Heat Recovery Ventilation Units are designed to provide energy savings while achieving high indoor air quality. VHR DX units utilize air-to-air heat recovery plate exchangers for heat transfer, while the heat pump delivers fresh air at room temperature. Standard heat recovery units typically achieve an average airflow temperature of 30\u00b0C in summer and 12\u00b0C in winter, which can be uncomfortable. Heat pump heat recovery units, however, achieve fresh airflow temperatures of 20\u00b0C in summer and 25\u00b0C in winter thanks to the heat pump.<\/p>","protected":false},"featured_media":5383,"comment_status":"open","ping_status":"closed","template":"","meta":{"_acf_changed":false,"_monsterinsights_skip_tracking":false,"_monsterinsights_sitenote_active":false,"_monsterinsights_sitenote_note":"","_monsterinsights_sitenote_category":0},"product_brand":[],"product_cat":[27],"product_tag":[],"class_list":{"0":"post-5070","1":"product","2":"type-product","3":"status-publish","4":"has-post-thumbnail","6":"product_cat-isi-geri-kazanim-cihazlari-uniteleri","8":"first","9":"instock","10":"shipping-taxable","11":"product-type-simple"},"acf":[],"aioseo_notices":[],"_links":{"self":[{"href":"https:\/\/gaiamekanik.com.tr\/en\/wp-json\/wp\/v2\/product\/5070","targetHints":{"allow":["GET"]}}],"collection":[{"href":"https:\/\/gaiamekanik.com.tr\/en\/wp-json\/wp\/v2\/product"}],"about":[{"href":"https:\/\/gaiamekanik.com.tr\/en\/wp-json\/wp\/v2\/types\/product"}],"replies":[{"embeddable":true,"href":"https:\/\/gaiamekanik.com.tr\/en\/wp-json\/wp\/v2\/comments?post=5070"}],"version-history":[{"count":4,"href":"https:\/\/gaiamekanik.com.tr\/en\/wp-json\/wp\/v2\/product\/5070\/revisions"}],"predecessor-version":[{"id":5382,"href":"https:\/\/gaiamekanik.com.tr\/en\/wp-json\/wp\/v2\/product\/5070\/revisions\/5382"}],"wp:featuredmedia":[{"embeddable":true,"href":"https:\/\/gaiamekanik.com.tr\/en\/wp-json\/wp\/v2\/media\/5383"}],"wp:attachment":[{"href":"https:\/\/gaiamekanik.com.tr\/en\/wp-json\/wp\/v2\/media?parent=5070"}],"wp:term":[{"taxonomy":"product_brand","embeddable":true,"href":"https:\/\/gaiamekanik.com.tr\/en\/wp-json\/wp\/v2\/product_brand?post=5070"},{"taxonomy":"product_cat","embeddable":true,"href":"https:\/\/gaiamekanik.com.tr\/en\/wp-json\/wp\/v2\/product_cat?post=5070"},{"taxonomy":"product_tag","embeddable":true,"href":"https:\/\/gaiamekanik.com.tr\/en\/wp-json\/wp\/v2\/product_tag?post=5070"}],"curies":[{"name":"wp","href":"https:\/\/api.w.org\/{rel}","templated":true}]}}