{"id":5083,"date":"2025-04-26T21:27:40","date_gmt":"2025-04-26T18:27:40","guid":{"rendered":"https:\/\/gaiamekanik.com.tr\/?post_type=product&#038;p=5083"},"modified":"2025-12-19T14:28:19","modified_gmt":"2025-12-19T11:28:19","slug":"selulozik-esanjorlu-isi-geri-kazanim-cihazlari-ec-ac","status":"publish","type":"product","link":"https:\/\/gaiamekanik.com.tr\/en\/product\/selulozik-esanjorlu-isi-geri-kazanim-cihazlari-ec-ac\/","title":{"rendered":"HEAT RECOVERY UNITS WITH CELLULOSIC HEAT EXCHANGER EC\/AC"},"content":{"rendered":"<p>CE i\u015faretine sahip 9 standart model,<\/p>\n<p>Y\u00fcksek verimli, direkt akuple ve d\u00fc\u015f\u00fck ses seviyeli fanlar,<\/p>\n<p>5 farkl\u0131 fan h\u0131z ayar\u0131 ile ihtiyaca uygun havaland\u0131rma imkan\u0131,<\/p>\n<p>Kolay montaj ve bak\u0131m imkan\u0131 sa\u011flayan kompakt tasar\u0131m,<\/p>\n<p>\u0130letkenli\u011fi ve performans\u0131 y\u00fcksek sel\u00fclozik e\u015fanj\u00f6r,<\/p>\n<p>Poli\u00fcretan y\u0131kanabilir filtre ile kaliteli i\u00e7 ortam havas\u0131,<\/p>\n<p>Tamamen izole edilmi\u015f i\u00e7 y\u00fczey sayesinde, m\u00fckemmel ses ve \u0131s\u0131 izolasyonu.<\/p>","protected":false},"excerpt":{"rendered":"<p>VENCO Heat Recovery Units (VHRs) are designed to provide energy savings while achieving high indoor air quality. Using cellulosic plate heat exchangers, VHR units offer significant advantages and wide application possibilities in domestic, commercial, and industrial HVAC applications. High-conductivity and high-performance cellulosic exchangers ensure efficient heat transfer between warm and cold air streams. Because they provide both sensible and latent heat transfer, their efficiency values \u200b\u200bare exceptionally high.<\/p>","protected":false},"featured_media":5084,"comment_status":"open","ping_status":"closed","template":"","meta":{"_acf_changed":false,"_monsterinsights_skip_tracking":false,"_monsterinsights_sitenote_active":false,"_monsterinsights_sitenote_note":"","_monsterinsights_sitenote_category":0},"product_brand":[],"product_cat":[27],"product_tag":[],"class_list":{"0":"post-5083","1":"product","2":"type-product","3":"status-publish","4":"has-post-thumbnail","6":"product_cat-isi-geri-kazanim-cihazlari-uniteleri","8":"first","9":"instock","10":"shipping-taxable","11":"product-type-simple"},"acf":[],"aioseo_notices":[],"_links":{"self":[{"href":"https:\/\/gaiamekanik.com.tr\/en\/wp-json\/wp\/v2\/product\/5083","targetHints":{"allow":["GET"]}}],"collection":[{"href":"https:\/\/gaiamekanik.com.tr\/en\/wp-json\/wp\/v2\/product"}],"about":[{"href":"https:\/\/gaiamekanik.com.tr\/en\/wp-json\/wp\/v2\/types\/product"}],"replies":[{"embeddable":true,"href":"https:\/\/gaiamekanik.com.tr\/en\/wp-json\/wp\/v2\/comments?post=5083"}],"version-history":[{"count":5,"href":"https:\/\/gaiamekanik.com.tr\/en\/wp-json\/wp\/v2\/product\/5083\/revisions"}],"predecessor-version":[{"id":5920,"href":"https:\/\/gaiamekanik.com.tr\/en\/wp-json\/wp\/v2\/product\/5083\/revisions\/5920"}],"wp:featuredmedia":[{"embeddable":true,"href":"https:\/\/gaiamekanik.com.tr\/en\/wp-json\/wp\/v2\/media\/5084"}],"wp:attachment":[{"href":"https:\/\/gaiamekanik.com.tr\/en\/wp-json\/wp\/v2\/media?parent=5083"}],"wp:term":[{"taxonomy":"product_brand","embeddable":true,"href":"https:\/\/gaiamekanik.com.tr\/en\/wp-json\/wp\/v2\/product_brand?post=5083"},{"taxonomy":"product_cat","embeddable":true,"href":"https:\/\/gaiamekanik.com.tr\/en\/wp-json\/wp\/v2\/product_cat?post=5083"},{"taxonomy":"product_tag","embeddable":true,"href":"https:\/\/gaiamekanik.com.tr\/en\/wp-json\/wp\/v2\/product_tag?post=5083"}],"curies":[{"name":"wp","href":"https:\/\/api.w.org\/{rel}","templated":true}]}}