{"id":5119,"date":"2025-04-28T11:56:10","date_gmt":"2025-04-28T08:56:10","guid":{"rendered":"https:\/\/gaiamekanik.com.tr\/?post_type=product&#038;p=5119"},"modified":"2025-12-19T13:24:24","modified_gmt":"2025-12-19T10:24:24","slug":"punto-evo-flexo","status":"publish","type":"product","link":"https:\/\/gaiamekanik.com.tr\/en\/product\/punto-evo-flexo\/","title":{"rendered":"VORT QUADRO EVO"},"content":{"rendered":"<p>Santrif\u00fcj kanal fanlar\u0131<\/p>\n<p>DIN 18017-3 standard\u0131na (performanslar ve yang\u0131na dayan\u0131kl\u0131 gereksinimler) g\u00f6re tasarlanm\u0131\u015f, duvar\/tavan ve g\u00f6mme montaj i\u00e7in santrif\u00fcj aspirat\u00f6r fanlar.<\/p>","protected":false},"excerpt":{"rendered":"<p>Santrif\u00fcj kanal fanlar\u0131 DIN 18017-3 standard\u0131na (performanslar ve yang\u0131na dayan\u0131kl\u0131 gereksinimler) g\u00f6re tasarlanm\u0131\u015f, duvar\/tavan ve g\u00f6mme montaj i\u00e7in santrif\u00fcj aspirat\u00f6r fanlar.<\/p>","protected":false},"featured_media":5134,"comment_status":"open","ping_status":"closed","template":"","meta":{"_acf_changed":false,"_monsterinsights_skip_tracking":false,"_monsterinsights_sitenote_active":false,"_monsterinsights_sitenote_note":"","_monsterinsights_sitenote_category":0},"product_brand":[],"product_cat":[25,58],"product_tag":[],"class_list":{"0":"post-5119","1":"product","2":"type-product","3":"status-publish","4":"has-post-thumbnail","6":"product_cat-fanlar","7":"product_cat-domestik-fanlar","9":"first","10":"instock","11":"shipping-taxable","12":"product-type-simple"},"acf":[],"aioseo_notices":[],"_links":{"self":[{"href":"https:\/\/gaiamekanik.com.tr\/en\/wp-json\/wp\/v2\/product\/5119","targetHints":{"allow":["GET"]}}],"collection":[{"href":"https:\/\/gaiamekanik.com.tr\/en\/wp-json\/wp\/v2\/product"}],"about":[{"href":"https:\/\/gaiamekanik.com.tr\/en\/wp-json\/wp\/v2\/types\/product"}],"replies":[{"embeddable":true,"href":"https:\/\/gaiamekanik.com.tr\/en\/wp-json\/wp\/v2\/comments?post=5119"}],"version-history":[{"count":3,"href":"https:\/\/gaiamekanik.com.tr\/en\/wp-json\/wp\/v2\/product\/5119\/revisions"}],"predecessor-version":[{"id":5913,"href":"https:\/\/gaiamekanik.com.tr\/en\/wp-json\/wp\/v2\/product\/5119\/revisions\/5913"}],"wp:featuredmedia":[{"embeddable":true,"href":"https:\/\/gaiamekanik.com.tr\/en\/wp-json\/wp\/v2\/media\/5134"}],"wp:attachment":[{"href":"https:\/\/gaiamekanik.com.tr\/en\/wp-json\/wp\/v2\/media?parent=5119"}],"wp:term":[{"taxonomy":"product_brand","embeddable":true,"href":"https:\/\/gaiamekanik.com.tr\/en\/wp-json\/wp\/v2\/product_brand?post=5119"},{"taxonomy":"product_cat","embeddable":true,"href":"https:\/\/gaiamekanik.com.tr\/en\/wp-json\/wp\/v2\/product_cat?post=5119"},{"taxonomy":"product_tag","embeddable":true,"href":"https:\/\/gaiamekanik.com.tr\/en\/wp-json\/wp\/v2\/product_tag?post=5119"}],"curies":[{"name":"wp","href":"https:\/\/api.w.org\/{rel}","templated":true}]}}