{"id":5126,"date":"2025-04-28T11:47:48","date_gmt":"2025-04-28T08:47:48","guid":{"rendered":"https:\/\/gaiamekanik.com.tr\/?post_type=product&#038;p=5126"},"modified":"2025-12-19T13:23:02","modified_gmt":"2025-12-19T10:23:02","slug":"punto-ghost","status":"publish","type":"product","link":"https:\/\/gaiamekanik.com.tr\/en\/product\/punto-ghost\/","title":{"rendered":"PUNTO GHOST"},"content":{"rendered":"<p class=\"s4\">S\u0131ral\u0131 eksenel fanlar<\/p>\n<p class=\"s4\">S\u0131ral\u0131 kurulum i\u00e7in eksenel ak\u0131\u015f fanlar\u0131, 100 ila 150 mm aras\u0131nda \u00e7aplar, zamanlay\u0131c\u0131l\u0131 veya zamanlay\u0131c\u0131s\u0131z, 65 m3\/saat ile 320 m3\/saat aras\u0131nda hava akar, do\u011frudan d\u0131\u015far\u0131ya \u00e7\u0131kar\u0131lan hava ile veya s\u0131n\u0131rl\u0131 uzunluktaki kanallar boyunca konutlar\u0131n havaland\u0131r\u0131lmas\u0131 i\u00e7in uygundur.<\/p>","protected":false},"excerpt":{"rendered":"<p>S\u0131ral\u0131 eksenel fanlar S\u0131ral\u0131 kurulum i\u00e7in eksenel ak\u0131\u015f fanlar\u0131, 100 ila 150 mm aras\u0131nda \u00e7aplar, zamanlay\u0131c\u0131l\u0131 veya zamanlay\u0131c\u0131s\u0131z, 65 m3\/saat ile 320 m3\/saat aras\u0131nda hava akar, do\u011frudan d\u0131\u015far\u0131ya \u00e7\u0131kar\u0131lan hava ile veya s\u0131n\u0131rl\u0131 uzunluktaki kanallar boyunca konutlar\u0131n havaland\u0131r\u0131lmas\u0131 i\u00e7in uygundur.<\/p>","protected":false},"featured_media":5127,"comment_status":"open","ping_status":"closed","template":"","meta":{"_acf_changed":false,"_monsterinsights_skip_tracking":false,"_monsterinsights_sitenote_active":false,"_monsterinsights_sitenote_note":"","_monsterinsights_sitenote_category":0},"product_brand":[],"product_cat":[25,58],"product_tag":[],"class_list":{"0":"post-5126","1":"product","2":"type-product","3":"status-publish","4":"has-post-thumbnail","6":"product_cat-fanlar","7":"product_cat-domestik-fanlar","9":"first","10":"instock","11":"shipping-taxable","12":"product-type-simple"},"acf":[],"aioseo_notices":[],"_links":{"self":[{"href":"https:\/\/gaiamekanik.com.tr\/en\/wp-json\/wp\/v2\/product\/5126","targetHints":{"allow":["GET"]}}],"collection":[{"href":"https:\/\/gaiamekanik.com.tr\/en\/wp-json\/wp\/v2\/product"}],"about":[{"href":"https:\/\/gaiamekanik.com.tr\/en\/wp-json\/wp\/v2\/types\/product"}],"replies":[{"embeddable":true,"href":"https:\/\/gaiamekanik.com.tr\/en\/wp-json\/wp\/v2\/comments?post=5126"}],"version-history":[{"count":4,"href":"https:\/\/gaiamekanik.com.tr\/en\/wp-json\/wp\/v2\/product\/5126\/revisions"}],"predecessor-version":[{"id":5911,"href":"https:\/\/gaiamekanik.com.tr\/en\/wp-json\/wp\/v2\/product\/5126\/revisions\/5911"}],"wp:featuredmedia":[{"embeddable":true,"href":"https:\/\/gaiamekanik.com.tr\/en\/wp-json\/wp\/v2\/media\/5127"}],"wp:attachment":[{"href":"https:\/\/gaiamekanik.com.tr\/en\/wp-json\/wp\/v2\/media?parent=5126"}],"wp:term":[{"taxonomy":"product_brand","embeddable":true,"href":"https:\/\/gaiamekanik.com.tr\/en\/wp-json\/wp\/v2\/product_brand?post=5126"},{"taxonomy":"product_cat","embeddable":true,"href":"https:\/\/gaiamekanik.com.tr\/en\/wp-json\/wp\/v2\/product_cat?post=5126"},{"taxonomy":"product_tag","embeddable":true,"href":"https:\/\/gaiamekanik.com.tr\/en\/wp-json\/wp\/v2\/product_tag?post=5126"}],"curies":[{"name":"wp","href":"https:\/\/api.w.org\/{rel}","templated":true}]}}