{"id":5149,"date":"2025-04-28T12:01:38","date_gmt":"2025-04-28T09:01:38","guid":{"rendered":"https:\/\/gaiamekanik.com.tr\/?post_type=product&#038;p=5149"},"modified":"2025-12-19T13:29:36","modified_gmt":"2025-12-19T10:29:36","slug":"fan-aksesuarlari","status":"publish","type":"product","link":"https:\/\/gaiamekanik.com.tr\/en\/product\/fan-aksesuarlari\/","title":{"rendered":"FAN ACCESSORIES"},"content":{"rendered":"<p>MK Montaj Kelep\u00e7esi<\/p>\n<p>MPT Montaj Plakas\u0131<\/p>\n<p>BSV Tel kafes<\/p>\n<p>RSK Yuvarlak Tek Y\u00f6nl\u00fc Yayl\u0131 Klape<\/p>\n<p>NRK Dikd\u00f6rtgen Tek Y\u00f6nl\u00fc Klape<\/p>\n<p>VK Movable Shutter<\/p>\n<p>EBY Yanmaz Esnek Ba\u011flant\u0131<\/p>\n<p>EBD Dikd\u00f6rtgen Esnek Ba\u011flant\u0131<\/p>\n<p>VSC H\u0131z Anahtar\u0131<\/p>\n<p>MFL Kar\u015f\u0131 Flan\u015f<\/p>\n<p>MFT Montaj Aya\u011f\u0131<\/p>\n<p>FLC\/FLR Filtre Kutular\u0131<\/p>\n<p>XS, SHS Titre\u015fim Yutucu Takoz<\/p>\n<p>BDD \u00c7at\u0131 Fanlar\u0131 i\u00e7in Yuvarlak Tek Y\u00f6nl\u00fc Klape<\/p>\n<p>NRDO Aksiyal Fanlar i\u00e7in Yuvarlak Tek Y\u00f6nl\u00fc Klape<\/p>\n<p>MC Montaj Kaidesi<\/p>\n<p>SDS Susturuculu Montaj Kaidesi<\/p>\n<p>MSC Wire Cage<\/p>\n<p>EBS Standart Esnek Ba\u011flant\u0131<\/p>\n<p>ACD Bak\u0131m Kapa\u011f\u0131<\/p>\n<p>&nbsp;<\/p>","protected":false},"excerpt":{"rendered":"<p>MK Montaj Kelep\u00e7esi MPT Montaj Plakas\u0131 BSV Tel kafes RSK Yuvarlak Tek Y\u00f6nl\u00fc Yayl\u0131 Klape NRK Dikd\u00f6rtgen Tek Y\u00f6nl\u00fc Klape VK Hareketli Panjur EBY Yanmaz Esnek Ba\u011flant\u0131 EBD Dikd\u00f6rtgen Esnek Ba\u011flant\u0131 VSC H\u0131z Anahtar\u0131 MFL Kar\u015f\u0131 Flan\u015f MFT Montaj Aya\u011f\u0131 FLC\/FLR Filtre Kutular\u0131 XS, SHS Titre\u015fim Yutucu Takoz BDD \u00c7at\u0131 Fanlar\u0131 i\u00e7in Yuvarlak Tek Y\u00f6nl\u00fc&#8230;<\/p>","protected":false},"featured_media":5150,"comment_status":"open","ping_status":"closed","template":"","meta":{"_acf_changed":false,"_monsterinsights_skip_tracking":false,"_monsterinsights_sitenote_active":false,"_monsterinsights_sitenote_note":"","_monsterinsights_sitenote_category":0},"product_brand":[],"product_cat":[25,59],"product_tag":[],"class_list":{"0":"post-5149","1":"product","2":"type-product","3":"status-publish","4":"has-post-thumbnail","6":"product_cat-fanlar","7":"product_cat-fan-aksesuarlari","9":"first","10":"instock","11":"shipping-taxable","12":"product-type-simple"},"acf":[],"aioseo_notices":[],"_links":{"self":[{"href":"https:\/\/gaiamekanik.com.tr\/en\/wp-json\/wp\/v2\/product\/5149","targetHints":{"allow":["GET"]}}],"collection":[{"href":"https:\/\/gaiamekanik.com.tr\/en\/wp-json\/wp\/v2\/product"}],"about":[{"href":"https:\/\/gaiamekanik.com.tr\/en\/wp-json\/wp\/v2\/types\/product"}],"replies":[{"embeddable":true,"href":"https:\/\/gaiamekanik.com.tr\/en\/wp-json\/wp\/v2\/comments?post=5149"}],"version-history":[{"count":3,"href":"https:\/\/gaiamekanik.com.tr\/en\/wp-json\/wp\/v2\/product\/5149\/revisions"}],"predecessor-version":[{"id":5916,"href":"https:\/\/gaiamekanik.com.tr\/en\/wp-json\/wp\/v2\/product\/5149\/revisions\/5916"}],"wp:featuredmedia":[{"embeddable":true,"href":"https:\/\/gaiamekanik.com.tr\/en\/wp-json\/wp\/v2\/media\/5150"}],"wp:attachment":[{"href":"https:\/\/gaiamekanik.com.tr\/en\/wp-json\/wp\/v2\/media?parent=5149"}],"wp:term":[{"taxonomy":"product_brand","embeddable":true,"href":"https:\/\/gaiamekanik.com.tr\/en\/wp-json\/wp\/v2\/product_brand?post=5149"},{"taxonomy":"product_cat","embeddable":true,"href":"https:\/\/gaiamekanik.com.tr\/en\/wp-json\/wp\/v2\/product_cat?post=5149"},{"taxonomy":"product_tag","embeddable":true,"href":"https:\/\/gaiamekanik.com.tr\/en\/wp-json\/wp\/v2\/product_tag?post=5149"}],"curies":[{"name":"wp","href":"https:\/\/api.w.org\/{rel}","templated":true}]}}