{"id":5155,"date":"2025-04-29T15:34:29","date_gmt":"2025-04-29T12:34:29","guid":{"rendered":"https:\/\/gaiamekanik.com.tr\/?post_type=product&#038;p=5155"},"modified":"2025-12-19T15:19:04","modified_gmt":"2025-12-19T12:19:04","slug":"kanal-tipi-elektrikli-isiticilar","status":"publish","type":"product","link":"https:\/\/gaiamekanik.com.tr\/en\/product\/kanal-tipi-elektrikli-isiticilar\/","title":{"rendered":"DUCT TYPE ELECTRICAL HEATERS"},"content":{"rendered":"<p>T\u00fcm VENCO elektrikli \u0131s\u0131t\u0131c\u0131lar CE i\u015faretine sahiptir ve %100 Final Kalite Kontrol testine tabi tutulurlar.<\/p>\n<p>Kanal tipi elektrikli \u0131s\u0131t\u0131c\u0131lar, herhangi bir ek par\u00e7a kullan\u0131lmaks\u0131z\u0131n kanal sistemine ba\u011flanabilirler.<\/p>\n<p>VCE modelleri, yuvarlak kanal tipi elektrikli \u0131s\u0131t\u0131c\u0131lard\u0131r ve standart yuvarlak kanal kesitine uygun imal edilirler.<\/p>\n<p>VRE modelleri dikd\u00f6rtgen kanal tipi elektrikli \u0131s\u0131t\u0131c\u0131lard\u0131r ve istenilen kanal kesitinde imal edilirler.<\/p>\n<p>VTL santral tipi elektrikli \u0131s\u0131t\u0131c\u0131lar istenilen kesitlerde imal edilirler.<\/p>","protected":false},"excerpt":{"rendered":"<p>VENCO electric heaters are used as final heaters in ventilation systems or to heat outside air in fresh air systems. They can also be installed at the fresh air outlet to meet the additional heating needs of heat recovery units. The heating elements are made of stainless steel, and the housing is made of galvanized or stainless steel. VENCO duct-type electric heaters are available in VRE and VCE models. VENCO VTL Air Handling Unit Electric Heaters are designed for air handling unit manufacturers and are easily installed inside the air handling unit. They are used to provide heating in the air handling unit or to increase the fresh air intake temperature in very low outside temperatures.<\/p>","protected":false},"featured_media":5160,"comment_status":"open","ping_status":"closed","template":"","meta":{"_acf_changed":false,"_monsterinsights_skip_tracking":false,"_monsterinsights_sitenote_active":false,"_monsterinsights_sitenote_note":"","_monsterinsights_sitenote_category":0},"product_brand":[],"product_cat":[35],"product_tag":[],"class_list":{"0":"post-5155","1":"product","2":"type-product","3":"status-publish","4":"has-post-thumbnail","6":"product_cat-elektrikli-isiticilar-hava-apareyleri","8":"first","9":"instock","10":"shipping-taxable","11":"product-type-simple"},"acf":[],"aioseo_notices":[],"_links":{"self":[{"href":"https:\/\/gaiamekanik.com.tr\/en\/wp-json\/wp\/v2\/product\/5155","targetHints":{"allow":["GET"]}}],"collection":[{"href":"https:\/\/gaiamekanik.com.tr\/en\/wp-json\/wp\/v2\/product"}],"about":[{"href":"https:\/\/gaiamekanik.com.tr\/en\/wp-json\/wp\/v2\/types\/product"}],"replies":[{"embeddable":true,"href":"https:\/\/gaiamekanik.com.tr\/en\/wp-json\/wp\/v2\/comments?post=5155"}],"version-history":[{"count":3,"href":"https:\/\/gaiamekanik.com.tr\/en\/wp-json\/wp\/v2\/product\/5155\/revisions"}],"predecessor-version":[{"id":5952,"href":"https:\/\/gaiamekanik.com.tr\/en\/wp-json\/wp\/v2\/product\/5155\/revisions\/5952"}],"wp:featuredmedia":[{"embeddable":true,"href":"https:\/\/gaiamekanik.com.tr\/en\/wp-json\/wp\/v2\/media\/5160"}],"wp:attachment":[{"href":"https:\/\/gaiamekanik.com.tr\/en\/wp-json\/wp\/v2\/media?parent=5155"}],"wp:term":[{"taxonomy":"product_brand","embeddable":true,"href":"https:\/\/gaiamekanik.com.tr\/en\/wp-json\/wp\/v2\/product_brand?post=5155"},{"taxonomy":"product_cat","embeddable":true,"href":"https:\/\/gaiamekanik.com.tr\/en\/wp-json\/wp\/v2\/product_cat?post=5155"},{"taxonomy":"product_tag","embeddable":true,"href":"https:\/\/gaiamekanik.com.tr\/en\/wp-json\/wp\/v2\/product_tag?post=5155"}],"curies":[{"name":"wp","href":"https:\/\/api.w.org\/{rel}","templated":true}]}}