{"id":5219,"date":"2025-04-29T21:00:29","date_gmt":"2025-04-29T18:00:29","guid":{"rendered":"https:\/\/gaiamekanik.com.tr\/?post_type=product&#038;p=5219"},"modified":"2025-12-22T16:30:27","modified_gmt":"2025-12-22T13:30:27","slug":"ticari-hava-perdeleri","status":"publish","type":"product","link":"https:\/\/gaiamekanik.com.tr\/en\/product\/ticari-hava-perdeleri\/","title":{"rendered":"HORIZONTAL TYPE AIR CURTAINS"},"content":{"rendered":"<p>Hava ak\u0131\u015f\u0131: 1300 &#8211; 3700 m3\/saat<\/p>\n<p>\u00d6nerilen kurulum y\u00fcksekli\u011fi: 3 m<\/p>\n<p>STRAW SYSTEM Teknolojisi &#8211; tarama etkisini en \u00fcst d\u00fczeye \u00e7\u0131karmak<\/p>\n<p>PRIME veya BASIC kontrol entegre<\/p>\n<p>D\u00fc\u015f\u00fck profilli tasar\u0131m<\/p>","protected":false},"excerpt":{"rendered":"<p>The ESSENSSSE NEO air curtain provides reliable protection against drafts and other unwanted airborne particles such as dust and insects. Its versatility allows for use in virtually any application. It boasts a unique advantage with its STRAW SYSTEM technology and integrated AirGENIO control. The control comes in two options \u2013 BASIC, offering simple control, and PRIME, which provides control options to maximize air curtain efficiency and reduce energy consumption.<\/p>\n<p>Air curtains can be used in small shops as well as in shopping malls, restaurants, or office buildings.<\/p>","protected":false},"featured_media":5966,"comment_status":"open","ping_status":"closed","template":"","meta":{"_acf_changed":false,"_monsterinsights_skip_tracking":false,"_monsterinsights_sitenote_active":false,"_monsterinsights_sitenote_note":"","_monsterinsights_sitenote_category":0},"product_brand":[],"product_cat":[42],"product_tag":[],"class_list":{"0":"post-5219","1":"product","2":"type-product","3":"status-publish","4":"has-post-thumbnail","6":"product_cat-hava-perdeleri","8":"first","9":"instock","10":"shipping-taxable","11":"product-type-simple"},"acf":[],"aioseo_notices":[],"_links":{"self":[{"href":"https:\/\/gaiamekanik.com.tr\/en\/wp-json\/wp\/v2\/product\/5219","targetHints":{"allow":["GET"]}}],"collection":[{"href":"https:\/\/gaiamekanik.com.tr\/en\/wp-json\/wp\/v2\/product"}],"about":[{"href":"https:\/\/gaiamekanik.com.tr\/en\/wp-json\/wp\/v2\/types\/product"}],"replies":[{"embeddable":true,"href":"https:\/\/gaiamekanik.com.tr\/en\/wp-json\/wp\/v2\/comments?post=5219"}],"version-history":[{"count":4,"href":"https:\/\/gaiamekanik.com.tr\/en\/wp-json\/wp\/v2\/product\/5219\/revisions"}],"predecessor-version":[{"id":5956,"href":"https:\/\/gaiamekanik.com.tr\/en\/wp-json\/wp\/v2\/product\/5219\/revisions\/5956"}],"wp:featuredmedia":[{"embeddable":true,"href":"https:\/\/gaiamekanik.com.tr\/en\/wp-json\/wp\/v2\/media\/5966"}],"wp:attachment":[{"href":"https:\/\/gaiamekanik.com.tr\/en\/wp-json\/wp\/v2\/media?parent=5219"}],"wp:term":[{"taxonomy":"product_brand","embeddable":true,"href":"https:\/\/gaiamekanik.com.tr\/en\/wp-json\/wp\/v2\/product_brand?post=5219"},{"taxonomy":"product_cat","embeddable":true,"href":"https:\/\/gaiamekanik.com.tr\/en\/wp-json\/wp\/v2\/product_cat?post=5219"},{"taxonomy":"product_tag","embeddable":true,"href":"https:\/\/gaiamekanik.com.tr\/en\/wp-json\/wp\/v2\/product_tag?post=5219"}],"curies":[{"name":"wp","href":"https:\/\/api.w.org\/{rel}","templated":true}]}}