{"id":5227,"date":"2025-04-29T21:20:03","date_gmt":"2025-04-29T18:20:03","guid":{"rendered":"https:\/\/gaiamekanik.com.tr\/?post_type=product&#038;p=5227"},"modified":"2025-12-19T15:29:00","modified_gmt":"2025-12-19T12:29:00","slug":"endustriyel-hava-perdeleri","status":"publish","type":"product","link":"https:\/\/gaiamekanik.com.tr\/en\/product\/endustriyel-hava-perdeleri\/","title":{"rendered":"INDUSTRIAL TYPE AIR CURTAINS"},"content":{"rendered":"<p>FINESSE EC, asma tavanlara yatay kurulum i\u00e7in tasarlanm\u0131\u015f ve uygun maliyetli ve son derece etkili EC motorlarla donat\u0131lm\u0131\u015f, 6600 m3\/saate kadar y\u00fcksek performansa sahip gizli bir hava perdesidir. \u0130ki g\u00fc\u00e7 aral\u0131\u011f\u0131nda ve ortam, elektrikli veya su \u0131s\u0131tma versiyonlar\u0131nda teslim edilir. Basic, Comfort veya Superior versiyonlar\u0131nda ak\u0131ll\u0131 AirGENIO mod\u00fcler kontrol sistemi ile donat\u0131labilir. Superior, perdeyi cep telefonuyla kontrol etme imkan\u0131 sunar.<\/p>\n<p>FINESSE EC, otellerde, bankalarda, pazarlarda, kamu binalar\u0131nda veya havaalanlar\u0131nda kurulum i\u00e7in m\u00fckemmel bir \u00e7\u00f6z\u00fcmd\u00fcr.<\/p>","protected":false},"excerpt":{"rendered":"<p>Despite its excellent air performance, it maintains low noise parameters on an industrial scale. INDESSE features a unique outlet with STRAW SYSTEM technology. Another advantage is its sophisticated industrial design and versatility, allowing for installation not only horizontally and vertically, but also to the right and left.<\/p>\n<p>Air curtains are specifically designed for installation in manufacturing facilities, warehouses, logistics or exhibition centers, and other industrial buildings.<\/p>","protected":false},"featured_media":5236,"comment_status":"open","ping_status":"closed","template":"","meta":{"_acf_changed":false,"_monsterinsights_skip_tracking":false,"_monsterinsights_sitenote_active":false,"_monsterinsights_sitenote_note":"","_monsterinsights_sitenote_category":0},"product_brand":[],"product_cat":[42],"product_tag":[],"class_list":{"0":"post-5227","1":"product","2":"type-product","3":"status-publish","4":"has-post-thumbnail","6":"product_cat-hava-perdeleri","8":"first","9":"instock","10":"shipping-taxable","11":"product-type-simple"},"acf":[],"aioseo_notices":[],"_links":{"self":[{"href":"https:\/\/gaiamekanik.com.tr\/en\/wp-json\/wp\/v2\/product\/5227","targetHints":{"allow":["GET"]}}],"collection":[{"href":"https:\/\/gaiamekanik.com.tr\/en\/wp-json\/wp\/v2\/product"}],"about":[{"href":"https:\/\/gaiamekanik.com.tr\/en\/wp-json\/wp\/v2\/types\/product"}],"replies":[{"embeddable":true,"href":"https:\/\/gaiamekanik.com.tr\/en\/wp-json\/wp\/v2\/comments?post=5227"}],"version-history":[{"count":4,"href":"https:\/\/gaiamekanik.com.tr\/en\/wp-json\/wp\/v2\/product\/5227\/revisions"}],"predecessor-version":[{"id":5955,"href":"https:\/\/gaiamekanik.com.tr\/en\/wp-json\/wp\/v2\/product\/5227\/revisions\/5955"}],"wp:featuredmedia":[{"embeddable":true,"href":"https:\/\/gaiamekanik.com.tr\/en\/wp-json\/wp\/v2\/media\/5236"}],"wp:attachment":[{"href":"https:\/\/gaiamekanik.com.tr\/en\/wp-json\/wp\/v2\/media?parent=5227"}],"wp:term":[{"taxonomy":"product_brand","embeddable":true,"href":"https:\/\/gaiamekanik.com.tr\/en\/wp-json\/wp\/v2\/product_brand?post=5227"},{"taxonomy":"product_cat","embeddable":true,"href":"https:\/\/gaiamekanik.com.tr\/en\/wp-json\/wp\/v2\/product_cat?post=5227"},{"taxonomy":"product_tag","embeddable":true,"href":"https:\/\/gaiamekanik.com.tr\/en\/wp-json\/wp\/v2\/product_tag?post=5227"}],"curies":[{"name":"wp","href":"https:\/\/api.w.org\/{rel}","templated":true}]}}