{"id":5328,"date":"2025-06-21T13:13:30","date_gmt":"2025-06-21T10:13:30","guid":{"rendered":"https:\/\/gaiamekanik.com.tr\/?post_type=product&#038;p=5328"},"modified":"2025-12-19T12:20:46","modified_gmt":"2025-12-19T09:20:46","slug":"cati-tipi-aksiyal-fanlar","status":"publish","type":"product","link":"https:\/\/gaiamekanik.com.tr\/en\/product\/cati-tipi-aksiyal-fanlar\/","title":{"rendered":"ROOF TYPE AXIAL FANS"},"content":{"rendered":"<h5>\u00d6zellikler<\/h5>\n<ul>\n<li>\u00d8 400 mm\u2019den \u00d8 1.000 mm\u2019ye geni\u015f se\u00e7im aral\u0131\u011f\u0131<\/li>\n<li>Epoksi boyal\u0131 g\u00f6vde ve g\u00f6vde elemanlar\u0131<\/li>\n<li>Al\u00fcminyum ala\u015f\u0131ml\u0131, a\u00e7\u0131s\u0131 ayarlanabilir kanatlar<\/li>\n<li>Aerodinamik profilli kanatlar ile y\u00fcksek verim ve d\u00fc\u015f\u00fck ses seviyesi<\/li>\n<li>Al\u00fcminyum ala\u015f\u0131ml\u0131 fan g\u00f6be\u011fi<\/li>\n<li>Farkl\u0131 fan kanad\u0131 ve fan g\u00f6be\u011fi kombinasyonlar\u0131 ve a\u00e7\u0131s\u0131 ayarlanabilir fan kanatlar\u0131 ile ihtiyaca en uygun, optimum kapasite<\/li>\n<li>G\u00f6vde d\u0131\u015f\u0131na montajlanm\u0131\u015f IP 67 elektrik ba\u011flant\u0131 kutusu<\/li>\n<li>F s\u0131n\u0131f\u0131 izolasyonlu, IP 55 elektrik motorlar\u0131<\/li>\n<li>230V, 1 faz, 50 Hz ve 380V, 3 faz, 50 Hz motor<\/li>\n<li>-20\u00b0C ile 60\u00b0C aral\u0131\u011f\u0131nda \u00e7al\u0131\u015fma s\u0131cakl\u0131\u011f\u0131<\/li>\n<\/ul>\n<h5>Accessories<\/h5>\n<ul>\n<li>Frequency changer<\/li>\n<li>NRDO Aksiyal Fanlar i\u00e7in Yuvarlak Tek Y\u00f6nl\u00fc Klape<\/li>\n<li>MPT Montaj Plakas\u0131<\/li>\n<li>MSC Wire Cage<\/li>\n<li>ACD Bak\u0131m Kapa\u011f\u0131<\/li>\n<\/ul>","protected":false},"excerpt":{"rendered":"<p>These are vertical discharge exhaust fans suitable for general ventilation systems, commercial and industrial applications. A wide range of capacities, different fan blade and hub designs, and adjustable blade angles allow for product availability with capacities tailored to specific needs.<\/p>","protected":false},"featured_media":4856,"comment_status":"open","ping_status":"closed","template":"","meta":{"_acf_changed":false,"_monsterinsights_skip_tracking":false,"_monsterinsights_sitenote_active":false,"_monsterinsights_sitenote_note":"","_monsterinsights_sitenote_category":0},"product_brand":[],"product_cat":[25,60],"product_tag":[],"class_list":{"0":"post-5328","1":"product","2":"type-product","3":"status-publish","4":"has-post-thumbnail","6":"product_cat-fanlar","7":"product_cat-aksiyal-fanlar","9":"first","10":"instock","11":"shipping-taxable","12":"product-type-simple"},"acf":[],"aioseo_notices":[],"_links":{"self":[{"href":"https:\/\/gaiamekanik.com.tr\/en\/wp-json\/wp\/v2\/product\/5328","targetHints":{"allow":["GET"]}}],"collection":[{"href":"https:\/\/gaiamekanik.com.tr\/en\/wp-json\/wp\/v2\/product"}],"about":[{"href":"https:\/\/gaiamekanik.com.tr\/en\/wp-json\/wp\/v2\/types\/product"}],"replies":[{"embeddable":true,"href":"https:\/\/gaiamekanik.com.tr\/en\/wp-json\/wp\/v2\/comments?post=5328"}],"version-history":[{"count":2,"href":"https:\/\/gaiamekanik.com.tr\/en\/wp-json\/wp\/v2\/product\/5328\/revisions"}],"predecessor-version":[{"id":5883,"href":"https:\/\/gaiamekanik.com.tr\/en\/wp-json\/wp\/v2\/product\/5328\/revisions\/5883"}],"wp:featuredmedia":[{"embeddable":true,"href":"https:\/\/gaiamekanik.com.tr\/en\/wp-json\/wp\/v2\/media\/4856"}],"wp:attachment":[{"href":"https:\/\/gaiamekanik.com.tr\/en\/wp-json\/wp\/v2\/media?parent=5328"}],"wp:term":[{"taxonomy":"product_brand","embeddable":true,"href":"https:\/\/gaiamekanik.com.tr\/en\/wp-json\/wp\/v2\/product_brand?post=5328"},{"taxonomy":"product_cat","embeddable":true,"href":"https:\/\/gaiamekanik.com.tr\/en\/wp-json\/wp\/v2\/product_cat?post=5328"},{"taxonomy":"product_tag","embeddable":true,"href":"https:\/\/gaiamekanik.com.tr\/en\/wp-json\/wp\/v2\/product_tag?post=5328"}],"curies":[{"name":"wp","href":"https:\/\/api.w.org\/{rel}","templated":true}]}}