{"id":5393,"date":"2025-06-23T14:47:09","date_gmt":"2025-06-23T11:47:09","guid":{"rendered":"https:\/\/gaiamekanik.com.tr\/?post_type=product&#038;p=5393"},"modified":"2025-12-19T14:41:25","modified_gmt":"2025-12-19T11:41:25","slug":"moduler-klima-santralleri","status":"publish","type":"product","link":"https:\/\/gaiamekanik.com.tr\/en\/product\/moduler-klima-santralleri\/","title":{"rendered":"MODULAR AIR CONDITIONING UNITS"},"content":{"rendered":"<h5>\u00d6zellikler<\/h5>\n<ul>\n<li>Mod\u00fcler yap\u0131<\/li>\n<li>30 ayr\u0131 kesitle \u00e7oklu \u00f6l\u00e7\u00fclendirme se\u00e7ene\u011fi<\/li>\n<li>1.000 m\u00b3\/h ile 120.000 m\u00b3\/h aras\u0131nda<\/li>\n<li>geni\u015f hava debisi aral\u0131\u011f\u0131<\/li>\n<li>25mm \/ 40mm \/ 60mm ta\u015f y\u00fcn\u00fc yal\u0131t\u0131m opsiyonu<\/li>\n<li>Al\u00fcminyum \/ \u00e7elik karkas se\u00e7ene\u011fi<\/li>\n<li>Proje ihtiya\u00e7lar\u0131na g\u00f6re ara kesit imkan\u0131<\/li>\n<li>Sahada montaj kolayl\u0131\u011f\u0131<\/li>\n<li>H\u00fccre yap\u0131land\u0131rma esnekli\u011fi<\/li>\n<li>Y\u00fcksek enerji verimlili\u011fi<\/li>\n<li>Proje taleplerine ba\u011fl\u0131 esnek \u00e7\u00f6z\u00fcmler<\/li>\n<li>Paket \u00e7\u00f6z\u00fcmler<\/li>\n<\/ul>","protected":false},"excerpt":{"rendered":"<p>VENCO VKS Series Air Handling Units provide the conditions you need for air conditioning in enclosed spaces thanks to their flexible solution approach. A single unit provides ventilation, heating, cooling, humidification, and dehumidification functions, while also achieving high energy performance and high indoor air quality.<\/p>\n<p>Especially during pandemics, indoor air quality is the primary criterion in system selection, and ensuring proper ventilation is crucial in large spaces with high human density such as hospitals, schools, shopping malls, hotels, gyms, convention\/cultural centers, and cinemas. Air handling units that operate with fresh air are the most suitable solution during this period.<\/p>","protected":false},"featured_media":5420,"comment_status":"open","ping_status":"closed","template":"","meta":{"_acf_changed":false,"_monsterinsights_skip_tracking":false,"_monsterinsights_sitenote_active":false,"_monsterinsights_sitenote_note":"","_monsterinsights_sitenote_category":0},"product_brand":[],"product_cat":[33],"product_tag":[],"class_list":{"0":"post-5393","1":"product","2":"type-product","3":"status-publish","4":"has-post-thumbnail","6":"product_cat-klima-santralleri","8":"first","9":"instock","10":"shipping-taxable","11":"product-type-simple"},"acf":[],"aioseo_notices":[],"_links":{"self":[{"href":"https:\/\/gaiamekanik.com.tr\/en\/wp-json\/wp\/v2\/product\/5393","targetHints":{"allow":["GET"]}}],"collection":[{"href":"https:\/\/gaiamekanik.com.tr\/en\/wp-json\/wp\/v2\/product"}],"about":[{"href":"https:\/\/gaiamekanik.com.tr\/en\/wp-json\/wp\/v2\/types\/product"}],"replies":[{"embeddable":true,"href":"https:\/\/gaiamekanik.com.tr\/en\/wp-json\/wp\/v2\/comments?post=5393"}],"version-history":[{"count":2,"href":"https:\/\/gaiamekanik.com.tr\/en\/wp-json\/wp\/v2\/product\/5393\/revisions"}],"predecessor-version":[{"id":5927,"href":"https:\/\/gaiamekanik.com.tr\/en\/wp-json\/wp\/v2\/product\/5393\/revisions\/5927"}],"wp:featuredmedia":[{"embeddable":true,"href":"https:\/\/gaiamekanik.com.tr\/en\/wp-json\/wp\/v2\/media\/5420"}],"wp:attachment":[{"href":"https:\/\/gaiamekanik.com.tr\/en\/wp-json\/wp\/v2\/media?parent=5393"}],"wp:term":[{"taxonomy":"product_brand","embeddable":true,"href":"https:\/\/gaiamekanik.com.tr\/en\/wp-json\/wp\/v2\/product_brand?post=5393"},{"taxonomy":"product_cat","embeddable":true,"href":"https:\/\/gaiamekanik.com.tr\/en\/wp-json\/wp\/v2\/product_cat?post=5393"},{"taxonomy":"product_tag","embeddable":true,"href":"https:\/\/gaiamekanik.com.tr\/en\/wp-json\/wp\/v2\/product_tag?post=5393"}],"curies":[{"name":"wp","href":"https:\/\/api.w.org\/{rel}","templated":true}]}}