{"id":5430,"date":"2025-08-05T14:09:33","date_gmt":"2025-08-05T11:09:33","guid":{"rendered":"https:\/\/gaiamekanik.com.tr\/?post_type=product&#038;p=5430"},"modified":"2025-12-19T14:50:00","modified_gmt":"2025-12-19T11:50:00","slug":"rooftop-uniteleri","status":"publish","type":"product","link":"https:\/\/gaiamekanik.com.tr\/en\/product\/rooftop-uniteleri\/","title":{"rendered":"ROOFTOP UNITS"},"content":{"rendered":"<p class=\"p1\">\u00c7at\u0131 T p Paket Kl ma \u00dcn teler , hem so\u011futma hem de \u0131s\u0131tma \u015flemler n<\/p>\n<p class=\"p1\">ger\u00e7ekle\u015ft reb len, taze hava ht yac\u0131n\u0131 kar\u015f\u0131layan \u00e7ok fonks yonlu c hazlard\u0131r. Bu<\/p>\n<p class=\"p1\">\u00fcn teler, \u00e7at\u0131, teras veya d \u011fer d\u0131\u015f mekanlarda kullan\u0131lmak \u00fczere tasarlanm\u0131\u015ft\u0131r ve<\/p>\n<p class=\"p1\">havaland\u0131rma kanallar\u0131 arac\u0131l\u0131\u011f\u0131yla \u00e7 mek\u00e2n hava \u015fartland\u0131rmas\u0131n\u0131 sa\u011flar.<\/p>\n<p class=\"p1\">\u015eartland\u0131raca\u011f\u0131 ortama uygun olarak tasarlanab len \u00fcn teler, y\u00fcksek ver ml l k ve<\/p>\n<p class=\"p1\">m n mum enerj t\u00fcket m le konforlu b r \u00e7 ortam havas\u0131 sa\u011flar.\u201d<\/p>","protected":false},"excerpt":{"rendered":"<p>\u00c7at\u0131 T p Paket Kl ma \u00dcn teler , hem so\u011futma hem de \u0131s\u0131tma \u015flemler n ger\u00e7ekle\u015ft reb len, taze hava ht yac\u0131n\u0131 kar\u015f\u0131layan \u00e7ok fonks yonlu c hazlard\u0131r. Bu \u00fcn teler, \u00e7at\u0131, teras veya d \u011fer d\u0131\u015f mekanlarda kullan\u0131lmak \u00fczere tasarlanm\u0131\u015ft\u0131r ve havaland\u0131rma kanallar\u0131 arac\u0131l\u0131\u011f\u0131yla \u00e7 mek\u00e2n hava \u015fartland\u0131rmas\u0131n\u0131 sa\u011flar. \u015eartland\u0131raca\u011f\u0131 ortama uygun olarak&#8230;<\/p>","protected":false},"featured_media":5429,"comment_status":"open","ping_status":"closed","template":"","meta":{"_acf_changed":false,"_monsterinsights_skip_tracking":false,"_monsterinsights_sitenote_active":false,"_monsterinsights_sitenote_note":"","_monsterinsights_sitenote_category":0},"product_brand":[],"product_cat":[62],"product_tag":[],"class_list":{"0":"post-5430","1":"product","2":"type-product","3":"status-publish","4":"has-post-thumbnail","6":"product_cat-roof-top-uniteleri","8":"first","9":"instock","10":"shipping-taxable","11":"product-type-simple"},"acf":[],"aioseo_notices":[],"_links":{"self":[{"href":"https:\/\/gaiamekanik.com.tr\/en\/wp-json\/wp\/v2\/product\/5430","targetHints":{"allow":["GET"]}}],"collection":[{"href":"https:\/\/gaiamekanik.com.tr\/en\/wp-json\/wp\/v2\/product"}],"about":[{"href":"https:\/\/gaiamekanik.com.tr\/en\/wp-json\/wp\/v2\/types\/product"}],"replies":[{"embeddable":true,"href":"https:\/\/gaiamekanik.com.tr\/en\/wp-json\/wp\/v2\/comments?post=5430"}],"version-history":[{"count":4,"href":"https:\/\/gaiamekanik.com.tr\/en\/wp-json\/wp\/v2\/product\/5430\/revisions"}],"predecessor-version":[{"id":5931,"href":"https:\/\/gaiamekanik.com.tr\/en\/wp-json\/wp\/v2\/product\/5430\/revisions\/5931"}],"wp:featuredmedia":[{"embeddable":true,"href":"https:\/\/gaiamekanik.com.tr\/en\/wp-json\/wp\/v2\/media\/5429"}],"wp:attachment":[{"href":"https:\/\/gaiamekanik.com.tr\/en\/wp-json\/wp\/v2\/media?parent=5430"}],"wp:term":[{"taxonomy":"product_brand","embeddable":true,"href":"https:\/\/gaiamekanik.com.tr\/en\/wp-json\/wp\/v2\/product_brand?post=5430"},{"taxonomy":"product_cat","embeddable":true,"href":"https:\/\/gaiamekanik.com.tr\/en\/wp-json\/wp\/v2\/product_cat?post=5430"},{"taxonomy":"product_tag","embeddable":true,"href":"https:\/\/gaiamekanik.com.tr\/en\/wp-json\/wp\/v2\/product_tag?post=5430"}],"curies":[{"name":"wp","href":"https:\/\/api.w.org\/{rel}","templated":true}]}}