{"id":5436,"date":"2025-08-05T14:32:08","date_gmt":"2025-08-05T11:32:08","guid":{"rendered":"https:\/\/gaiamekanik.com.tr\/?post_type=product&#038;p=5436"},"modified":"2025-12-19T14:52:42","modified_gmt":"2025-12-19T11:52:42","slug":"hava-sogutmali-heat-pump-dis-uniteler","status":"publish","type":"product","link":"https:\/\/gaiamekanik.com.tr\/en\/product\/hava-sogutmali-heat-pump-dis-uniteler\/","title":{"rendered":"HEAT PUMP OUTDOOR UNITS"},"content":{"rendered":"<p class=\"p1\"><span class=\"s8\">Verimlilikten taviz vermeksizin yerden tasarruf sa\u011flayan \u00e7\u00f6z\u00fcm<\/span><span class=\"s10\"><br \/>\n<\/span><span class=\"s10\">\u203a\u203a Esnek montaj i\u00e7in yerden tasarruf sa\u011flayan g\u00f6vde tasar\u0131m\u0131<\/span><span class=\"s10\"><br \/>\n<\/span><span class=\"s10\">\u203a\u203a Tek bir ileti\u015fim noktas\u0131 \u00fczerinden bir binan\u0131n t\u00fcm termal ihtiya\u00e7lar\u0131n\u0131 kar\u015f\u0131lar: hassas s\u0131cakl\u0131k kontrol\u00fc, havaland\u0131rma, klima santralleri ve <\/span><span class=\"s10\">Biddle<\/span><span class=\"s10\"> hava perdeleri<\/span><span class=\"s10\"><br \/>\n<\/span><span class=\"s10\">\u203a\u203a Geni\u015f i\u00e7 \u00fcnite aral\u0131\u011f\u0131: VRV veya<\/span>\u00a0<span class=\"s10\">Emura<\/span><span class=\"s10\">, <\/span><span class=\"s10\">Nexura<\/span><span class=\"s10\"> \u2026 gibi \u015f\u0131k i\u00e7 \u00fcniteler ba\u011flanabilir<\/span><span class=\"s10\"><br \/>\n<\/span><span class=\"s10\">\u203a\u203a VRV IV standartlar\u0131n\u0131 ve teknolojilerini kullan\u0131r: De\u011fi\u015fken So\u011futucu Ak\u0131\u015fkan S\u0131cakl\u0131\u011f\u0131 ve inverter kompres\u00f6rler<\/span><span class=\"s10\"><br \/>\n<\/span><span class=\"s10\">\u203a\u203a Gece sessiz modda 3 kademe: 1. kademe: 47 dBA; 2. kademe: 44 dBA; 3. kademe: 41 dBA<\/span><span class=\"s10\"><br \/>\n<\/span><span class=\"s10\">\u203a\u203a Pik enerji t\u00fcketimini %30 ila 80 aras\u0131nda s\u0131n\u0131rlama imkan\u0131, \u00f6rne\u011fin y\u00fcksek g\u00fc\u00e7 talebinin oldu\u011fu d\u00f6nemlerde<\/span><span class=\"s10\"><br \/>\n<\/span><span class=\"s10\">\u203a\u203a T\u00fcm standart VRV \u00f6zelliklerine sahiptir<\/span><\/p>","protected":false},"excerpt":{"rendered":"<p>Verimlilikten taviz vermeksizin yerden tasarruf sa\u011flayan \u00e7\u00f6z\u00fcm \u203a\u203a Esnek montaj i\u00e7in yerden tasarruf sa\u011flayan g\u00f6vde tasar\u0131m\u0131 \u203a\u203a Tek bir ileti\u015fim noktas\u0131 \u00fczerinden bir binan\u0131n t\u00fcm termal ihtiya\u00e7lar\u0131n\u0131 kar\u015f\u0131lar: hassas s\u0131cakl\u0131k kontrol\u00fc, havaland\u0131rma, klima santralleri ve Biddle hava perdeleri \u203a\u203a Geni\u015f i\u00e7 \u00fcnite aral\u0131\u011f\u0131: VRV veya\u00a0Emura, Nexura \u2026 gibi \u015f\u0131k i\u00e7 \u00fcniteler ba\u011flanabilir \u203a\u203a VRV IV&#8230;<\/p>","protected":false},"featured_media":5437,"comment_status":"open","ping_status":"closed","template":"","meta":{"_acf_changed":false,"_monsterinsights_skip_tracking":false,"_monsterinsights_sitenote_active":false,"_monsterinsights_sitenote_note":"","_monsterinsights_sitenote_category":0},"product_brand":[],"product_cat":[47,15],"product_tag":[],"class_list":{"0":"post-5436","1":"product","2":"type-product","3":"status-publish","4":"has-post-thumbnail","6":"product_cat-dis-uniteler","7":"product_cat-vrf-vrv-sistemleri","9":"first","10":"instock","11":"shipping-taxable","12":"product-type-simple"},"acf":[],"aioseo_notices":[],"_links":{"self":[{"href":"https:\/\/gaiamekanik.com.tr\/en\/wp-json\/wp\/v2\/product\/5436","targetHints":{"allow":["GET"]}}],"collection":[{"href":"https:\/\/gaiamekanik.com.tr\/en\/wp-json\/wp\/v2\/product"}],"about":[{"href":"https:\/\/gaiamekanik.com.tr\/en\/wp-json\/wp\/v2\/types\/product"}],"replies":[{"embeddable":true,"href":"https:\/\/gaiamekanik.com.tr\/en\/wp-json\/wp\/v2\/comments?post=5436"}],"version-history":[{"count":3,"href":"https:\/\/gaiamekanik.com.tr\/en\/wp-json\/wp\/v2\/product\/5436\/revisions"}],"predecessor-version":[{"id":5933,"href":"https:\/\/gaiamekanik.com.tr\/en\/wp-json\/wp\/v2\/product\/5436\/revisions\/5933"}],"wp:featuredmedia":[{"embeddable":true,"href":"https:\/\/gaiamekanik.com.tr\/en\/wp-json\/wp\/v2\/media\/5437"}],"wp:attachment":[{"href":"https:\/\/gaiamekanik.com.tr\/en\/wp-json\/wp\/v2\/media?parent=5436"}],"wp:term":[{"taxonomy":"product_brand","embeddable":true,"href":"https:\/\/gaiamekanik.com.tr\/en\/wp-json\/wp\/v2\/product_brand?post=5436"},{"taxonomy":"product_cat","embeddable":true,"href":"https:\/\/gaiamekanik.com.tr\/en\/wp-json\/wp\/v2\/product_cat?post=5436"},{"taxonomy":"product_tag","embeddable":true,"href":"https:\/\/gaiamekanik.com.tr\/en\/wp-json\/wp\/v2\/product_tag?post=5436"}],"curies":[{"name":"wp","href":"https:\/\/api.w.org\/{rel}","templated":true}]}}