{"id":5442,"date":"2025-08-05T14:37:31","date_gmt":"2025-08-05T11:37:31","guid":{"rendered":"https:\/\/gaiamekanik.com.tr\/?post_type=product&#038;p=5442"},"modified":"2025-12-19T14:54:10","modified_gmt":"2025-12-19T11:54:10","slug":"hava-sogutmali-heat-recovery-dis-uniteler","status":"publish","type":"product","link":"https:\/\/gaiamekanik.com.tr\/en\/product\/hava-sogutmali-heat-recovery-dis-uniteler\/","title":{"rendered":"HEAT RECOVERY OUTDOOR UNITS"},"content":{"rendered":"<p class=\"p1\"><span style=\"font-size: 10.0pt;\">VRV IV Is\u0131 Geri Kazan\u0131m \u00fcniteleri, tek bir sistemden e\u015fzamanl\u0131 so\u011futma ve \u0131s\u0131tmaya izin verir. Sistem konfig\u00fcrasyonlar\u0131, 64&#8217;e kadar i\u00e7 mekan fan coil \u00fcnitesi ile tek bir boru \u015febekesinden 38 tona kadar kapasiteye g\u00fc\u00e7 sa\u011flar. 460V\/3Ph\/60Hz veya 208-230V\/3Ph\/60Hz&#8217;de mevcuttur.<\/span><\/p>","protected":false},"excerpt":{"rendered":"<p>VRV IV Is\u0131 Geri Kazan\u0131m \u00fcniteleri, tek bir sistemden e\u015fzamanl\u0131 so\u011futma ve \u0131s\u0131tmaya izin verir. Sistem konfig\u00fcrasyonlar\u0131, 64&#8217;e kadar i\u00e7 mekan fan coil \u00fcnitesi ile tek bir boru \u015febekesinden 38 tona kadar kapasiteye g\u00fc\u00e7 sa\u011flar. 460V\/3Ph\/60Hz veya 208-230V\/3Ph\/60Hz&#8217;de mevcuttur.<\/p>","protected":false},"featured_media":5443,"comment_status":"open","ping_status":"closed","template":"","meta":{"_acf_changed":false,"_monsterinsights_skip_tracking":false,"_monsterinsights_sitenote_active":false,"_monsterinsights_sitenote_note":"","_monsterinsights_sitenote_category":0},"product_brand":[],"product_cat":[47,15],"product_tag":[],"class_list":{"0":"post-5442","1":"product","2":"type-product","3":"status-publish","4":"has-post-thumbnail","6":"product_cat-dis-uniteler","7":"product_cat-vrf-vrv-sistemleri","9":"first","10":"instock","11":"shipping-taxable","12":"product-type-simple"},"acf":[],"aioseo_notices":[],"_links":{"self":[{"href":"https:\/\/gaiamekanik.com.tr\/en\/wp-json\/wp\/v2\/product\/5442","targetHints":{"allow":["GET"]}}],"collection":[{"href":"https:\/\/gaiamekanik.com.tr\/en\/wp-json\/wp\/v2\/product"}],"about":[{"href":"https:\/\/gaiamekanik.com.tr\/en\/wp-json\/wp\/v2\/types\/product"}],"replies":[{"embeddable":true,"href":"https:\/\/gaiamekanik.com.tr\/en\/wp-json\/wp\/v2\/comments?post=5442"}],"version-history":[{"count":3,"href":"https:\/\/gaiamekanik.com.tr\/en\/wp-json\/wp\/v2\/product\/5442\/revisions"}],"predecessor-version":[{"id":5935,"href":"https:\/\/gaiamekanik.com.tr\/en\/wp-json\/wp\/v2\/product\/5442\/revisions\/5935"}],"wp:featuredmedia":[{"embeddable":true,"href":"https:\/\/gaiamekanik.com.tr\/en\/wp-json\/wp\/v2\/media\/5443"}],"wp:attachment":[{"href":"https:\/\/gaiamekanik.com.tr\/en\/wp-json\/wp\/v2\/media?parent=5442"}],"wp:term":[{"taxonomy":"product_brand","embeddable":true,"href":"https:\/\/gaiamekanik.com.tr\/en\/wp-json\/wp\/v2\/product_brand?post=5442"},{"taxonomy":"product_cat","embeddable":true,"href":"https:\/\/gaiamekanik.com.tr\/en\/wp-json\/wp\/v2\/product_cat?post=5442"},{"taxonomy":"product_tag","embeddable":true,"href":"https:\/\/gaiamekanik.com.tr\/en\/wp-json\/wp\/v2\/product_tag?post=5442"}],"curies":[{"name":"wp","href":"https:\/\/api.w.org\/{rel}","templated":true}]}}