{"id":5445,"date":"2025-08-05T14:40:02","date_gmt":"2025-08-05T11:40:02","guid":{"rendered":"https:\/\/gaiamekanik.com.tr\/?post_type=product&#038;p=5445"},"modified":"2025-12-19T14:56:23","modified_gmt":"2025-12-19T11:56:23","slug":"su-sogutmali-heat-pump-dis-uniteler","status":"publish","type":"product","link":"https:\/\/gaiamekanik.com.tr\/en\/product\/su-sogutmali-heat-pump-dis-uniteler\/","title":{"rendered":"WATER COOLED HEAT PUMP OUTDOOR UNITS"},"content":{"rendered":"<p class=\"p1\"><span style=\"font-size: 10.0pt;\">Su So\u011futmal\u0131 Heat Recovery D\u0131\u015f \u00dcniteler<\/span><\/p>\n<p class=\"p1\"><span style=\"font-size: 10.0pt;\">Tek Bir Sistemden E\u015fzamanl\u0131 So\u011futma ve Is\u0131tma \u0130mk\u00e2n\u0131<\/span><\/p>\n<p class=\"p1\"><span style=\"font-size: 10.0pt;\">Patentli 360\u00b0 Sabitlenmi\u015f So\u011futma Teknolojisi<\/span><\/p>\n<p class=\"p1\"><span style=\"font-size: 10.0pt;\">Kademeli Is\u0131 Geri Kazan\u0131m\u0131<\/span><\/p>\n<p class=\"p1\"><span style=\"font-size: 10.0pt;\">Hava Ko\u015fullar\u0131na Kar\u015f\u0131 Emniyetli Tesisat<\/span><\/p>","protected":false},"excerpt":{"rendered":"<p>Su So\u011futmal\u0131 Heat Recovery D\u0131\u015f \u00dcniteler Tek Bir Sistemden E\u015fzamanl\u0131 So\u011futma ve Is\u0131tma \u0130mk\u00e2n\u0131 Patentli 360\u00b0 Sabitlenmi\u015f So\u011futma Teknolojisi Kademeli Is\u0131 Geri Kazan\u0131m\u0131 Hava Ko\u015fullar\u0131na Kar\u015f\u0131 Emniyetli Tesisat<\/p>","protected":false},"featured_media":5447,"comment_status":"open","ping_status":"closed","template":"","meta":{"_acf_changed":false,"_monsterinsights_skip_tracking":false,"_monsterinsights_sitenote_active":false,"_monsterinsights_sitenote_note":"","_monsterinsights_sitenote_category":0},"product_brand":[],"product_cat":[47,15],"product_tag":[],"class_list":{"0":"post-5445","1":"product","2":"type-product","3":"status-publish","4":"has-post-thumbnail","6":"product_cat-dis-uniteler","7":"product_cat-vrf-vrv-sistemleri","9":"first","10":"instock","11":"shipping-taxable","12":"product-type-simple"},"acf":[],"aioseo_notices":[],"_links":{"self":[{"href":"https:\/\/gaiamekanik.com.tr\/en\/wp-json\/wp\/v2\/product\/5445","targetHints":{"allow":["GET"]}}],"collection":[{"href":"https:\/\/gaiamekanik.com.tr\/en\/wp-json\/wp\/v2\/product"}],"about":[{"href":"https:\/\/gaiamekanik.com.tr\/en\/wp-json\/wp\/v2\/types\/product"}],"replies":[{"embeddable":true,"href":"https:\/\/gaiamekanik.com.tr\/en\/wp-json\/wp\/v2\/comments?post=5445"}],"version-history":[{"count":3,"href":"https:\/\/gaiamekanik.com.tr\/en\/wp-json\/wp\/v2\/product\/5445\/revisions"}],"predecessor-version":[{"id":5936,"href":"https:\/\/gaiamekanik.com.tr\/en\/wp-json\/wp\/v2\/product\/5445\/revisions\/5936"}],"wp:featuredmedia":[{"embeddable":true,"href":"https:\/\/gaiamekanik.com.tr\/en\/wp-json\/wp\/v2\/media\/5447"}],"wp:attachment":[{"href":"https:\/\/gaiamekanik.com.tr\/en\/wp-json\/wp\/v2\/media?parent=5445"}],"wp:term":[{"taxonomy":"product_brand","embeddable":true,"href":"https:\/\/gaiamekanik.com.tr\/en\/wp-json\/wp\/v2\/product_brand?post=5445"},{"taxonomy":"product_cat","embeddable":true,"href":"https:\/\/gaiamekanik.com.tr\/en\/wp-json\/wp\/v2\/product_cat?post=5445"},{"taxonomy":"product_tag","embeddable":true,"href":"https:\/\/gaiamekanik.com.tr\/en\/wp-json\/wp\/v2\/product_tag?post=5445"}],"curies":[{"name":"wp","href":"https:\/\/api.w.org\/{rel}","templated":true}]}}