{"id":5450,"date":"2025-08-05T14:43:29","date_gmt":"2025-08-05T11:43:29","guid":{"rendered":"https:\/\/gaiamekanik.com.tr\/?post_type=product&#038;p=5450"},"modified":"2025-12-19T14:57:56","modified_gmt":"2025-12-19T11:57:56","slug":"su-sogutmali-heat-recovery-dis-uniteler","status":"publish","type":"product","link":"https:\/\/gaiamekanik.com.tr\/en\/product\/su-sogutmali-heat-recovery-dis-uniteler\/","title":{"rendered":"WATER COOLED HEAT RECOVERY OUTDOOR UNITS"},"content":{"rendered":"<p class=\"p1\">Su So\u011futmal\u0131 Heat Recovery D\u0131\u015f \u00dcniteler<\/p>\n<p class=\"p1\">Tek Bir Sistemden E\u015fzamanl\u0131 So\u011futma ve Is\u0131tma \u0130mk\u00e2n\u0131<\/p>\n<p class=\"p1\">Patentli 360\u00b0 Sabitlenmi\u015f So\u011futma Teknolojisi<\/p>\n<p class=\"p1\">Kademeli Is\u0131 Geri Kazan\u0131m\u0131<\/p>\n<p class=\"p1\">Hava Ko\u015fullar\u0131na Kar\u015f\u0131 Emniyetli Tesisat<\/p>","protected":false},"excerpt":{"rendered":"<p>Su So\u011futmal\u0131 Heat Recovery D\u0131\u015f \u00dcniteler Tek Bir Sistemden E\u015fzamanl\u0131 So\u011futma ve Is\u0131tma \u0130mk\u00e2n\u0131 Patentli 360\u00b0 Sabitlenmi\u015f So\u011futma Teknolojisi Kademeli Is\u0131 Geri Kazan\u0131m\u0131 Hava Ko\u015fullar\u0131na Kar\u015f\u0131 Emniyetli Tesisat<\/p>","protected":false},"featured_media":5453,"comment_status":"open","ping_status":"closed","template":"","meta":{"_acf_changed":false,"_monsterinsights_skip_tracking":false,"_monsterinsights_sitenote_active":false,"_monsterinsights_sitenote_note":"","_monsterinsights_sitenote_category":0},"product_brand":[],"product_cat":[47,15],"product_tag":[],"class_list":{"0":"post-5450","1":"product","2":"type-product","3":"status-publish","4":"has-post-thumbnail","6":"product_cat-dis-uniteler","7":"product_cat-vrf-vrv-sistemleri","9":"first","10":"instock","11":"shipping-taxable","12":"product-type-simple"},"acf":[],"aioseo_notices":[],"_links":{"self":[{"href":"https:\/\/gaiamekanik.com.tr\/en\/wp-json\/wp\/v2\/product\/5450","targetHints":{"allow":["GET"]}}],"collection":[{"href":"https:\/\/gaiamekanik.com.tr\/en\/wp-json\/wp\/v2\/product"}],"about":[{"href":"https:\/\/gaiamekanik.com.tr\/en\/wp-json\/wp\/v2\/types\/product"}],"replies":[{"embeddable":true,"href":"https:\/\/gaiamekanik.com.tr\/en\/wp-json\/wp\/v2\/comments?post=5450"}],"version-history":[{"count":3,"href":"https:\/\/gaiamekanik.com.tr\/en\/wp-json\/wp\/v2\/product\/5450\/revisions"}],"predecessor-version":[{"id":5938,"href":"https:\/\/gaiamekanik.com.tr\/en\/wp-json\/wp\/v2\/product\/5450\/revisions\/5938"}],"wp:featuredmedia":[{"embeddable":true,"href":"https:\/\/gaiamekanik.com.tr\/en\/wp-json\/wp\/v2\/media\/5453"}],"wp:attachment":[{"href":"https:\/\/gaiamekanik.com.tr\/en\/wp-json\/wp\/v2\/media?parent=5450"}],"wp:term":[{"taxonomy":"product_brand","embeddable":true,"href":"https:\/\/gaiamekanik.com.tr\/en\/wp-json\/wp\/v2\/product_brand?post=5450"},{"taxonomy":"product_cat","embeddable":true,"href":"https:\/\/gaiamekanik.com.tr\/en\/wp-json\/wp\/v2\/product_cat?post=5450"},{"taxonomy":"product_tag","embeddable":true,"href":"https:\/\/gaiamekanik.com.tr\/en\/wp-json\/wp\/v2\/product_tag?post=5450"}],"curies":[{"name":"wp","href":"https:\/\/api.w.org\/{rel}","templated":true}]}}