{"id":5463,"date":"2025-08-05T15:23:40","date_gmt":"2025-08-05T12:23:40","guid":{"rendered":"https:\/\/gaiamekanik.com.tr\/?post_type=product&#038;p=5463"},"modified":"2025-12-19T15:12:12","modified_gmt":"2025-12-19T12:12:12","slug":"kaset-tip-ic-uniteler","status":"publish","type":"product","link":"https:\/\/gaiamekanik.com.tr\/en\/product\/kaset-tip-ic-uniteler\/","title":{"rendered":"CASETTE TYPE INDOOR UNITS"},"content":{"rendered":"<h2>KASET T\u0130P \u0130\u00c7 \u00dcN\u0130TELER<\/h2>","protected":false},"excerpt":{"rendered":"<p>KASET T\u0130P \u0130\u00c7 \u00dcN\u0130TELER<\/p>","protected":false},"featured_media":5465,"comment_status":"open","ping_status":"closed","template":"","meta":{"_acf_changed":false,"_monsterinsights_skip_tracking":false,"_monsterinsights_sitenote_active":false,"_monsterinsights_sitenote_note":"","_monsterinsights_sitenote_category":0},"product_brand":[],"product_cat":[48,15],"product_tag":[],"class_list":{"0":"post-5463","1":"product","2":"type-product","3":"status-publish","4":"has-post-thumbnail","6":"product_cat-ic-uniteler","7":"product_cat-vrf-vrv-sistemleri","9":"first","10":"instock","11":"shipping-taxable","12":"product-type-simple"},"acf":[],"aioseo_notices":[],"_links":{"self":[{"href":"https:\/\/gaiamekanik.com.tr\/en\/wp-json\/wp\/v2\/product\/5463","targetHints":{"allow":["GET"]}}],"collection":[{"href":"https:\/\/gaiamekanik.com.tr\/en\/wp-json\/wp\/v2\/product"}],"about":[{"href":"https:\/\/gaiamekanik.com.tr\/en\/wp-json\/wp\/v2\/types\/product"}],"replies":[{"embeddable":true,"href":"https:\/\/gaiamekanik.com.tr\/en\/wp-json\/wp\/v2\/comments?post=5463"}],"version-history":[{"count":4,"href":"https:\/\/gaiamekanik.com.tr\/en\/wp-json\/wp\/v2\/product\/5463\/revisions"}],"predecessor-version":[{"id":5949,"href":"https:\/\/gaiamekanik.com.tr\/en\/wp-json\/wp\/v2\/product\/5463\/revisions\/5949"}],"wp:featuredmedia":[{"embeddable":true,"href":"https:\/\/gaiamekanik.com.tr\/en\/wp-json\/wp\/v2\/media\/5465"}],"wp:attachment":[{"href":"https:\/\/gaiamekanik.com.tr\/en\/wp-json\/wp\/v2\/media?parent=5463"}],"wp:term":[{"taxonomy":"product_brand","embeddable":true,"href":"https:\/\/gaiamekanik.com.tr\/en\/wp-json\/wp\/v2\/product_brand?post=5463"},{"taxonomy":"product_cat","embeddable":true,"href":"https:\/\/gaiamekanik.com.tr\/en\/wp-json\/wp\/v2\/product_cat?post=5463"},{"taxonomy":"product_tag","embeddable":true,"href":"https:\/\/gaiamekanik.com.tr\/en\/wp-json\/wp\/v2\/product_tag?post=5463"}],"curies":[{"name":"wp","href":"https:\/\/api.w.org\/{rel}","templated":true}]}}