{"id":5470,"date":"2025-08-05T16:40:07","date_gmt":"2025-08-05T13:40:07","guid":{"rendered":"https:\/\/gaiamekanik.com.tr\/?post_type=product&#038;p=5470"},"modified":"2025-12-19T15:09:23","modified_gmt":"2025-12-19T12:09:23","slug":"kanal-tipi-ic-uniteler","status":"publish","type":"product","link":"https:\/\/gaiamekanik.com.tr\/en\/product\/kanal-tipi-ic-uniteler\/","title":{"rendered":"DUCT TYPE INDOOR UNITS"},"content":{"rendered":"<ul>\n<li>Esnek Hava \u00dcfleme ve Emi\u015f Se\u00e7enekleri<\/li>\n<li>3D Hava Ak\u0131\u015f\u0131<\/li>\n<li>Ak\u0131ll\u0131 &amp; Hassas S\u0131cakl\u0131k Kontrol\u00fc<\/li>\n<li>Farkl\u0131 Sens\u00f6rlere Ba\u011flant\u0131 Opsiyonu<\/li>\n<li>Yeni Geli\u015ftirilmi\u015f E\u011filebilir Filtre ile Montaj Kolayl\u0131\u011f\u0131<\/li>\n<\/ul>","protected":false},"excerpt":{"rendered":"<p>Esnek Hava \u00dcfleme ve Emi\u015f Se\u00e7enekleri 3D Hava Ak\u0131\u015f\u0131 Ak\u0131ll\u0131 &amp; Hassas S\u0131cakl\u0131k Kontrol\u00fc Farkl\u0131 Sens\u00f6rlere Ba\u011flant\u0131 Opsiyonu Yeni Geli\u015ftirilmi\u015f E\u011filebilir Filtre ile Montaj Kolayl\u0131\u011f\u0131<\/p>","protected":false},"featured_media":5472,"comment_status":"open","ping_status":"closed","template":"","meta":{"_acf_changed":false,"_monsterinsights_skip_tracking":false,"_monsterinsights_sitenote_active":false,"_monsterinsights_sitenote_note":"","_monsterinsights_sitenote_category":0},"product_brand":[],"product_cat":[48,15],"product_tag":[],"class_list":{"0":"post-5470","1":"product","2":"type-product","3":"status-publish","4":"has-post-thumbnail","6":"product_cat-ic-uniteler","7":"product_cat-vrf-vrv-sistemleri","9":"first","10":"instock","11":"shipping-taxable","12":"product-type-simple"},"acf":[],"aioseo_notices":[],"_links":{"self":[{"href":"https:\/\/gaiamekanik.com.tr\/en\/wp-json\/wp\/v2\/product\/5470","targetHints":{"allow":["GET"]}}],"collection":[{"href":"https:\/\/gaiamekanik.com.tr\/en\/wp-json\/wp\/v2\/product"}],"about":[{"href":"https:\/\/gaiamekanik.com.tr\/en\/wp-json\/wp\/v2\/types\/product"}],"replies":[{"embeddable":true,"href":"https:\/\/gaiamekanik.com.tr\/en\/wp-json\/wp\/v2\/comments?post=5470"}],"version-history":[{"count":2,"href":"https:\/\/gaiamekanik.com.tr\/en\/wp-json\/wp\/v2\/product\/5470\/revisions"}],"predecessor-version":[{"id":5945,"href":"https:\/\/gaiamekanik.com.tr\/en\/wp-json\/wp\/v2\/product\/5470\/revisions\/5945"}],"wp:featuredmedia":[{"embeddable":true,"href":"https:\/\/gaiamekanik.com.tr\/en\/wp-json\/wp\/v2\/media\/5472"}],"wp:attachment":[{"href":"https:\/\/gaiamekanik.com.tr\/en\/wp-json\/wp\/v2\/media?parent=5470"}],"wp:term":[{"taxonomy":"product_brand","embeddable":true,"href":"https:\/\/gaiamekanik.com.tr\/en\/wp-json\/wp\/v2\/product_brand?post=5470"},{"taxonomy":"product_cat","embeddable":true,"href":"https:\/\/gaiamekanik.com.tr\/en\/wp-json\/wp\/v2\/product_cat?post=5470"},{"taxonomy":"product_tag","embeddable":true,"href":"https:\/\/gaiamekanik.com.tr\/en\/wp-json\/wp\/v2\/product_tag?post=5470"}],"curies":[{"name":"wp","href":"https:\/\/api.w.org\/{rel}","templated":true}]}}