{"id":5474,"date":"2025-08-05T16:49:26","date_gmt":"2025-08-05T13:49:26","guid":{"rendered":"https:\/\/gaiamekanik.com.tr\/?post_type=product&#038;p=5474"},"modified":"2025-12-19T15:07:27","modified_gmt":"2025-12-19T12:07:27","slug":"gizli-tavan-tip-ic-uniteler","status":"publish","type":"product","link":"https:\/\/gaiamekanik.com.tr\/en\/product\/gizli-tavan-tip-ic-uniteler\/","title":{"rendered":"CEILING TYPE INDOOR UNITS"},"content":{"rendered":"<p class=\"p1\">\u0130nce Kanal Tipi \u0130\u00e7 \u00dcniteler (AC-DC)<\/p>\n<p class=\"p1\">\u0130nce, Kompakt tasar\u0131m ile Alandan Tasarruf<\/p>\n<p class=\"p1\">Ayarlanabilir Statik Bas\u0131n\u00e7<\/p>\n<p class=\"p1\">Esnek Hava \u00dcfleme ve Emi\u015f Se\u00e7enekleri<\/p>\n<p class=\"p1\">3D Hava Ak\u0131\u015f\u0131<\/p>\n<p class=\"p1\">Ak\u0131ll\u0131 &amp; Hassas S\u0131cakl\u0131k Kontrol\u00fc<\/p>\n<p class=\"p1\">Farkl\u0131 Sens\u00f6rlere Ba\u011flant\u0131 Opsiyonu<\/p>\n<p class=\"p1\">Yeni Geli\u015ftirilmi\u015f E\u011filebilir Filtre ile Montaj Kolayl\u0131\u011f\u0131<\/p>","protected":false},"excerpt":{"rendered":"<p>\u0130nce Kanal Tipi \u0130\u00e7 \u00dcniteler (AC-DC) \u0130nce, Kompakt tasar\u0131m ile Alandan Tasarruf Ayarlanabilir Statik Bas\u0131n\u00e7 Esnek Hava \u00dcfleme ve Emi\u015f Se\u00e7enekleri 3D Hava Ak\u0131\u015f\u0131 Ak\u0131ll\u0131 &amp; Hassas S\u0131cakl\u0131k Kontrol\u00fc Farkl\u0131 Sens\u00f6rlere Ba\u011flant\u0131 Opsiyonu Yeni Geli\u015ftirilmi\u015f E\u011filebilir Filtre ile Montaj Kolayl\u0131\u011f\u0131<\/p>","protected":false},"featured_media":5476,"comment_status":"open","ping_status":"closed","template":"","meta":{"_acf_changed":false,"_monsterinsights_skip_tracking":false,"_monsterinsights_sitenote_active":false,"_monsterinsights_sitenote_note":"","_monsterinsights_sitenote_category":0},"product_brand":[],"product_cat":[48,15],"product_tag":[],"class_list":{"0":"post-5474","1":"product","2":"type-product","3":"status-publish","4":"has-post-thumbnail","6":"product_cat-ic-uniteler","7":"product_cat-vrf-vrv-sistemleri","9":"first","10":"instock","11":"shipping-taxable","12":"product-type-simple"},"acf":[],"aioseo_notices":[],"_links":{"self":[{"href":"https:\/\/gaiamekanik.com.tr\/en\/wp-json\/wp\/v2\/product\/5474","targetHints":{"allow":["GET"]}}],"collection":[{"href":"https:\/\/gaiamekanik.com.tr\/en\/wp-json\/wp\/v2\/product"}],"about":[{"href":"https:\/\/gaiamekanik.com.tr\/en\/wp-json\/wp\/v2\/types\/product"}],"replies":[{"embeddable":true,"href":"https:\/\/gaiamekanik.com.tr\/en\/wp-json\/wp\/v2\/comments?post=5474"}],"version-history":[{"count":3,"href":"https:\/\/gaiamekanik.com.tr\/en\/wp-json\/wp\/v2\/product\/5474\/revisions"}],"predecessor-version":[{"id":5944,"href":"https:\/\/gaiamekanik.com.tr\/en\/wp-json\/wp\/v2\/product\/5474\/revisions\/5944"}],"wp:featuredmedia":[{"embeddable":true,"href":"https:\/\/gaiamekanik.com.tr\/en\/wp-json\/wp\/v2\/media\/5476"}],"wp:attachment":[{"href":"https:\/\/gaiamekanik.com.tr\/en\/wp-json\/wp\/v2\/media?parent=5474"}],"wp:term":[{"taxonomy":"product_brand","embeddable":true,"href":"https:\/\/gaiamekanik.com.tr\/en\/wp-json\/wp\/v2\/product_brand?post=5474"},{"taxonomy":"product_cat","embeddable":true,"href":"https:\/\/gaiamekanik.com.tr\/en\/wp-json\/wp\/v2\/product_cat?post=5474"},{"taxonomy":"product_tag","embeddable":true,"href":"https:\/\/gaiamekanik.com.tr\/en\/wp-json\/wp\/v2\/product_tag?post=5474"}],"curies":[{"name":"wp","href":"https:\/\/api.w.org\/{rel}","templated":true}]}}